{"id":100,"date":"2017-07-10T18:48:31","date_gmt":"2017-07-10T16:48:31","guid":{"rendered":"http:\/\/toplearningexams.fr\/?page_id=100"},"modified":"2024-10-25T13:12:25","modified_gmt":"2024-10-25T11:12:25","slug":"starters","status":"publish","type":"page","link":"https:\/\/toplearningexams.fr\/index.php\/nos-examens\/young-learners\/starters\/","title":{"rendered":"Pre-A1 Starters"},"content":{"rendered":"<p><img data-recalc-dims=\"1\" loading=\"lazy\" decoding=\"async\" data-attachment-id=\"339\" data-permalink=\"https:\/\/toplearningexams.fr\/index.php\/nos-examens\/young-learners\/starters\/monkeywaving_ts_rgb_300ppi\/\" data-orig-file=\"https:\/\/i0.wp.com\/toplearningexams.fr\/wp-content\/uploads\/2017\/07\/MonkeyWaving_TS_RGB_300ppi.png?fit=1535%2C1391&amp;ssl=1\" data-orig-size=\"1535,1391\" data-comments-opened=\"0\" data-image-meta=\"{&quot;aperture&quot;:&quot;0&quot;,&quot;credit&quot;:&quot;&quot;,&quot;camera&quot;:&quot;&quot;,&quot;caption&quot;:&quot;&quot;,&quot;created_timestamp&quot;:&quot;0&quot;,&quot;copyright&quot;:&quot;&quot;,&quot;focal_length&quot;:&quot;0&quot;,&quot;iso&quot;:&quot;0&quot;,&quot;shutter_speed&quot;:&quot;0&quot;,&quot;title&quot;:&quot;&quot;,&quot;orientation&quot;:&quot;0&quot;}\" data-image-title=\"MonkeyWaving_TS_RGB_300ppi\" data-image-description=\"\" data-image-caption=\"\" data-large-file=\"https:\/\/i0.wp.com\/toplearningexams.fr\/wp-content\/uploads\/2017\/07\/MonkeyWaving_TS_RGB_300ppi.png?fit=640%2C580&amp;ssl=1\" class=\"size-medium wp-image-339 aligncenter\" src=\"https:\/\/i0.wp.com\/toplearningexams.fr\/wp-content\/uploads\/2017\/07\/MonkeyWaving_TS_RGB_300ppi-300x272.png?resize=300%2C272\" alt=\"\" width=\"300\" height=\"272\" srcset=\"https:\/\/i0.wp.com\/toplearningexams.fr\/wp-content\/uploads\/2017\/07\/MonkeyWaving_TS_RGB_300ppi.png?resize=300%2C272&amp;ssl=1 300w, https:\/\/i0.wp.com\/toplearningexams.fr\/wp-content\/uploads\/2017\/07\/MonkeyWaving_TS_RGB_300ppi.png?resize=768%2C696&amp;ssl=1 768w, https:\/\/i0.wp.com\/toplearningexams.fr\/wp-content\/uploads\/2017\/07\/MonkeyWaving_TS_RGB_300ppi.png?resize=1024%2C928&amp;ssl=1 1024w, https:\/\/i0.wp.com\/toplearningexams.fr\/wp-content\/uploads\/2017\/07\/MonkeyWaving_TS_RGB_300ppi.png?w=1535&amp;ssl=1 1535w, https:\/\/i0.wp.com\/toplearningexams.fr\/wp-content\/uploads\/2017\/07\/MonkeyWaving_TS_RGB_300ppi.png?w=1280&amp;ssl=1 1280w\" sizes=\"auto, (max-width: 300px) 100vw, 300px\" \/><\/p>\n<h4>Quel est le niveau de l&#8217;examen d&#8217;anglais <em>Pre-A1 Starters<\/em>?<\/h4>\n<p>L&#8217;examen <em>Pre-A1 Starters<\/em> valide le niveau pr\u00e9-A1 du CECR. Il traite de situations quotidiennes.<\/p>\n<h4>Quels sont les composants de l&#8217;examen d&#8217;anglais <em>Pre-A1 Starters<\/em>?<\/h4>\n<p>Le <strong><em>Listening<\/em><\/strong> dure environ <strong>20 minutes<\/strong>, avec 4 parties totalisant 20 questions. Le <strong><em>Reading and Writing<\/em><\/strong> dure \u00e9galement <strong>20 minutes<\/strong>, avec 5 parties totalisant 25 questions. Le <strong><em>Speaking<\/em><\/strong> prend <strong>entre trois et cinq minutes<\/strong> et comprend 5 parties.<\/p>\n<h4>Pr\u00e9parer l&#8217;examen d&#8217;anglais <em>Pre-A1 Starters<\/em><\/h4>\n<p>Pour acc\u00e9der \u00e0 des tests blancs (version papier et ordinateur), voir une vid\u00e9o de Speaking, t\u00e9l\u00e9charger la liste de vocabulaire, voir le guide de l&#8217;examen et acc\u00e9der \u00e0 des activit\u00e9s gratuites, merci de consulter le <a href=\"http:\/\/www.cambridgeenglish.org\/fr\/exams\/young-learners\/starters\/how-to-prepare\/\" target=\"_blank\" rel=\"noopener noreferrer\">site de Cambridge&nbsp; English<\/a> ou <a href=\"http:\/\/toplearningexams.fr\/index.php\/preparer-un-examen-cambridge-english\/for-starters\/\">notre page d\u00e9di\u00e9e<\/a>.<\/p>\n<p>Nous administrons actuellement la version papier du <em>Pre-A1 Starters<\/em>.<\/p>\n<p><a class=\"fasc-button fasc-size-large fasc-type-glossy fasc-rounded-medium\" style=\"background-color: #33809e; color: #ffffff;\" target=\"_blank\" rel=\"noopener noreferrer\" href=\"https:\/\/toplearningexams.fr\/index.php\/inscriptions\/shop\/\">S&#8217;inscrire maintenant<\/a><\/p>\n","protected":false},"excerpt":{"rendered":"<p>Quel est le niveau de l&#8217;examen d&#8217;anglais Pre-A1 Starters? L&#8217;examen Pre-A1 Starters valide le niveau pr\u00e9-A1 du CECR. Il traite de situations quotidiennes. Quels sont les composants de l&#8217;examen d&#8217;anglais Pre-A1 Starters? Le Listening dure environ 20 minutes, avec 4 parties totalisant 20 questions. Le Reading and Writing dure \u00e9galement 20 minutes, avec 5 parties&hellip;<\/p>\n","protected":false},"author":1,"featured_media":0,"parent":94,"menu_order":1,"comment_status":"closed","ping_status":"closed","template":"","meta":{"om_disable_all_campaigns":false,"_monsterinsights_skip_tracking":false,"_monsterinsights_sitenote_active":false,"_monsterinsights_sitenote_note":"","_monsterinsights_sitenote_category":0,"jetpack_post_was_ever_published":false,"footnotes":""},"class_list":["post-100","page","type-page","status-publish","hentry"],"aioseo_notices":[],"jetpack_sharing_enabled":true,"jetpack_shortlink":"https:\/\/wp.me\/P8SRaH-1C","jetpack-related-posts":[],"_links":{"self":[{"href":"https:\/\/toplearningexams.fr\/index.php\/wp-json\/wp\/v2\/pages\/100","targetHints":{"allow":["GET"]}}],"collection":[{"href":"https:\/\/toplearningexams.fr\/index.php\/wp-json\/wp\/v2\/pages"}],"about":[{"href":"https:\/\/toplearningexams.fr\/index.php\/wp-json\/wp\/v2\/types\/page"}],"author":[{"embeddable":true,"href":"https:\/\/toplearningexams.fr\/index.php\/wp-json\/wp\/v2\/users\/1"}],"replies":[{"embeddable":true,"href":"https:\/\/toplearningexams.fr\/index.php\/wp-json\/wp\/v2\/comments?post=100"}],"version-history":[{"count":0,"href":"https:\/\/toplearningexams.fr\/index.php\/wp-json\/wp\/v2\/pages\/100\/revisions"}],"up":[{"embeddable":true,"href":"https:\/\/toplearningexams.fr\/index.php\/wp-json\/wp\/v2\/pages\/94"}],"wp:attachment":[{"href":"https:\/\/toplearningexams.fr\/index.php\/wp-json\/wp\/v2\/media?parent=100"}],"curies":[{"name":"wp","href":"https:\/\/api.w.org\/{rel}","templated":true}]}}