{"id":11637,"date":"2026-01-27T13:35:51","date_gmt":"2026-01-27T12:35:51","guid":{"rendered":"https:\/\/toplearningexams.fr\/?page_id=11637"},"modified":"2026-01-27T13:36:12","modified_gmt":"2026-01-27T12:36:12","slug":"new-linguaskill","status":"publish","type":"page","link":"https:\/\/toplearningexams.fr\/index.php\/nos-examens\/new-linguaskill\/","title":{"rendered":"New Linguaskill"},"content":{"rendered":"<div class=\"wp-block-image\">\n<figure class=\"aligncenter size-full\"><img data-recalc-dims=\"1\" loading=\"lazy\" decoding=\"async\" width=\"500\" height=\"500\" data-attachment-id=\"4352\" data-permalink=\"https:\/\/toplearningexams.fr\/index.php\/nos-examens\/linguaskill\/linguasite\/\" data-orig-file=\"https:\/\/i0.wp.com\/toplearningexams.fr\/wp-content\/uploads\/2023\/03\/LinguaSite.png?fit=500%2C500&amp;ssl=1\" data-orig-size=\"500,500\" data-comments-opened=\"0\" data-image-meta=\"{&quot;aperture&quot;:&quot;0&quot;,&quot;credit&quot;:&quot;&quot;,&quot;camera&quot;:&quot;&quot;,&quot;caption&quot;:&quot;&quot;,&quot;created_timestamp&quot;:&quot;0&quot;,&quot;copyright&quot;:&quot;&quot;,&quot;focal_length&quot;:&quot;0&quot;,&quot;iso&quot;:&quot;0&quot;,&quot;shutter_speed&quot;:&quot;0&quot;,&quot;title&quot;:&quot;&quot;,&quot;orientation&quot;:&quot;0&quot;}\" data-image-title=\"LinguaSite\" data-image-description=\"\" data-image-caption=\"\" data-large-file=\"https:\/\/i0.wp.com\/toplearningexams.fr\/wp-content\/uploads\/2023\/03\/LinguaSite.png?fit=500%2C500&amp;ssl=1\" src=\"https:\/\/i0.wp.com\/toplearningexams.fr\/wp-content\/uploads\/2023\/03\/LinguaSite.png?resize=500%2C500&#038;ssl=1\" alt=\"\" class=\"wp-image-4352\" srcset=\"https:\/\/i0.wp.com\/toplearningexams.fr\/wp-content\/uploads\/2023\/03\/LinguaSite.png?w=500&amp;ssl=1 500w, https:\/\/i0.wp.com\/toplearningexams.fr\/wp-content\/uploads\/2023\/03\/LinguaSite.png?resize=300%2C300&amp;ssl=1 300w, https:\/\/i0.wp.com\/toplearningexams.fr\/wp-content\/uploads\/2023\/03\/LinguaSite.png?resize=150%2C150&amp;ssl=1 150w, https:\/\/i0.wp.com\/toplearningexams.fr\/wp-content\/uploads\/2023\/03\/LinguaSite.png?resize=100%2C100&amp;ssl=1 100w\" sizes=\"auto, (max-width: 500px) 100vw, 500px\" \/><\/figure><\/div>\n\n\n<p>New Linguaskill est un<strong> test modulable et auto-adaptatif <\/strong>sur ordinateur cr\u00e9\u00e9 par Cambridge, destin\u00e9 \u00e0 d\u00e9terminer votre <strong>niveau entre B1 et C2<\/strong>. Il est possible de choisir <strong>deux ou quatre composants<\/strong> (Listening, Reading, Writing, Speaking) et le test existe en version General et Business. Ce test est disponible depuis octobre 2026. Il n&#8217;y a pas de date de fin de validit\u00e9 intrins\u00e8que, chaque \u00e9tablissements \/ soci\u00e9t\u00e9 \u00e9tant libre de d\u00e9finir le d\u00e9lai de passage souhait\u00e9.<\/p>\n\n\n\n<p class=\"has-medium-font-size\"><strong>Modalit\u00e9s pour tous les tests<\/strong><\/p>\n\n\n\n<p><strong>Il faut avoir une pi\u00e8ce d&#8217;identit\u00e9 originale et valide \u00e0 la fois pour l&#8217;inscription au test et le jour du test.<\/strong> Si la m\u00eame pi\u00e8ce d&#8217;identit\u00e9 n&#8217;est pas pr\u00e9sent\u00e9e ou qu&#8217;elle n&#8217;est plus valide, l&#8217;acc\u00e8s au test sera refus\u00e9 sans remboursement.<\/p>\n\n\n\n<p>Nous pouvons faire passer le test New Linguaskill uniquement aux personnes r\u00e9sidant en France, ou capables de prouver qu&#8217;elles vont y r\u00e9sider pour le travail ou les \u00e9tudes. Cela est aussi valable pour les tests \u00e0 distance.<\/p>\n\n\n\n<p class=\"has-medium-font-size\"><strong>Les r\u00e9sultats<\/strong><\/p>\n\n\n\n<p><strong>Les r\u00e9sultats sont disponibles en 3 \u00e0 5 jours pour les tests pass\u00e9s en centre, ou en 5 \u00e0 8 jours pour les tests pass\u00e9s \u00e0 distance.<\/strong> Les candidats y acc\u00e8dent directement et peuvent g\u00e9n\u00e9rer leur attestation ou partager leurs r\u00e9sultats \u00e0 partir de la plateforme en ligne. Un service de v\u00e9rification des r\u00e9sultats est propos\u00e9 par Cambridge.<\/p>\n\n\n\n<p class=\"has-medium-font-size\"><strong>Tests en centre<\/strong><\/p>\n\n\n\n<p>Le test est surveill\u00e9 \u00e0 la fois par un surveillant humain et par une Intelligence Artificielle en centre. A distance, c&#8217;est l&#8217;Intelligence Artificielle qui assure la surveillance avec une v\u00e9rification humaine ensuite. Des photos sont prises \u00e0 intervalles r\u00e9guliers et une photo appara\u00eet sur le certificat. <\/p>\n\n\n\n<p>Nous disposons de centres d&#8217;examen \u00e0 Aix-en-Provence, Angers, Antony, Belfort, Besan\u00e7on, B\u00e9ziers, Bordeaux, Brest, Cergy, Ch\u00e2lons-sur-Sa\u00f4ne, Clermont-Ferrand, Colmar, Dijon, Guyancourt, Laval, Lorient, Marseille, M\u00e9rignac, Metz, Montpellier, Mulhouse, Perpignan, Rennes, Toulon, Valence, Vannes.<\/p>\n\n\n\n<p class=\"has-medium-font-size\"><strong>Tests \u00e0 distance<\/strong> (disponibles courant 2026)<\/p>\n\n\n\n<p>Pour les tests \u00e0 distance, il faut : <\/p>\n\n\n\n<ul class=\"wp-block-list\">\n<li>installer le navigateur s\u00e9curis\u00e9 de Cambridge sur votre ordinateur et faire une v\u00e9rification au plus tard la veille du test,<\/li>\n\n\n\n<li>avoir un casque couvrant les oreilles, avec un micro sur tige (pas d&#8217;\u00e9couteurs ou de micro sur le fil des \u00e9couteurs, ou de micro int\u00e9gr\u00e9 \u00e0 l&#8217;ordinateur), avec une connexion filaire (pas de Bluetooth),<\/li>\n\n\n\n<li>\u00eatre dans une salle sans anglais au mur et sans risque qu&#8217;une autre personne entre pendant le test,<\/li>\n\n\n\n<li>s&#8217;inscrire sur&#8230; , le centre d&#8217;examen vous contactera pour fixer la date et l&#8217;heure du test (d\u00e9lai de 8 jours minimum, pendant les horaires de bureau pour avoir un support en cas d&#8217;incidents). <\/li>\n<\/ul>\n\n\n\n<p class=\"has-medium-font-size\"><strong>Inscriptions en centre<\/strong><\/p>\n\n\n\n<p>Pour les tests en centre, merci de remplir le formulaire ci-dessous, le centre d&#8217;examen vous contactera rapidement pour vous renseigner sur les dates disponibles :<\/p>\n\n\n<div class=\"wp-block-jetpack-contact-form is-layout-flex wp-container-jetpack-contact-form-is-layout-faa3ad1c wp-block-contact-form-is-layout-flex\"><a href=\"https:\/\/toplearningexams.fr\/index.php\/nos-examens\/new-linguaskill\/\" target=\"_blank\" rel=\"noopener noreferrer\">Submit a form.<\/a><\/div>","protected":false},"excerpt":{"rendered":"<p>New Linguaskill est un test modulable et auto-adaptatif sur ordinateur cr\u00e9\u00e9 par Cambridge, destin\u00e9 \u00e0 d\u00e9terminer votre niveau entre B1 et C2. Il est possible de choisir deux ou quatre composants (Listening, Reading, Writing, Speaking) et le test existe en version General et Business. Ce test est disponible depuis octobre 2026. Il n&#8217;y a pas&hellip;<\/p>\n","protected":false},"author":1,"featured_media":0,"parent":39,"menu_order":0,"comment_status":"closed","ping_status":"closed","template":"","meta":{"om_disable_all_campaigns":false,"_monsterinsights_skip_tracking":false,"_monsterinsights_sitenote_active":false,"_monsterinsights_sitenote_note":"","_monsterinsights_sitenote_category":0,"jetpack_post_was_ever_published":false,"footnotes":""},"class_list":["post-11637","page","type-page","status-publish","hentry"],"aioseo_notices":[],"jetpack_sharing_enabled":true,"jetpack_shortlink":"https:\/\/wp.me\/P8SRaH-31H","jetpack-related-posts":[],"_links":{"self":[{"href":"https:\/\/toplearningexams.fr\/index.php\/wp-json\/wp\/v2\/pages\/11637","targetHints":{"allow":["GET"]}}],"collection":[{"href":"https:\/\/toplearningexams.fr\/index.php\/wp-json\/wp\/v2\/pages"}],"about":[{"href":"https:\/\/toplearningexams.fr\/index.php\/wp-json\/wp\/v2\/types\/page"}],"author":[{"embeddable":true,"href":"https:\/\/toplearningexams.fr\/index.php\/wp-json\/wp\/v2\/users\/1"}],"replies":[{"embeddable":true,"href":"https:\/\/toplearningexams.fr\/index.php\/wp-json\/wp\/v2\/comments?post=11637"}],"version-history":[{"count":0,"href":"https:\/\/toplearningexams.fr\/index.php\/wp-json\/wp\/v2\/pages\/11637\/revisions"}],"up":[{"embeddable":true,"href":"https:\/\/toplearningexams.fr\/index.php\/wp-json\/wp\/v2\/pages\/39"}],"wp:attachment":[{"href":"https:\/\/toplearningexams.fr\/index.php\/wp-json\/wp\/v2\/media?parent=11637"}],"curies":[{"name":"wp","href":"https:\/\/api.w.org\/{rel}","templated":true}]}}