{"id":118,"date":"2017-07-11T16:39:29","date_gmt":"2017-07-11T14:39:29","guid":{"rendered":"http:\/\/toplearningexams.fr\/?page_id=118"},"modified":"2024-10-25T13:13:11","modified_gmt":"2024-10-25T11:13:11","slug":"movers","status":"publish","type":"page","link":"https:\/\/toplearningexams.fr\/index.php\/nos-examens\/young-learners\/movers\/","title":{"rendered":"A1 Movers"},"content":{"rendered":"<p><img data-recalc-dims=\"1\" loading=\"lazy\" decoding=\"async\" data-attachment-id=\"338\" data-permalink=\"https:\/\/toplearningexams.fr\/index.php\/nos-examens\/young-learners\/starters\/monkey_balloonsbunchl_3col_rgb_300ppi\/\" data-orig-file=\"https:\/\/i0.wp.com\/toplearningexams.fr\/wp-content\/uploads\/2017\/07\/Monkey_BalloonsBunchL_3col_RGB_300ppi.png?fit=484%2C709&amp;ssl=1\" data-orig-size=\"484,709\" data-comments-opened=\"0\" data-image-meta=\"{&quot;aperture&quot;:&quot;0&quot;,&quot;credit&quot;:&quot;&quot;,&quot;camera&quot;:&quot;&quot;,&quot;caption&quot;:&quot;&quot;,&quot;created_timestamp&quot;:&quot;0&quot;,&quot;copyright&quot;:&quot;&quot;,&quot;focal_length&quot;:&quot;0&quot;,&quot;iso&quot;:&quot;0&quot;,&quot;shutter_speed&quot;:&quot;0&quot;,&quot;title&quot;:&quot;&quot;,&quot;orientation&quot;:&quot;0&quot;}\" data-image-title=\"Monkey_BalloonsBunchL_3col_RGB_300ppi\" data-image-description=\"\" data-image-caption=\"\" data-large-file=\"https:\/\/i0.wp.com\/toplearningexams.fr\/wp-content\/uploads\/2017\/07\/Monkey_BalloonsBunchL_3col_RGB_300ppi.png?fit=484%2C709&amp;ssl=1\" class=\"size-medium wp-image-338 aligncenter\" src=\"https:\/\/i0.wp.com\/toplearningexams.fr\/wp-content\/uploads\/2017\/07\/Monkey_BalloonsBunchL_3col_RGB_300ppi-205x300.png?resize=205%2C300\" alt=\"\" width=\"205\" height=\"300\" srcset=\"https:\/\/i0.wp.com\/toplearningexams.fr\/wp-content\/uploads\/2017\/07\/Monkey_BalloonsBunchL_3col_RGB_300ppi.png?resize=205%2C300&amp;ssl=1 205w, https:\/\/i0.wp.com\/toplearningexams.fr\/wp-content\/uploads\/2017\/07\/Monkey_BalloonsBunchL_3col_RGB_300ppi.png?w=484&amp;ssl=1 484w\" sizes=\"auto, (max-width: 205px) 100vw, 205px\" \/><\/p>\n<h4>Quel est le niveau de l&#8217;examen d&#8217;anglais <em>A1 Movers<\/em>?<\/h4>\n<p>L&#8217;examen <em>A1 Movers<\/em> valide le niveau d\u00e9butant A1 du CECR, niveau attendu par l&#8217;\u00e9ducation nationale en fin de primaire, en sixi\u00e8me.<\/p>\n<p><strong>Quels sont les composants de l&#8217;examen d&#8217;anglais <em>A1 Movers<\/em>?<\/strong><\/p>\n<p>Le <strong><em>Listening<\/em><\/strong> dure environ <strong>25 minutes<\/strong>, avec 5 parties totalisant 25 questions. Le <strong><em>Reading and Writing<\/em><\/strong> dure <strong>30 minutes<\/strong>, avec 6 parties totalisant 40 questions. Le <strong><em>Speaking<\/em><\/strong> prend <strong>entre 5 et 7 minutes<\/strong> et comprend 4 parties.<\/p>\n<h4>Pr\u00e9parer l&#8217;examen d&#8217;anglais <em>A1 Movers<\/em><\/h4>\n<p>Pour acc\u00e9der \u00e0 des tests blancs (version papier et ordinateur), voir une vid\u00e9o de <em>Speaking<\/em>, t\u00e9l\u00e9charger la liste de vocabulaire, voir le guide de l\u2019examen et acc\u00e9der \u00e0 des activit\u00e9s gratuites, merci de consulter le <a href=\"http:\/\/www.cambridgeenglish.org\/fr\/exams\/young-learners\/movers\/how-to-prepare\/\" target=\"_blank\" rel=\"noopener noreferrer\">site de Cambridge English<\/a>&nbsp;ou <a href=\"http:\/\/toplearningexams.fr\/index.php\/preparer-un-examen-cambridge-english\/for-movers\/\">notre page d\u00e9di\u00e9e.<\/a><\/p>\n<p>Nous administrons actuellement la version papier du <em>A1 Movers<\/em>.<\/p>\n<p><a class=\"fasc-button fasc-size-large fasc-type-glossy fasc-rounded-medium\" style=\"background-color: #33809e; color: #ffffff;\" target=\"_blank\" rel=\"noopener noreferrer\" href=\"https:\/\/toplearningexams.fr\/index.php\/inscriptions\/shop\/\">S&#8217;inscrire maintenant<\/a><\/p>\n","protected":false},"excerpt":{"rendered":"<p>Quel est le niveau de l&#8217;examen d&#8217;anglais A1 Movers? L&#8217;examen A1 Movers valide le niveau d\u00e9butant A1 du CECR, niveau attendu par l&#8217;\u00e9ducation nationale en fin de primaire, en sixi\u00e8me. Quels sont les composants de l&#8217;examen d&#8217;anglais A1 Movers? Le Listening dure environ 25 minutes, avec 5 parties totalisant 25 questions. Le Reading and Writing&hellip;<\/p>\n","protected":false},"author":1,"featured_media":0,"parent":94,"menu_order":2,"comment_status":"closed","ping_status":"closed","template":"","meta":{"om_disable_all_campaigns":false,"_monsterinsights_skip_tracking":false,"_monsterinsights_sitenote_active":false,"_monsterinsights_sitenote_note":"","_monsterinsights_sitenote_category":0,"jetpack_post_was_ever_published":false,"footnotes":""},"class_list":["post-118","page","type-page","status-publish","hentry"],"aioseo_notices":[],"jetpack_sharing_enabled":true,"jetpack_shortlink":"https:\/\/wp.me\/P8SRaH-1U","jetpack-related-posts":[],"_links":{"self":[{"href":"https:\/\/toplearningexams.fr\/index.php\/wp-json\/wp\/v2\/pages\/118","targetHints":{"allow":["GET"]}}],"collection":[{"href":"https:\/\/toplearningexams.fr\/index.php\/wp-json\/wp\/v2\/pages"}],"about":[{"href":"https:\/\/toplearningexams.fr\/index.php\/wp-json\/wp\/v2\/types\/page"}],"author":[{"embeddable":true,"href":"https:\/\/toplearningexams.fr\/index.php\/wp-json\/wp\/v2\/users\/1"}],"replies":[{"embeddable":true,"href":"https:\/\/toplearningexams.fr\/index.php\/wp-json\/wp\/v2\/comments?post=118"}],"version-history":[{"count":0,"href":"https:\/\/toplearningexams.fr\/index.php\/wp-json\/wp\/v2\/pages\/118\/revisions"}],"up":[{"embeddable":true,"href":"https:\/\/toplearningexams.fr\/index.php\/wp-json\/wp\/v2\/pages\/94"}],"wp:attachment":[{"href":"https:\/\/toplearningexams.fr\/index.php\/wp-json\/wp\/v2\/media?parent=118"}],"curies":[{"name":"wp","href":"https:\/\/api.w.org\/{rel}","templated":true}]}}