{"id":140,"date":"2017-07-11T18:49:01","date_gmt":"2017-07-11T16:49:01","guid":{"rendered":"http:\/\/toplearningexams.fr\/?page_id=140"},"modified":"2024-10-25T14:11:44","modified_gmt":"2024-10-25T12:11:44","slug":"for-flyers","status":"publish","type":"page","link":"https:\/\/toplearningexams.fr\/index.php\/preparer-un-examen-cambridge-english\/for-flyers\/","title":{"rendered":"Pour le A2 Flyers"},"content":{"rendered":"<p>Cambridge English a mis en ligne plusieurs ressources anglophones pour pr\u00e9parer l&#8217;examen :<\/p>\n<ul>\n<li>un <a href=\"http:\/\/www.cambridgeenglish.org\/fr\/Images\/flyers-sample-papers-2018-vol1.pdf\" target=\"_blank\" rel=\"noopener\">test blanc<\/a> (le lien vers l&#8217;audio est donn\u00e9 dans le pdf)<\/li>\n<li>une <a href=\"http:\/\/www.cambridgeenglish.org\/fr\/Images\/351851-yle-flyers-word-list-2018.pdf\" target=\"_blank\" rel=\"noopener\">liste de vocabulaire<\/a> (mise \u00e0 jour pour la nouvelle version de 2018) et un <a href=\"http:\/\/www.cambridgeenglish.org\/fr\/Images\/245852-yle-flyers-word-list-picture-book.pdf\" target=\"_blank\" rel=\"noopener\">imagier<\/a><\/li>\n<li>une <a href=\"http:\/\/www.youtube.com\/watch?v=KTW5EM6WEGo\" target=\"_blank\" rel=\"noopener\">vid\u00e9o<\/a> du <em>Speaking<\/em> avec <a href=\"http:\/\/www.cambridgeenglish.org\/fr\/Images\/150842-cambridge-english-flyers-speaking-commentary.pdf\" target=\"_blank\" rel=\"noopener\">commentaire<\/a>, pour d\u00e9dramatiser la situation en la montrant aux candidats et pour expliquer ce \u00e0 quoi les <em>Speaking Examiners<\/em> portent une attention particuli\u00e8re<\/li>\n<li>des <a href=\"http:\/\/www.cambridgeenglish.org\/learning-english\/parents-and-children\/activities-for-children\/a2-level\/\" target=\"_blank\" rel=\"noopener\">activit\u00e9s ludiques<\/a><\/li>\n<li>un <a href=\"http:\/\/www.cambridgeenglish.org\/fr\/Images\/153312-yle-information-for-candidates.pdf\" target=\"_blank\" rel=\"noopener\">guide de l&#8217;examen<\/a><\/li>\n<li>une <a href=\"http:\/\/www.cambridgeenglish.org\/fr\/Images\/251503-cambridge-english-flyers-faqs.pdf\" target=\"_blank\" rel=\"noopener\">foire aux questions<\/a><\/li>\n<li>une <a href=\"http:\/\/www.cambridge.org\/fr\/cambridgeenglish\/catalog\/cambridge-english-exams-ielts?layout=listing&amp;webSubjects%5B%5D=Cambridge+English+Exams+%26+IELTS&amp;exam%5B%5D=Cambridge%2BEnglish%253A%2BYoung%2BLearners%2B%2528YLE%2529&amp;sortOrder=family_pubDate_%5Bdesc%5D&amp;openOptions[]=facet_webSubjects&amp;openOptions[]=facet_lvar&amp;openOptions[]=facet_brand&amp;openOptions[]=facet_format&amp;openOptions[]=facet_exam&amp;openOptions[]=facet_cef\" target=\"_blank\" rel=\"noopener\">liste de livres<\/a> permettant de pr\u00e9parer l&#8217;examen<\/li>\n<\/ul>\n<p>Toutes ces ressources (sauf les livres) sont gratuites.<\/p>\n<p>Certaines \u00e9coles proposent des pr\u00e9parations p\u00e9riscolaires (dans la r\u00e9gion d&#8217;Aix-en-Provence, Marseille, Salon-de-Provence et Saint-R\u00e9my). Vous les trouverez sur la page d\u00e9di\u00e9e \u00e0 <a href=\"http:\/\/toplearningexams.fr\/index.php\/preparer-un-examen-cambridge-english\/nos-partenaires\/\">nos partenaires<\/a>.<\/p>\n","protected":false},"excerpt":{"rendered":"<p>Cambridge English a mis en ligne plusieurs ressources anglophones pour pr\u00e9parer l&#8217;examen : un test blanc (le lien vers l&#8217;audio est donn\u00e9 dans le pdf) une liste de vocabulaire (mise \u00e0 jour pour la nouvelle version de 2018) et un imagier une vid\u00e9o du Speaking avec commentaire, pour d\u00e9dramatiser la situation en la montrant aux&hellip;<\/p>\n","protected":false},"author":1,"featured_media":0,"parent":88,"menu_order":3,"comment_status":"closed","ping_status":"closed","template":"","meta":{"_bbp_topic_count":0,"_bbp_reply_count":0,"_bbp_total_topic_count":0,"_bbp_total_reply_count":0,"_bbp_voice_count":0,"_bbp_anonymous_reply_count":0,"_bbp_topic_count_hidden":0,"_bbp_reply_count_hidden":0,"_bbp_forum_subforum_count":0,"om_disable_all_campaigns":false,"_monsterinsights_skip_tracking":false,"_monsterinsights_sitenote_active":false,"_monsterinsights_sitenote_note":"","_monsterinsights_sitenote_category":0,"jetpack_post_was_ever_published":false,"footnotes":""},"class_list":["post-140","page","type-page","status-publish","hentry"],"aioseo_notices":[],"jetpack_sharing_enabled":true,"jetpack_shortlink":"https:\/\/wp.me\/P8SRaH-2g","jetpack-related-posts":[],"_links":{"self":[{"href":"https:\/\/toplearningexams.fr\/index.php\/wp-json\/wp\/v2\/pages\/140","targetHints":{"allow":["GET"]}}],"collection":[{"href":"https:\/\/toplearningexams.fr\/index.php\/wp-json\/wp\/v2\/pages"}],"about":[{"href":"https:\/\/toplearningexams.fr\/index.php\/wp-json\/wp\/v2\/types\/page"}],"author":[{"embeddable":true,"href":"https:\/\/toplearningexams.fr\/index.php\/wp-json\/wp\/v2\/users\/1"}],"replies":[{"embeddable":true,"href":"https:\/\/toplearningexams.fr\/index.php\/wp-json\/wp\/v2\/comments?post=140"}],"version-history":[{"count":0,"href":"https:\/\/toplearningexams.fr\/index.php\/wp-json\/wp\/v2\/pages\/140\/revisions"}],"up":[{"embeddable":true,"href":"https:\/\/toplearningexams.fr\/index.php\/wp-json\/wp\/v2\/pages\/88"}],"wp:attachment":[{"href":"https:\/\/toplearningexams.fr\/index.php\/wp-json\/wp\/v2\/media?parent=140"}],"curies":[{"name":"wp","href":"https:\/\/api.w.org\/{rel}","templated":true}]}}