{"id":142,"date":"2017-07-11T18:53:13","date_gmt":"2017-07-11T16:53:13","guid":{"rendered":"http:\/\/toplearningexams.fr\/?page_id=142"},"modified":"2024-10-25T13:13:49","modified_gmt":"2024-10-25T11:13:49","slug":"flyers","status":"publish","type":"page","link":"https:\/\/toplearningexams.fr\/index.php\/nos-examens\/young-learners\/flyers\/","title":{"rendered":"A2 Flyers"},"content":{"rendered":"<p>&nbsp;<\/p>\n<p><img data-recalc-dims=\"1\" loading=\"lazy\" decoding=\"async\" data-attachment-id=\"336\" data-permalink=\"https:\/\/toplearningexams.fr\/index.php\/nos-examens\/young-learners\/starters\/monkeycrates_rgb_300ppi\/\" data-orig-file=\"https:\/\/i0.wp.com\/toplearningexams.fr\/wp-content\/uploads\/2017\/07\/MonkeyCrates_RGB_300ppi.png?fit=461%2C341&amp;ssl=1\" data-orig-size=\"461,341\" data-comments-opened=\"0\" data-image-meta=\"{&quot;aperture&quot;:&quot;0&quot;,&quot;credit&quot;:&quot;&quot;,&quot;camera&quot;:&quot;&quot;,&quot;caption&quot;:&quot;&quot;,&quot;created_timestamp&quot;:&quot;0&quot;,&quot;copyright&quot;:&quot;&quot;,&quot;focal_length&quot;:&quot;0&quot;,&quot;iso&quot;:&quot;0&quot;,&quot;shutter_speed&quot;:&quot;0&quot;,&quot;title&quot;:&quot;&quot;,&quot;orientation&quot;:&quot;0&quot;}\" data-image-title=\"MonkeyCrates_RGB_300ppi\" data-image-description=\"\" data-image-caption=\"\" data-medium-file=\"https:\/\/i0.wp.com\/toplearningexams.fr\/wp-content\/uploads\/2017\/07\/MonkeyCrates_RGB_300ppi.png?fit=300%2C222&amp;ssl=1\" data-large-file=\"https:\/\/i0.wp.com\/toplearningexams.fr\/wp-content\/uploads\/2017\/07\/MonkeyCrates_RGB_300ppi.png?fit=461%2C341&amp;ssl=1\" class=\"size-medium wp-image-336 aligncenter\" src=\"https:\/\/i0.wp.com\/toplearningexams.fr\/wp-content\/uploads\/2017\/07\/MonkeyCrates_RGB_300ppi-300x222.png?resize=300%2C222\" alt=\"\" width=\"300\" height=\"222\" srcset=\"https:\/\/i0.wp.com\/toplearningexams.fr\/wp-content\/uploads\/2017\/07\/MonkeyCrates_RGB_300ppi.png?resize=300%2C222&amp;ssl=1 300w, https:\/\/i0.wp.com\/toplearningexams.fr\/wp-content\/uploads\/2017\/07\/MonkeyCrates_RGB_300ppi.png?w=461&amp;ssl=1 461w\" sizes=\"auto, (max-width: 300px) 100vw, 300px\" \/><\/p>\n<h4>Quel est le niveau de l&#8217;examen d&#8217;anglais <em>A2 Flyers<\/em>?<\/h4>\n<p>L&#8217;examen <em>A2 Flyers<\/em> valide le niveau d\u00e9butant A2 du CECR, niveau attendu par l&#8217;\u00e9ducation nationale en fin de troisi\u00e8me.<\/p>\n<h4>Quels sont les composants de l&#8217;examen d&#8217;anglais <em>A2 Flyers<\/em>?<\/h4>\n<p>Le <strong><em>Listening<\/em><\/strong> dure environ <strong>25 minutes<\/strong>, avec 5 parties totalisant 25 questions. Le <strong><em>Reading and Writing<\/em><\/strong> dure <strong>40 minutes<\/strong>, avec 7 parties totalisant 50 questions. Le <strong><em>Speaking<\/em><\/strong> prend <strong>entre 7 et 9 minutes<\/strong> et comprend 4 parties.<\/p>\n<h4>Pr\u00e9parer l&#8217;examen d&#8217;anglais <em>A2 Flyers<\/em><\/h4>\n<p>Pour acc\u00e9der \u00e0 des tests blancs (version papier et ordinateur), voir une vid\u00e9o de <em>Speaking<\/em>, t\u00e9l\u00e9charger la liste de vocabulaire, voir le guide de l\u2019examen et acc\u00e9der \u00e0 des activit\u00e9s gratuites, merci de consulter le <a href=\"http:\/\/www.cambridgeenglish.org\/fr\/exams\/young-learners\/flyers\/how-to-prepare\/\" target=\"_blank\" rel=\"noopener noreferrer\">site de Cambridge English<\/a>&nbsp;ou <a href=\"http:\/\/toplearningexams.fr\/index.php\/preparer-un-examen-cambridge-english\/for-flyers\/\">notre page d\u00e9di\u00e9e.<\/a><\/p>\n<p>Nous administrons actuellement la version papier du <em>A2 Flyers<\/em>.<\/p>\n<p><a class=\"fasc-button fasc-size-medium fasc-type-flat\" style=\"background-color: #33809e; color: #ffffff;\" target=\"_blank\" rel=\"noopener noreferrer\" href=\"https:\/\/toplearningexams.fr\/index.php\/inscriptions\/shop\/\">S&#8217;inscrire maintenant<\/a><\/p>\n","protected":false},"excerpt":{"rendered":"<p>&nbsp; Quel est le niveau de l&#8217;examen d&#8217;anglais A2 Flyers? L&#8217;examen A2 Flyers valide le niveau d\u00e9butant A2 du CECR, niveau attendu par l&#8217;\u00e9ducation nationale en fin de troisi\u00e8me. Quels sont les composants de l&#8217;examen d&#8217;anglais A2 Flyers? Le Listening dure environ 25 minutes, avec 5 parties totalisant 25 questions. Le Reading and Writing dure&hellip;<\/p>\n","protected":false},"author":1,"featured_media":0,"parent":94,"menu_order":3,"comment_status":"closed","ping_status":"closed","template":"","meta":{"_bbp_topic_count":0,"_bbp_reply_count":0,"_bbp_total_topic_count":0,"_bbp_total_reply_count":0,"_bbp_voice_count":0,"_bbp_anonymous_reply_count":0,"_bbp_topic_count_hidden":0,"_bbp_reply_count_hidden":0,"_bbp_forum_subforum_count":0,"om_disable_all_campaigns":false,"_monsterinsights_skip_tracking":false,"_monsterinsights_sitenote_active":false,"_monsterinsights_sitenote_note":"","_monsterinsights_sitenote_category":0,"jetpack_post_was_ever_published":false,"footnotes":""},"class_list":["post-142","page","type-page","status-publish","hentry"],"aioseo_notices":[],"jetpack_sharing_enabled":true,"jetpack_shortlink":"https:\/\/wp.me\/P8SRaH-2i","jetpack-related-posts":[],"_links":{"self":[{"href":"https:\/\/toplearningexams.fr\/index.php\/wp-json\/wp\/v2\/pages\/142","targetHints":{"allow":["GET"]}}],"collection":[{"href":"https:\/\/toplearningexams.fr\/index.php\/wp-json\/wp\/v2\/pages"}],"about":[{"href":"https:\/\/toplearningexams.fr\/index.php\/wp-json\/wp\/v2\/types\/page"}],"author":[{"embeddable":true,"href":"https:\/\/toplearningexams.fr\/index.php\/wp-json\/wp\/v2\/users\/1"}],"replies":[{"embeddable":true,"href":"https:\/\/toplearningexams.fr\/index.php\/wp-json\/wp\/v2\/comments?post=142"}],"version-history":[{"count":0,"href":"https:\/\/toplearningexams.fr\/index.php\/wp-json\/wp\/v2\/pages\/142\/revisions"}],"up":[{"embeddable":true,"href":"https:\/\/toplearningexams.fr\/index.php\/wp-json\/wp\/v2\/pages\/94"}],"wp:attachment":[{"href":"https:\/\/toplearningexams.fr\/index.php\/wp-json\/wp\/v2\/media?parent=142"}],"curies":[{"name":"wp","href":"https:\/\/api.w.org\/{rel}","templated":true}]}}