{"id":163,"date":"2017-07-13T15:39:21","date_gmt":"2017-07-13T13:39:21","guid":{"rendered":"http:\/\/toplearningexams.fr\/?page_id=163"},"modified":"2024-10-25T13:17:21","modified_gmt":"2024-10-25T11:17:21","slug":"key","status":"publish","type":"page","link":"https:\/\/toplearningexams.fr\/index.php\/nos-examens\/key\/","title":{"rendered":"A2 Key for School"},"content":{"rendered":"<h4>Quel est le niveau de l&#8217;examen d&#8217;anglais <em>A2 Key for School<\/em>?<\/h4>\n<p>Anciennement connu sous le nom de KET, l&#8217;examen valide le <strong>niveau A2 du CECR (attendu en fin de coll\u00e8ge par l&#8217;Education Nationale)<\/strong>. Il montre que le candidat est capable de se pr\u00e9senter, d&#8217;utiliser l&#8217;anglais dans des situations du quotidien et de parler avec un interlocuteur qui s&#8217;exprime lentement et clairement. Pr\u00e9senter le <em>A2 Key for School<\/em>, c&#8217;est montrer qu&#8217;on est sur la bonne voie en mati\u00e8re d&#8217;apprentissage de l&#8217;anglais.<\/p>\n<p>Le A2 Key for School a \u00e9t\u00e9 repens\u00e9<strong> \u00e0 partir de janvier 2020. <\/strong>C&#8217;est cette version qui est d\u00e9taill\u00e9e ci-dessous.<\/p>\n<h4>Quels sont les composants de l&#8217;examen d&#8217;anglais <em>A2 Key for School<\/em>?<\/h4>\n<p>Le <strong><em>Reading and Writing<\/em><\/strong> dure <strong>1h<\/strong>, avec 5 parties totalisant 30 questions et valant <strong>50% de la note<\/strong> finale. Le <strong><em>Listening<\/em><\/strong> dure <strong>30 minutes<\/strong>, avec 5 parties totalisant 25 questions et valant <strong>25% de la note<\/strong> finale. Le <strong><em>Speaking<\/em><\/strong> prend <strong>entre 8 et 10&nbsp; minutes<\/strong> et comprend 2 parties valant <strong>25% de la note<\/strong> finale.<\/p>\n<p>Pour cet examen, <strong>le <em>Speaking<\/em> se fait en paire<\/strong> : deux candidats sont face \u00e0 deux examinateurs, l&#8217;un prend des notes et l&#8217;autre parle avec les candidats. Les candidats sont amen\u00e9s \u00e0 parler entre eux ainsi qu&#8217;avec l&#8217;examinateur.<\/p>\n<h4>Pr\u00e9parer l&#8217;examen d&#8217;anglais <em>A2 Key for School<br \/>\n<\/em><\/h4>\n<p>Pour acc\u00e9der \u00e0 des tests blancs (version papier et ordinateur), voir une vid\u00e9o de <em>Speaking<\/em>, t\u00e9l\u00e9charger la liste de vocabulaire, voir le guide de l&#8217;examen et acc\u00e9der \u00e0 des activit\u00e9s gratuites, merci de consulter le <a href=\"http:\/\/www.cambridgeenglish.org\/fr\/exams\/key\/how-to-prepare\/\" target=\"_blank\" rel=\"noopener noreferrer\">site de Cambridge English<\/a> ou <a href=\"http:\/\/toplearningexams.fr\/index.php\/preparer-un-examen-cambridge-english\/pour-le-key\/\">notre page d\u00e9di\u00e9e<\/a> au <em>A2 Key for School<\/em>.<\/p>\n<p>Nous proposons \u00e9galement une pr\u00e9paration (en groupe ou individuelle) \u00e0 partir du mois d&#8217;octobre. Les cours auront lieu une fois par semaine hors vacances scolaires sous r\u00e9serve d&#8217;un nombre minimum d&#8217;inscrits. Pour en savoir plus, merci de <a href=\"http:\/\/toplearningexams.fr\/index.php\/contact\/\">nous contacter<\/a> pour qu&#8217;un de nos consultants revienne vers vous.<\/p>\n<p><strong>Comment passer l&#8217;examen d&#8217;anglais <em>A2 Key for School <\/em>?<\/strong><\/p>\n<p>Nous administrons actuellement la version papier et la version digitale (mais toujours en pr\u00e9sentiel) du <em>A2 Key for School<\/em>.<\/p>\n<p><strong>Le <em>A2 Key<\/em> <em>for School <\/em>a lieu en mai et\/ou juin<\/strong>. Il peut \u00e9galement y avoir des sessions en octobre\/novembre ou f\u00e9vrier\/mars selon le nombre de demandes. Les dates et lieux sont indiqu\u00e9s sur la page d\u00e9di\u00e9e aux <a href=\"http:\/\/toplearningexams.fr\/index.php\/inscriptions\/\">inscriptions<\/a> et vous pouvez vous inscrire en s\u00e9lectionnant la session de votre choix dans notre <a href=\"https:\/\/toplearningexams.fr\/index.php\/inscriptions\/shop\/\" target=\"_blank\" rel=\"noopener\">Shop<\/a>.<\/p>\n<p><a class=\"fasc-button fasc-size-large fasc-type-glossy fasc-rounded-medium\" style=\"background-color: #33809e; color: #ffffff;\" target=\"_blank\" rel=\"noopener noreferrer\" href=\"https:\/\/toplearningexams.fr\/index.php\/inscriptions\/shop\/\">S&#8217;inscrire maintenant<\/a><\/p>\n","protected":false},"excerpt":{"rendered":"<p>Quel est le niveau de l&#8217;examen d&#8217;anglais A2 Key for School? Anciennement connu sous le nom de KET, l&#8217;examen valide le niveau A2 du CECR (attendu en fin de coll\u00e8ge par l&#8217;Education Nationale). Il montre que le candidat est capable de se pr\u00e9senter, d&#8217;utiliser l&#8217;anglais dans des situations du quotidien et de parler avec un&hellip;<\/p>\n","protected":false},"author":1,"featured_media":0,"parent":39,"menu_order":2,"comment_status":"closed","ping_status":"closed","template":"","meta":{"_bbp_topic_count":0,"_bbp_reply_count":0,"_bbp_total_topic_count":0,"_bbp_total_reply_count":0,"_bbp_voice_count":0,"_bbp_anonymous_reply_count":0,"_bbp_topic_count_hidden":0,"_bbp_reply_count_hidden":0,"_bbp_forum_subforum_count":0,"om_disable_all_campaigns":false,"_monsterinsights_skip_tracking":false,"_monsterinsights_sitenote_active":false,"_monsterinsights_sitenote_note":"","_monsterinsights_sitenote_category":0,"jetpack_post_was_ever_published":false,"footnotes":""},"class_list":["post-163","page","type-page","status-publish","hentry"],"aioseo_notices":[],"jetpack_sharing_enabled":true,"jetpack_shortlink":"https:\/\/wp.me\/P8SRaH-2D","jetpack-related-posts":[],"_links":{"self":[{"href":"https:\/\/toplearningexams.fr\/index.php\/wp-json\/wp\/v2\/pages\/163","targetHints":{"allow":["GET"]}}],"collection":[{"href":"https:\/\/toplearningexams.fr\/index.php\/wp-json\/wp\/v2\/pages"}],"about":[{"href":"https:\/\/toplearningexams.fr\/index.php\/wp-json\/wp\/v2\/types\/page"}],"author":[{"embeddable":true,"href":"https:\/\/toplearningexams.fr\/index.php\/wp-json\/wp\/v2\/users\/1"}],"replies":[{"embeddable":true,"href":"https:\/\/toplearningexams.fr\/index.php\/wp-json\/wp\/v2\/comments?post=163"}],"version-history":[{"count":0,"href":"https:\/\/toplearningexams.fr\/index.php\/wp-json\/wp\/v2\/pages\/163\/revisions"}],"up":[{"embeddable":true,"href":"https:\/\/toplearningexams.fr\/index.php\/wp-json\/wp\/v2\/pages\/39"}],"wp:attachment":[{"href":"https:\/\/toplearningexams.fr\/index.php\/wp-json\/wp\/v2\/media?parent=163"}],"curies":[{"name":"wp","href":"https:\/\/api.w.org\/{rel}","templated":true}]}}