{"id":177,"date":"2017-07-13T18:03:14","date_gmt":"2017-07-13T16:03:14","guid":{"rendered":"http:\/\/toplearningexams.fr\/?page_id=177"},"modified":"2026-02-11T16:53:31","modified_gmt":"2026-02-11T15:53:31","slug":"pour-le-preliminary-et-le-preliminary-for-school","status":"publish","type":"page","link":"https:\/\/toplearningexams.fr\/index.php\/preparer-un-examen-cambridge-english\/pour-le-preliminary-et-le-preliminary-for-school\/","title":{"rendered":"Pour le B1 Preliminary for School"},"content":{"rendered":"<p>Cambridge English a mis en ligne plusieurs ressources anglophones pour pr\u00e9parer l&#8217;examen :<\/p>\n<ul>\n<li>un test blanc pour le<em>\u00a0 <a href=\"https:\/\/toplearningexams.fr\/wp-content\/uploads\/2024\/10\/565480-b1-preliminary-schools-2020-sample-tests.zip\">B1 Preliminary for School<\/a><\/em><\/li>\n<li>une <a href=\"https:\/\/toplearningexams.fr\/wp-content\/uploads\/2017\/07\/506887-b1-preliminary-2020-vocabulary-list.pdf\">liste de vocabulaire<\/a>\u00a0identique pour les deux versions<\/li>\n<li>une <a href=\"https:\/\/www.youtube.com\/watch?v=wv_nEUnhFFE\">vid\u00e9o <\/a>du <em>Speaking<\/em> avec <a href=\"https:\/\/toplearningexams.fr\/wp-content\/uploads\/2017\/07\/SpeakingPreliminaryKenza.pdf\">commentaire<\/a> (<a href=\"https:\/\/toplearningexams.fr\/wp-content\/uploads\/2017\/07\/Oral-du-B1-Preliminary.pdf\">traduction fran\u00e7aise ici<\/a>) pour le <em>B1 Preliminary<\/em><\/li>\n<li>des <a href=\"http:\/\/www.cambridgeenglish.org\/learning-english\/activities-for-learners\/?level=independent&amp;rows=12\" target=\"_blank\" rel=\"noopener noreferrer\">activit\u00e9s<\/a> pour pratiquer et apprendre l&#8217;anglais<\/li>\n<li>une liste de livres permettant de pr\u00e9parer l&#8217;examen<em>\u00a0<\/em> <em><a href=\"http:\/\/www.cambridge.org\/fr\/cambridgeenglish\/catalog\/cambridge-english-exams-ielts\/preliminary-schools\" target=\"_blank\" rel=\"noopener noreferrer\">B1 Preliminary for School<\/a><\/em>.<\/li>\n<\/ul>\n<p>Toutes ces ressources (sauf les livres) sont gratuites.<\/p>\n<p>Nous avons aussi cr\u00e9\u00e9 une page <a href=\"https:\/\/www.pinterest.fr\/toplearningaix\/\">Pinterest<\/a> avec des \u00e9l\u00e9ments de vocabulaire et de grammaire pour tous les niveaux, ainsi que des conseils pour l&#8217;\u00e9crit et l&#8217;oral.<\/p>\n<p>La <a href=\"https:\/\/www.youtube.com\/user\/cambridgeenglishtv\/featured\" target=\"_blank\" rel=\"noopener noreferrer\">cha\u00eene YouTube<\/a> de Cambridge Assessment English propose \u00e9galement des activit\u00e9s \u00e9ducatives et des t\u00e9moignages de candidats. Vous pouvez \u00e9galement vous abonner \u00e0 la <a href=\"https:\/\/www.facebook.com\/CambridgeEnglish\" target=\"_blank\" rel=\"noopener noreferrer\">page Facebook<\/a> de Cambridge Assessment English pour discuter avec d&#8217;autres candidats.<\/p>\n<p>Nous proposons \u00e0 l&#8217;achat divers supports en ligne (Authentic Digital Practice Test et Test&amp;Train by Cambridge) ainsi que des pr\u00e9paration individuelles avec professeur, pour plus de d\u00e9tails r\u00e9f\u00e9rez-vous \u00e0 la page <a href=\"https:\/\/toplearningexams.fr\/index.php\/supports-payants\/\" target=\"_blank\" rel=\"noopener\">Supports payants<\/a>.<\/p>\n<p>Certaines \u00e9coles proposent des pr\u00e9parations p\u00e9riscolaires (dans la r\u00e9gion d&#8217;Aix-en-Provence, Marseille, Salon-de-Provence et Saint-R\u00e9my). Vous les trouverez sur la page d\u00e9di\u00e9e \u00e0 <a href=\"http:\/\/toplearningexams.fr\/index.php\/preparer-un-examen-cambridge-english\/nos-partenaires\/\">nos partenaires<\/a>.<\/p>\n","protected":false},"excerpt":{"rendered":"<p>Cambridge English a mis en ligne plusieurs ressources anglophones pour pr\u00e9parer l&#8217;examen : un test blanc pour le\u00a0 B1 Preliminary for School une liste de vocabulaire\u00a0identique pour les deux versions une vid\u00e9o du Speaking avec commentaire (traduction fran\u00e7aise ici) pour le B1 Preliminary des activit\u00e9s pour pratiquer et apprendre l&#8217;anglais une liste de livres permettant&hellip;<\/p>\n","protected":false},"author":1,"featured_media":0,"parent":88,"menu_order":5,"comment_status":"closed","ping_status":"closed","template":"","meta":{"om_disable_all_campaigns":false,"_monsterinsights_skip_tracking":false,"_monsterinsights_sitenote_active":false,"_monsterinsights_sitenote_note":"","_monsterinsights_sitenote_category":0,"jetpack_post_was_ever_published":false,"footnotes":""},"class_list":["post-177","page","type-page","status-publish","hentry"],"aioseo_notices":[],"jetpack_sharing_enabled":true,"jetpack_shortlink":"https:\/\/wp.me\/P8SRaH-2R","jetpack-related-posts":[],"_links":{"self":[{"href":"https:\/\/toplearningexams.fr\/index.php\/wp-json\/wp\/v2\/pages\/177","targetHints":{"allow":["GET"]}}],"collection":[{"href":"https:\/\/toplearningexams.fr\/index.php\/wp-json\/wp\/v2\/pages"}],"about":[{"href":"https:\/\/toplearningexams.fr\/index.php\/wp-json\/wp\/v2\/types\/page"}],"author":[{"embeddable":true,"href":"https:\/\/toplearningexams.fr\/index.php\/wp-json\/wp\/v2\/users\/1"}],"replies":[{"embeddable":true,"href":"https:\/\/toplearningexams.fr\/index.php\/wp-json\/wp\/v2\/comments?post=177"}],"version-history":[{"count":0,"href":"https:\/\/toplearningexams.fr\/index.php\/wp-json\/wp\/v2\/pages\/177\/revisions"}],"up":[{"embeddable":true,"href":"https:\/\/toplearningexams.fr\/index.php\/wp-json\/wp\/v2\/pages\/88"}],"wp:attachment":[{"href":"https:\/\/toplearningexams.fr\/index.php\/wp-json\/wp\/v2\/media?parent=177"}],"curies":[{"name":"wp","href":"https:\/\/api.w.org\/{rel}","templated":true}]}}