{"id":179,"date":"2017-07-13T18:18:41","date_gmt":"2017-07-13T16:18:41","guid":{"rendered":"http:\/\/toplearningexams.fr\/?page_id=179"},"modified":"2024-10-25T13:20:29","modified_gmt":"2024-10-25T11:20:29","slug":"preliminary-et-preliminary-for-school","status":"publish","type":"page","link":"https:\/\/toplearningexams.fr\/index.php\/nos-examens\/preliminary-et-preliminary-for-school\/","title":{"rendered":"B1 Preliminary for School"},"content":{"rendered":"<h4>Quel est le niveau de l&#8217;examen d&#8217;anglais <em>B1 Preliminary for School<\/em>?<\/h4>\n<p>Anciennement connu sous le nom de PET, l&#8217;examen valide le <strong>niveau B1 du CECR, attendu en seconde par l&#8217;Education Nationale<\/strong> mais rarement atteint en pratique en dehors des sections internationales. Il montre que le candidat est capable de s&#8217;exprimer sur des sujets familiers et de comprendre et traiter des informations simples.<\/p>\n<p><strong>L&#8217;examen B1 a \u00e9t\u00e9 repens\u00e9 en janvier 2020. C&#8217;est de cette version qu&#8217;il sera question ci-dessous.<\/strong><\/p>\n<h4>Quels sont les composants de l&#8217;examen d&#8217;anglais <em>B1 Preliminary for School<\/em>?<\/h4>\n<p>Le <strong><em>Reading<\/em><\/strong> dure <strong>45 minutes<\/strong>, il comprend 6 parties totalisant 32 questions. Le <strong><em>Writing<\/em><\/strong> dure 45 minutes et comprend 2 parties (un email et, au choix, un article ou une histoire) et l&#8217;ensemble vaut <strong>50% de la note<\/strong> finale. Le <strong><em>Listening<\/em><\/strong> dure <strong>30 minutes<\/strong> (+ 6 minutes pour copier les r\u00e9ponses au net), avec 4 parties totalisant 25 questions et valant <strong>25% de la note<\/strong> finale. Le <strong><em>Speaking<\/em><\/strong> prend <strong>12&nbsp; minutes<\/strong> et comprend 4 parties valant <strong>25% de la note<\/strong> finale.<\/p>\n<p>Pour cet examen, <strong>le <em>Speaking<\/em> se fait en paire<\/strong> : deux candidats sont face \u00e0 deux examinateurs, l&#8217;un prend des notes et l&#8217;autre parle avec les candidats. Les candidats sont amen\u00e9s \u00e0 parler entre eux ainsi qu&#8217;avec l&#8217;examinateur.<\/p>\n<h4>Pr\u00e9parer l&#8217;examen d&#8217;anglais <em>B1 Preliminary<\/em><\/h4>\n<p>Pour acc\u00e9der \u00e0 des tests blancs (version papier et ordinateur), voir une vid\u00e9o de <em>Speaking<\/em>, voir le guide de l\u2019examen et acc\u00e9der \u00e0 des activit\u00e9s gratuites, merci de consulter le <a href=\"http:\/\/www.cambridgeenglish.org\/fr\/exams\/preliminary\/how-to-prepare\/\" target=\"_blank\" rel=\"noopener noreferrer\">site de Cambridge English<\/a> ou <a href=\"http:\/\/toplearningexams.fr\/index.php\/preparer-un-examen-cambridge-english\/pour-le-preliminary-et-le-preliminary-for-school\/\">notre page d\u00e9di\u00e9e<\/a> au <em>B1 Preliminary<\/em> <em>for School<\/em>.<\/p>\n<p>Nous proposons \u00e9galement une pr\u00e9paration (en groupe ou individuelle) \u00e0 partir du mois d&#8217;octobre. Les cours auront lieu une fois par semaine hors vacances scolaires sous r\u00e9serve d&#8217;un nombre minimum d&#8217;inscrits. Pour en savoir plus, merci de <a href=\"http:\/\/toplearningexams.fr\/index.php\/contact\/\">nous contacter<\/a> pour qu&#8217;un de nos consultants revienne vers vous.<\/p>\n<p><strong>Comment passer l&#8217;examen d&#8217;anglais <em>B1 Preliminary for School<br \/>\n<\/em><\/strong><\/p>\n<p>Nous administrons actuellement la version papier et Digitale (mais toujours en pr\u00e9sentiel) du <em>B1 Preliminary<\/em> <em>for School. <\/em><\/p>\n<p><strong>Le <em>B1 Preliminary<\/em> <em>for School<\/em> a lieu en mai et\/ou juin<\/strong>, il peut y avoir aussi des sessions en octobre\/novembre ou f\u00e9vrier\/mars selon le nombre de demandes. Les dates et lieux sont indiqu\u00e9s sur la page d\u00e9di\u00e9e aux<a href=\"https:\/\/toplearningexams.fr\/index.php\/inscriptions\/\" target=\"_blank\" rel=\"noopener\"> inscriptions<\/a> et vous pouvez vous inscrire en cliquant sur le bouton ci-dessous. <em><br \/>\n<\/em><\/p>\n<p><a class=\"fasc-button fasc-size-large fasc-type-glossy fasc-rounded-medium\" style=\"background-color: #33809e; color: #ffffff;\" target=\"_blank\" rel=\"noopener noreferrer\" href=\"https:\/\/toplearningexams.fr\/index.php\/inscriptions\/shop\/\">S&#8217;inscrire maintenant<\/a><\/p>\n","protected":false},"excerpt":{"rendered":"<p>Quel est le niveau de l&#8217;examen d&#8217;anglais B1 Preliminary for School? Anciennement connu sous le nom de PET, l&#8217;examen valide le niveau B1 du CECR, attendu en seconde par l&#8217;Education Nationale mais rarement atteint en pratique en dehors des sections internationales. Il montre que le candidat est capable de s&#8217;exprimer sur des sujets familiers et&hellip;<\/p>\n","protected":false},"author":1,"featured_media":0,"parent":39,"menu_order":3,"comment_status":"closed","ping_status":"closed","template":"","meta":{"_bbp_topic_count":0,"_bbp_reply_count":0,"_bbp_total_topic_count":0,"_bbp_total_reply_count":0,"_bbp_voice_count":0,"_bbp_anonymous_reply_count":0,"_bbp_topic_count_hidden":0,"_bbp_reply_count_hidden":0,"_bbp_forum_subforum_count":0,"om_disable_all_campaigns":false,"_monsterinsights_skip_tracking":false,"_monsterinsights_sitenote_active":false,"_monsterinsights_sitenote_note":"","_monsterinsights_sitenote_category":0,"jetpack_post_was_ever_published":false,"footnotes":""},"class_list":["post-179","page","type-page","status-publish","hentry"],"aioseo_notices":[],"jetpack_sharing_enabled":true,"jetpack_shortlink":"https:\/\/wp.me\/P8SRaH-2T","jetpack-related-posts":[],"_links":{"self":[{"href":"https:\/\/toplearningexams.fr\/index.php\/wp-json\/wp\/v2\/pages\/179","targetHints":{"allow":["GET"]}}],"collection":[{"href":"https:\/\/toplearningexams.fr\/index.php\/wp-json\/wp\/v2\/pages"}],"about":[{"href":"https:\/\/toplearningexams.fr\/index.php\/wp-json\/wp\/v2\/types\/page"}],"author":[{"embeddable":true,"href":"https:\/\/toplearningexams.fr\/index.php\/wp-json\/wp\/v2\/users\/1"}],"replies":[{"embeddable":true,"href":"https:\/\/toplearningexams.fr\/index.php\/wp-json\/wp\/v2\/comments?post=179"}],"version-history":[{"count":0,"href":"https:\/\/toplearningexams.fr\/index.php\/wp-json\/wp\/v2\/pages\/179\/revisions"}],"up":[{"embeddable":true,"href":"https:\/\/toplearningexams.fr\/index.php\/wp-json\/wp\/v2\/pages\/39"}],"wp:attachment":[{"href":"https:\/\/toplearningexams.fr\/index.php\/wp-json\/wp\/v2\/media?parent=179"}],"curies":[{"name":"wp","href":"https:\/\/api.w.org\/{rel}","templated":true}]}}