{"id":189,"date":"2017-07-13T18:44:59","date_gmt":"2017-07-13T16:44:59","guid":{"rendered":"http:\/\/toplearningexams.fr\/?page_id=189"},"modified":"2026-02-11T16:54:34","modified_gmt":"2026-02-11T15:54:34","slug":"pour-le-first-et-le-first-for-school","status":"publish","type":"page","link":"https:\/\/toplearningexams.fr\/index.php\/preparer-un-examen-cambridge-english\/pour-le-first-et-le-first-for-school\/","title":{"rendered":"Pour le B2 First et First for School"},"content":{"rendered":"<p>Cambridge English a mis en ligne plusieurs ressources anglophones pour pr\u00e9parer l&#8217;examen :<\/p>\n<ul>\n<li>un test blanc pour le<em> B2 First<\/em> <a href=\"http:\/\/www.cambridgeenglish.org\/fr\/Images\/174037-first-2015-sample-papers-1.zip\" target=\"_blank\" rel=\"noopener noreferrer\">partie 1<\/a> et <a href=\"http:\/\/www.cambridgeenglish.org\/fr\/Images\/178516-first-2015-sample-paper-2.zip\" target=\"_blank\" rel=\"noopener noreferrer\">2<\/a> et pour le <em>B2 First for School<\/em> <a href=\"http:\/\/www.cambridgeenglish.org\/fr\/Images\/174039-first-for-schools-2015-sample-papers-1.zip\" target=\"_blank\" rel=\"noopener noreferrer\">partie 1<\/a> et <a href=\"http:\/\/www.cambridgeenglish.org\/fr\/Images\/178551-first-for-schools-2015-sample-paper-2.zip\" target=\"_blank\" rel=\"noopener noreferrer\">2<\/a> (le lien vers l&#8217;audio est donn\u00e9 dans le pdf)<\/li>\n<li>une vid\u00e9o du <em>Speaking<\/em> avec commentaire, pour le <em>B2 First<\/em> (<a href=\"https:\/\/www.youtube.com\/watch?v=EdeZp0n0JHw\" target=\"_blank\" rel=\"noopener noreferrer\">vid\u00e9o<\/a> et<a href=\"http:\/\/www.cambridgeenglish.org\/images\/173977-cambridge-english-first-speaking-test-examiner-comments.pdf\" target=\"_blank\" rel=\"noopener noreferrer\"> commentaire<\/a>) et le B2 F<em>irst for School<\/em> (<a href=\"https:\/\/www.youtube.com\/watch?v=2NEhEyusaEs&amp;list=PLpmCHL8PnXq-k7ul81gTcYWmUP6HZm2Xj&amp;index=4\" target=\"_blank\" rel=\"noopener noreferrer\">vid\u00e9o<\/a> et <a href=\"http:\/\/www.cambridgeenglish.org\/images\/173978-cambridge-english-first-for-schools-speaking-test-examiner-comments.pdf\" target=\"_blank\" rel=\"noopener noreferrer\">commentaire<\/a>),pour d\u00e9dramatiser la situation en la montrant aux candidats et pour expliquer ce \u00e0 quoi les <em>Speaking Examiners<\/em> portent une attention particuli\u00e8re<\/li>\n<li>des <a href=\"http:\/\/www.cambridgeenglish.org\/learning-english\/activities-for-learners\/?level=independent&amp;rows=12\" target=\"_blank\" rel=\"noopener noreferrer\">activit\u00e9s<\/a> pour pratiquer et apprendre l&#8217;anglais<\/li>\n<li>un guide de l&#8217;examen du<em><a href=\"http:\/\/www.cambridgeenglish.org\/fr\/Images\/181310-first-information-for-candidates-.pdf\" target=\"_blank\" rel=\"noopener noreferrer\"> B2 First<\/a><\/em> et du <a href=\"http:\/\/www.cambridgeenglish.org\/fr\/Images\/180143-first-for-schools-information-for-candidates.pdf\" target=\"_blank\" rel=\"noopener noreferrer\"><em>B2 First for School<\/em><\/a><\/li>\n<li>une foire aux questions pour le <em><a href=\"http:\/\/www.cambridgeenglish.org\/fr\/Images\/230314-cambridge-english-first-faqs.pdf\" target=\"_blank\" rel=\"noopener noreferrer\">B2 First<\/a> <\/em>et le <a href=\"http:\/\/www.cambridgeenglish.org\/fr\/Images\/230315-cambridge-english-first-for-schools-faqs.pdf\" target=\"_blank\" rel=\"noopener noreferrer\"><em>B2 First for School<\/em><\/a><\/li>\n<li>une liste de livres permettant de pr\u00e9parer l&#8217;examen <a href=\"http:\/\/www.cambridge.org\/fr\/cambridgeenglish\/catalog\/cambridge-english-exams-ielts?layout=listing&amp;webSubjects%5B%5D=Cambridge+English+Exams+%26+IELTS&amp;exam%5B%5D=Cambridge%2BEnglish%253A%2BFirst%2B%2528FCE%2529&amp;sortOrder=family_pubDate_C%5Bdesc%5D&amp;openOptions[]=facet_webSubjects&amp;openOptions[]=facet_lvar&amp;openOptions[]=facet_brand&amp;openOptions[]=facet_format&amp;openOptions[]=facet_exam&amp;openOptions[]=facet_cef\" target=\"_blank\" rel=\"noopener noreferrer\"><em>B2 First<\/em><\/a> et <a href=\"http:\/\/www.cambridge.org\/fr\/cambridgeenglish\/catalog\/cambridge-english-exams-ielts\/first-schools\" target=\"_blank\" rel=\"noopener noreferrer\"><em>B2 First for School<\/em><\/a>.<\/li>\n<\/ul>\n<p>Toutes ces ressources (sauf les livres) sont gratuites.<\/p>\n<p>Nous avons aussi cr\u00e9\u00e9 une page <a href=\"https:\/\/www.pinterest.fr\/toplearningaix\/\">Pinterest<\/a> avec des \u00e9l\u00e9ments de vocabulaire et de grammaire pour tous les niveaux, ainsi que des conseils pour l&#8217;\u00e9crit et l&#8217;oral.<\/p>\n<p>La <a href=\"https:\/\/www.youtube.com\/user\/cambridgeenglishtv\/featured\" target=\"_blank\" rel=\"noopener noreferrer\">cha\u00eene YouTube<\/a> de Cambridge English propose \u00e9galement des activit\u00e9s \u00e9ducatives et des t\u00e9moignages de candidats. Vous pouvez \u00e9galement vous abonner \u00e0 la <a href=\"https:\/\/www.facebook.com\/CambridgeEnglish\" target=\"_blank\" rel=\"noopener noreferrer\">page Facebook<\/a> de Cambridge English pour discuter avec d&#8217;autres candidats.<\/p>\n<p>Nous proposons \u00e0 l&#8217;achat divers supports en ligne (Authentic Digital Practice Test et Test&amp;Train by Cambridge) ainsi que des pr\u00e9paration individuelles avec professeur, pour plus de d\u00e9tails r\u00e9f\u00e9rez-vous \u00e0 la page <a href=\"https:\/\/toplearningexams.fr\/index.php\/supports-payants\/\" target=\"_blank\" rel=\"noopener\">Supports payants<\/a>.<\/p>\n<p>Certaines \u00e9coles proposent des pr\u00e9parations p\u00e9riscolaires. Vous les trouverez sur la page d\u00e9di\u00e9e \u00e0 <a href=\"http:\/\/toplearningexams.fr\/index.php\/preparer-un-examen-cambridge-english\/nos-partenaires\/\">nos partenaires<\/a>.<\/p>\n","protected":false},"excerpt":{"rendered":"<p>Cambridge English a mis en ligne plusieurs ressources anglophones pour pr\u00e9parer l&#8217;examen : un test blanc pour le B2 First partie 1 et 2 et pour le B2 First for School partie 1 et 2 (le lien vers l&#8217;audio est donn\u00e9 dans le pdf) une vid\u00e9o du Speaking avec commentaire, pour le B2 First (vid\u00e9o&hellip;<\/p>\n","protected":false},"author":1,"featured_media":0,"parent":88,"menu_order":6,"comment_status":"closed","ping_status":"closed","template":"","meta":{"om_disable_all_campaigns":false,"_monsterinsights_skip_tracking":false,"_monsterinsights_sitenote_active":false,"_monsterinsights_sitenote_note":"","_monsterinsights_sitenote_category":0,"jetpack_post_was_ever_published":false,"footnotes":""},"class_list":["post-189","page","type-page","status-publish","hentry"],"aioseo_notices":[],"jetpack_sharing_enabled":true,"jetpack_shortlink":"https:\/\/wp.me\/P8SRaH-33","jetpack-related-posts":[],"_links":{"self":[{"href":"https:\/\/toplearningexams.fr\/index.php\/wp-json\/wp\/v2\/pages\/189","targetHints":{"allow":["GET"]}}],"collection":[{"href":"https:\/\/toplearningexams.fr\/index.php\/wp-json\/wp\/v2\/pages"}],"about":[{"href":"https:\/\/toplearningexams.fr\/index.php\/wp-json\/wp\/v2\/types\/page"}],"author":[{"embeddable":true,"href":"https:\/\/toplearningexams.fr\/index.php\/wp-json\/wp\/v2\/users\/1"}],"replies":[{"embeddable":true,"href":"https:\/\/toplearningexams.fr\/index.php\/wp-json\/wp\/v2\/comments?post=189"}],"version-history":[{"count":0,"href":"https:\/\/toplearningexams.fr\/index.php\/wp-json\/wp\/v2\/pages\/189\/revisions"}],"up":[{"embeddable":true,"href":"https:\/\/toplearningexams.fr\/index.php\/wp-json\/wp\/v2\/pages\/88"}],"wp:attachment":[{"href":"https:\/\/toplearningexams.fr\/index.php\/wp-json\/wp\/v2\/media?parent=189"}],"curies":[{"name":"wp","href":"https:\/\/api.w.org\/{rel}","templated":true}]}}