{"id":2,"date":"2017-06-29T17:05:53","date_gmt":"2017-06-29T15:05:53","guid":{"rendered":"http:\/\/toplearningexams.fr\/?page_id=2"},"modified":"2024-10-25T13:49:05","modified_gmt":"2024-10-25T11:49:05","slug":"page-d-exemple","status":"publish","type":"page","link":"https:\/\/toplearningexams.fr\/index.php\/page-d-exemple\/","title":{"rendered":"FAQ"},"content":{"rendered":"<h4>Comment s&#8217;inscrire?<\/h4>\n<p>Si vous \u00eates un particulier, vous pouvez vous inscrire et payer directement en choisissant l&#8217;examen qui vous int\u00e9resse (dans la rubrique <a href=\"https:\/\/toplearningexams.fr\/index.php\/inscriptions\/shop\/\">Inscriptions Online<\/a>), vous indiquerez les coordonn\u00e9es du candidat au moment du paiement.<\/p>\n<p>Si vous s\u00e9lectionnez le paiement par ch\u00e8que, il faudra nous envoyer le ch\u00e8que \u00e0 l&#8217;ordre de WSE-Cambridge Provence \u00e0 Wall Street English, Service Cambridge, 23-25 avenue Sainte-Victoire, 13100 Aix-en-Provence.<\/p>\n<p>Si vous vous pr\u00e9sentez via votre \u00e9cole, c&#8217;est votre professeur qui vous remettra le dossier d&#8217;inscription \u00e0 compl\u00e9ter et \u00e0 lui remettre.<\/p>\n<h4>J&#8217;ai d\u00e9j\u00e0 pass\u00e9 un examen Cambridge English mais je ne trouve pas son nom sur votre site?<\/h4>\n<p>Les noms des examens ont \u00e9volu\u00e9 avec le temps :<\/p>\n<p>KET est devenu Key et maintenant A2 Key. La version &#8220;for School&#8221; sera retir\u00e9e du catalogue \u00e0 br\u00e8ve \u00e9ch\u00e9ance (2025).<\/p>\n<p>PET est devenu Preliminary et maintenant B1 Preliminary. La version &#8220;for School&#8221; sera retir\u00e9e du catalogue \u00e0 br\u00e8ve \u00e9ch\u00e9ance (2025).<\/p>\n<p>FCE est devenu First et maintenant B2 First.<\/p>\n<p>CAE est devenu Advanced et maintenant C1 Advanced.<\/p>\n<p>CPE est devenu Proficiency et maintenant C2 Proficiency.<\/p>\n<p>Les examens ILEC n&#8217;existent plus.<\/p>\n<h4>Quel examen est adapt\u00e9 \u00e0 mon niveau?<\/h4>\n<p>Pour avoir une bonne indication, vous pouvez faire le <a href=\"http:\/\/www.cambridgeenglish.org\/fr\/test-your-english\/\" target=\"_blank\" rel=\"noopener\"><strong>test gratuit<\/strong><\/a> propos\u00e9 par Cambridge English.<\/p>\n<h4>Y a-t-il un \u00e2ge minimum ou maximum pour se pr\u00e9senter \u00e0 un examen?<\/h4>\n<p>Non. Les <em>Young Learners<\/em> sont faisables \u00e0 partir du moment o\u00f9 l&#8217;enfant sait lire et \u00e9crire. Il n&#8217;y a pas de limite d&#8217;\u00e2ge maximum pour se pr\u00e9senter \u00e0 un examen mais le format des <em>Young Learners<\/em> vise un jeune public (primaire et coll\u00e8ge) et les versions <em>&#8220;for School&#8221;<\/em> ont des sujets qui sont plus adapt\u00e9s \u00e0 un public scolaire m\u00eame si la difficult\u00e9 est la m\u00eame que pour la version de base.<\/p>\n<h4>J&#8217;ai la nationalit\u00e9 d&#8217;un pays anglophone, puis-je passer un examen de Cambridge Assessment English?<\/h4>\n<p>Oui, il n&#8217;y aucune limite de nationalit\u00e9.<\/p>\n<h4>O\u00f9 l&#8217;examen a-t-il lieu?<\/h4>\n<p>Cela varie selon les sessions. L&#8217;adresse exacte et les horaires sont pr\u00e9cis\u00e9s sur votre convocation, lisez-la attentivement.<\/p>\n<h4>Quand dois-je recevoir ma convocation? Que dois-je faire si je ne l&#8217;ai pas re\u00e7ue?<\/h4>\n<p>Si vous n&#8217;avez toujours rien re\u00e7u deux semaines avant la date de l&#8217;examen (et apr\u00e8s avoir v\u00e9rifi\u00e9 votre courrier ind\u00e9sirable), merci de nous contacter &#8211; il est possible que nous n&#8217;ayons pas pu transcrire correctement votre adresse mail.<\/p>\n<h4>J&#8217;ai droit \u00e0 un tiers-temps pour les examens de l&#8217;Education Nationale, est-ce valable pour les v\u00f4tres?<\/h4>\n<p>Il est possible d&#8217;obtenir du temps additionnel, voir du mat\u00e9riel adapt\u00e9 (gros caract\u00e8res) et des moyens particuliers (saisie sur ordinateur) mais pour cela il faut nous fournir un certificat m\u00e9dical AVEC votre dossier d&#8217;inscription, ainsi qu&#8217;une description des am\u00e9nagements souhait\u00e9s et de la s\u00e9v\u00e9rit\u00e9 des difficult\u00e9s rencontr\u00e9es. Toute demande re\u00e7ue apr\u00e8s la date limite d&#8217;inscription ne pourra pas n\u00e9cessairement \u00eatre prise en compte.<\/p>\n<p><strong>Pour les Digital Cambridge Qualifications, le temps additionnel n&#8217;est actuellement disponible que pour le Reading et le Writing, PAS pour le Listening. Il est possible d&#8217;augmenter la taille des caract\u00e8res et de choisir le type de contraste pr\u00e9f\u00e9r\u00e9 (blanc sur noir, noir sur blanc ou jaune sur blanc). Si vos am\u00e9nagements pour un examen papier sont l&#8217;usage de l&#8217;ordinateur pour la saisie et\/ou l&#8217;usage de sujets en grands caract\u00e8res, il n&#8217;est pas n\u00e9cessaire de faire une demande d&#8217;am\u00e9nagement sp\u00e9cifique si vous passez la version Digital de l&#8217;examen.<br \/>\n<\/strong><\/p>\n<h4>Quels sont les am\u00e9nagements possibles?<\/h4>\n<p>Les am\u00e9nagements les plus courants sont :<\/p>\n<ul>\n<li>temps additionnel (25% par d\u00e9faut) \u00e0 l&#8217;\u00e9crit<\/li>\n<li>temps additionnel \u00e0 la compr\u00e9hension \u00e0 l&#8217;audition (une \u00e9coute classique et une autre avec des pauses de la longueur voulue par le candidat \u00e0 des endroits choisis par Cambridge English)<\/li>\n<li>pauses supervis\u00e9es (avec total de temps d&#8217;examen classique)<\/li>\n<li>sujets imprim\u00e9s en gros caract\u00e8res avec moins d&#8217;images et plus d&#8217;espace<\/li>\n<li>usage autoris\u00e9 des filtres de couleur en plastique<\/li>\n<li>usage de l&#8217;ordinateur pour la saisie des r\u00e9ponses (sans correcteur d&#8217;orthographe ou de grammaire)<\/li>\n<li>oral solo ou avec un partenaire non-not\u00e9<\/li>\n<\/ul>\n<p>A noter que l&#8217;orthographe est toujours not\u00e9 de la m\u00eame fa\u00e7on pour tous les candidats une fois les am\u00e9nagements appliqu\u00e9s.<\/p>\n<h4>Que faire si je n&#8217;ai pas de carte d&#8217;identit\u00e9 en cours de validit\u00e9?<\/h4>\n<p>La pi\u00e8ce d&#8217;identit\u00e9 <strong>originale<\/strong> avec photo, signature et en cours de validit\u00e9 est exig\u00e9e pour tous les examens \u00e0 partir du <em>A2 Key<\/em> <em>for School<\/em>(seuls les <em>Young Learners<\/em> en sont exempt\u00e9s). Si vous avez moins de 18 ans au moment de l&#8217;examen, nous pouvons la remplacer par un document \u00e0 remplir AVANT le jour de l&#8217;examen, il suffit de nous contacter pour que nous vous l&#8217;envoyions. Si vous avez plus de 18 ans, la pi\u00e8ce d&#8217;identit\u00e9 est obligatoire, que ce soit une carte d&#8217;identit\u00e9 nationale ou un passeport.<\/p>\n<h4>Que faire si je ne suis pas disponible aux horaires indiqu\u00e9s sur la convocation?<\/h4>\n<p>Nous ne pouvons pas modifier les horaires des \u00e9crits, c&#8217;est donc \u00e0 vous de vous assurer au moment de l&#8217;inscription de votre disponibilit\u00e9. En ce qui concerne les oraux, nous pouvons essayer de vous accommoder mais la date elle-m\u00eame ne changera probablement pas, nous ne pourrons que vous faire passer plus t\u00f4t ou plus tard. Attention, pour le <em>C2 Proficiency<\/em> les oraux sont parfois la veille des \u00e9crits.<\/p>\n<h4>Que faire si je suis absent le jour de l&#8217;examen? Puis-je \u00eatre rembours\u00e9?<\/h4>\n<p>Si votre absence est due \u00e0 un cas de force majeure (gr\u00e8ve des transports en commun, accident etc.), \u00e0 un \u00e9v\u00e9nement familial (deuil) ou \u00e0 un probl\u00e8me de sant\u00e9, nous pourrons proc\u00e9der au remboursement de l&#8217;examen une fois l&#8217;absence expliqu\u00e9e \u00e0 Cambridge English avec documentation \u00e0 l&#8217;appui (certificat m\u00e9dical, constat d&#8217;accident etc.).<\/p>\n<p>Les absences ou les retards dus \u00e0 l&#8217;impr\u00e9voyance ne sont pas remboursables. Il est de votre responsabilit\u00e9 de prendre vos pr\u00e9cautions pour arriver \u00e0 l&#8217;heure le jour de l&#8217;examen, et de vous manifester si vous n&#8217;avez pas re\u00e7u votre convocation.<\/p>\n<h4>Que se passe-t-il si mon paiement n&#8217;a pas pu \u00eatre encaiss\u00e9 \u00e0 la date de l&#8217;examen?<\/h4>\n<p>Si vous avez re\u00e7u une convocation, vous pourrez passer l&#8217;examen mais nous garderons votre dipl\u00f4me jusqu&#8217;\u00e0 ce que le paiement ait \u00e9t\u00e9 effectu\u00e9. Si vous n&#8217;avez pas re\u00e7u de convocation, cela veut dire que le dossier n&#8217;est pas arriv\u00e9 jusqu&#8217;\u00e0 nous et que vous ne pourrez pas passer l&#8217;examen (sauf s&#8217;il nous reste une place libre, et moyennant des frais de retard).<\/p>\n<h4>Quand les r\u00e9sultats sont-ils connus?<\/h4>\n<p>Pour tous les examens, vous verrez sur votre convocation un cadre vous indiquant comment acc\u00e9der en ligne \u00e0 votre r\u00e9sultat, et \u00e0 partir de quand il sera disponible.<\/p>\n<p>Il faut compter en g\u00e9n\u00e9ral entre 4 et 6 semaines apr\u00e8s la date de l&#8217;examen pour les versions papier. Les r\u00e9sultats commencent \u00e0 appara\u00eetre sur le site \u00e0 partir du moment o\u00f9 un certain pourcentage des copies a \u00e9t\u00e9 corrig\u00e9, il est normal de ne pas n\u00e9cessairement voir le r\u00e9sultat tout de suite.<\/p>\n<p>Pour les Cambridge Digital Qualifications, les r\u00e9sultats sont communiqu\u00e9s 5 \u00e0 10 jours ouvr\u00e9s apr\u00e8s la date de l&#8217;examen.<\/p>\n<h4>Comment recevoir mon dipl\u00f4me?<\/h4>\n<p>Les dipl\u00f4mes partent de Grande-Bretagne trois semaines apr\u00e8s la publication des r\u00e9sultats.<\/p>\n<p>Les dipl\u00f4mes des candidats inscrits via leur \u00e9cole sont envoy\u00e9s directement \u00e0 l&#8217;\u00e9tablissement scolaire (en septembre pour la session de juin).<\/p>\n<p>Les dipl\u00f4mes des candidats libres restent dans notre centre d&#8217;Aix-en-Provence. Vous pouvez venir les chercher en prenant pr\u00e9alablement rendez-vous, ou nous envoyer une enveloppe A4 cartonn\u00e9e \u00e0 votre adresse affranchie au tarif Recommand\u00e9 AR ou Lettre verte suivie en pr\u00e9cisant la session concern\u00e9e (cf. d\u00e9tails sur <a href=\"https:\/\/toplearningexams.fr\/index.php\/pour-les-particuliers\/les-resultats\/\" target=\"_blank\" rel=\"noopener\">Les r\u00e9sultats).<\/a><\/p>\n<p>Les dipl\u00f4mes non r\u00e9clam\u00e9s au bout de deux ans sont d\u00e9truits.<\/p>\n<h4>Que faire si mon dipl\u00f4me est perdu ou ab\u00eem\u00e9?<\/h4>\n<p>Si votre dipl\u00f4me a \u00e9t\u00e9 ab\u00eem\u00e9 lors de l&#8217;envoi \u00e0 votre domicile, il peut \u00eatre remplac\u00e9 dans les deux ans \u00e0 condition de nous renvoyer l&#8217;original. Ce service est gratuit uniquement si la demande est faite dans les six mois suivant la date d&#8217;examen, ensuite il y a des frais\u00a0 (55,5 euros en 2023-24, cela change tous les ans). Au-del\u00e0 de deux ans, ou si le certificat original ne nous est pas retourn\u00e9, vous ne pourrez recevoir qu&#8217;un <em>Certifying Statement<\/em>.<\/p>\n<p>Si votre dipl\u00f4me est ab\u00eem\u00e9 apr\u00e8s son arriv\u00e9e \u00e0 votre domicile, il ne pourra \u00eatre remplac\u00e9 que si l&#8217;original nous est retourn\u00e9 et si la demande est faite dans les cinq ans suivant la date de l&#8217;examen. Ce service co\u00fbte entre 105 et 109,5 euros pour l&#8217;ann\u00e9e 2023-24, l\u00e0 aussi le tarif \u00e9volue chaque ann\u00e9e.<\/p>\n<p>Si le certificat envoy\u00e9 par la poste n&#8217;est pas arriv\u00e9 chez vous, signalez-le rapidement. Nous devons attendre 6 mois pour demander un remplacement, mais attention au bout de 12 mois il sera trop tard et vous ne pourrez plus recevoir qu&#8217;un <em>Certifying Statement<\/em>&#8230;<\/p>\n<p>Tout certificat perdu une fois arriv\u00e9 \u00e0 votre domicile ne pourra \u00eatre remplac\u00e9 que par un <em>Certifying Statement<\/em> et le prix varie selon la date de l&#8217;examen (entre 109,5 et 164,5 euros en 2023-2024).<\/p>\n<h4>Comment mettre en avant mon dipl\u00f4me de Cambridge English sur mon CV?<\/h4>\n<p>Cambridge English a publi\u00e9 un <a href=\"http:\/\/toplearningexams.fr\/wp-content\/uploads\/2017\/07\/FRENCH_Your-certificate-on-your-CV-sheet.pdf\">guide<\/a> d\u00e9taillant la terminologie \u00e0 employer pour vous d\u00e9marquer gr\u00e2ce \u00e0 votre dipl\u00f4me d&#8217;anglais.<\/p>\n<h4>Je ne suis pas satisfait de mon r\u00e9sultat, puis-je demander une v\u00e9rification?<\/h4>\n<p>Oui, mais il faut en faire la demande avant la fin du mois suivant celui o\u00f9 les r\u00e9sultats ont \u00e9t\u00e9 publi\u00e9s (il y a un d\u00e9lai plus long pour les r\u00e9sultats publi\u00e9s pendant les vacances d&#8217;\u00e9t\u00e9).<\/p>\n<p>La proc\u00e9dure est r\u00e9partie en deux temps : la v\u00e9rification administrative (on regarde que toutes les notes ont \u00e9t\u00e9 correctement prises en compte) et une nouvelle correction (sauf pour le <em>Speaking<\/em>). Il est obligatoire de faire la v\u00e9rification administrative avant de demander une nouvelle correction. Chaque \u00e9tape est payante (30 euros pour la premi\u00e8re, 88 ou 135 euros selon l&#8217;examen concern\u00e9 pour la seconde en 2023, mais le tarif \u00e9volue r\u00e9guli\u00e8rement) mais les frais ne sont pas appliqu\u00e9s si le r\u00e9sultat est modifi\u00e9 suite \u00e0 la proc\u00e9dure. Attention, le r\u00e9sultat peut \u00eatre revu \u00e0 la hausse ou \u00e0 la baisse&#8230;<\/p>\n<h4>Je ne suis pas satisfait du d\u00e9roulement de la session, que puis-je faire?<\/h4>\n<p>S&#8217;il y a un probl\u00e8me le jour de la session, merci d&#8217;en faire part \u00e0 notre personnel sur les lieux afin que nous puissions soumettre une demande de Circonstances Sp\u00e9ciales si n\u00e9cessaire. Une fois le jour de l&#8217;examen pass\u00e9, il sera trop tard pour que nous puissions soumettre cette demande dans les d\u00e9lais impos\u00e9s par Cambridge English. Notre personnel est particuli\u00e8rement attentif aux conditions d&#8217;examen et prend note de tout ce qui peut troubler les candidats (notamment lors de la compr\u00e9hension \u00e0 l&#8217;audition) mais personne n&#8217;est parfait, et c&#8217;est toujours le respect des r\u00e8gles \u00e9dict\u00e9es par Cambridge English qui prime.<\/p>\n<p>Si vous souhaitez d\u00e9poser une r\u00e9clamation apr\u00e8s le jour de l&#8217;examen, merci de <a href=\"http:\/\/toplearningexams.fr\/index.php\/contact\/\">nous contacter par mail<\/a>.<\/p>\n","protected":false},"excerpt":{"rendered":"<p>Comment s&#8217;inscrire? Si vous \u00eates un particulier, vous pouvez vous inscrire et payer directement en choisissant l&#8217;examen qui vous int\u00e9resse (dans la rubrique Inscriptions Online), vous indiquerez les coordonn\u00e9es du candidat au moment du paiement. Si vous s\u00e9lectionnez le paiement par ch\u00e8que, il faudra nous envoyer le ch\u00e8que \u00e0 l&#8217;ordre de WSE-Cambridge Provence \u00e0 Wall&hellip;<\/p>\n","protected":false},"author":1,"featured_media":0,"parent":0,"menu_order":0,"comment_status":"closed","ping_status":"open","template":"","meta":{"om_disable_all_campaigns":false,"_monsterinsights_skip_tracking":false,"_monsterinsights_sitenote_active":false,"_monsterinsights_sitenote_note":"","_monsterinsights_sitenote_category":0,"jetpack_post_was_ever_published":false,"footnotes":""},"class_list":["post-2","page","type-page","status-publish","hentry"],"aioseo_notices":[],"jetpack_sharing_enabled":true,"jetpack_shortlink":"https:\/\/wp.me\/P8SRaH-2","jetpack-related-posts":[],"_links":{"self":[{"href":"https:\/\/toplearningexams.fr\/index.php\/wp-json\/wp\/v2\/pages\/2","targetHints":{"allow":["GET"]}}],"collection":[{"href":"https:\/\/toplearningexams.fr\/index.php\/wp-json\/wp\/v2\/pages"}],"about":[{"href":"https:\/\/toplearningexams.fr\/index.php\/wp-json\/wp\/v2\/types\/page"}],"author":[{"embeddable":true,"href":"https:\/\/toplearningexams.fr\/index.php\/wp-json\/wp\/v2\/users\/1"}],"replies":[{"embeddable":true,"href":"https:\/\/toplearningexams.fr\/index.php\/wp-json\/wp\/v2\/comments?post=2"}],"version-history":[{"count":0,"href":"https:\/\/toplearningexams.fr\/index.php\/wp-json\/wp\/v2\/pages\/2\/revisions"}],"wp:attachment":[{"href":"https:\/\/toplearningexams.fr\/index.php\/wp-json\/wp\/v2\/media?parent=2"}],"curies":[{"name":"wp","href":"https:\/\/api.w.org\/{rel}","templated":true}]}}