{"id":200,"date":"2017-07-17T17:26:23","date_gmt":"2017-07-17T15:26:23","guid":{"rendered":"http:\/\/toplearningexams.fr\/?page_id=200"},"modified":"2026-02-11T16:55:13","modified_gmt":"2026-02-11T15:55:13","slug":"pourladvanced","status":"publish","type":"page","link":"https:\/\/toplearningexams.fr\/index.php\/preparer-un-examen-cambridge-english\/pourladvanced\/","title":{"rendered":"Pour le C1 Advanced"},"content":{"rendered":"<p>Cambridge English a mis en ligne plusieurs ressources anglophones pour pr\u00e9parer l&#8217;examen :<\/p>\n<ul>\n<li>un test blanc pour le<em> C1 Advanced <\/em><a href=\"_wp_link_placeholder\" data-wplink-edit=\"true\">Partie 1<\/a> et <a href=\"http:\/\/www.cambridgeenglish.org\/fr\/Images\/178484-advanced-2015-sample-papers-2.zip\" target=\"_blank\" rel=\"noopener\">2<\/a> (le lien vers l&#8217;audio est donn\u00e9 dans le pdf)<\/li>\n<li>une <a href=\"https:\/\/www.youtube.com\/watch?v=5nGESyDgmdw\" target=\"_blank\" rel=\"noopener\">vid\u00e9o<\/a> du <em>Speaking<\/em> avec <a href=\"http:\/\/www.cambridgeenglish.org\/images\/173976-cambridge-english-advanced-examiners-comments.pdf\" target=\"_blank\" rel=\"noopener\">commentaire<\/a>, pour d\u00e9dramatiser la situation et pour expliquer ce \u00e0 quoi les <em>Speaking Examiners<\/em> portent une attention particuli\u00e8re<\/li>\n<li>des <a href=\"http:\/\/www.cambridgeenglish.org\/learning-english\/activities-for-learners\/?level=proficient&amp;rows=12\" target=\"_blank\" rel=\"noopener\">activit\u00e9s<\/a> pour pratiquer et apprendre l&#8217;anglais<\/li>\n<li>un guide de l&#8217;examen du <em><a href=\"http:\/\/www.cambridgeenglish.org\/fr\/Images\/181151-cae-information-for-candidates-2016-document.pdf\" target=\"_blank\" rel=\"noopener\">C1 Advanced<\/a><\/em><\/li>\n<li>une foire aux questions pour le <em><a href=\"http:\/\/www.cambridgeenglish.org\/fr\/Images\/230316-cambridge-english-advanced-faqs.pdf\" target=\"_blank\" rel=\"noopener\">C1 Advanced<\/a><\/em><\/li>\n<li>une <a href=\"http:\/\/www.cambridge.org\/fr\/cambridgeenglish\/catalog\/cambridge-english-exams-ielts\/advanced\" target=\"_blank\" rel=\"noopener\">liste de livres<\/a> permettant de pr\u00e9parer l&#8217;examen<\/li>\n<\/ul>\n<p>Toutes ces ressources (sauf les livres) sont gratuites.<\/p>\n<p>Nous avons aussi cr\u00e9\u00e9 une page <a href=\"https:\/\/www.pinterest.fr\/toplearningaix\/\">Pinterest<\/a> avec des \u00e9l\u00e9ments de vocabulaire et de grammaire pour tous les niveaux, ainsi que des conseils pour l&#8217;\u00e9crit et l&#8217;oral.<\/p>\n<p>La <a href=\"https:\/\/www.youtube.com\/user\/cambridgeenglishtv\/featured\" target=\"_blank\" rel=\"noopener\">cha\u00eene YouTube<\/a> de Cambridge English propose \u00e9galement des activit\u00e9s \u00e9ducatives et des t\u00e9moignages de candidats. Vous pouvez \u00e9galement vous abonner \u00e0 la <a href=\"https:\/\/www.facebook.com\/CambridgeEnglish\" target=\"_blank\" rel=\"noopener\">page Facebook<\/a> de Cambridge English pour discuter avec d&#8217;autres candidats.<\/p>\n<p>Nous proposons \u00e0 l&#8217;achat divers supports en ligne (Authentic Digital Practice Test et Test&amp;Train by Cambridge) ainsi que des pr\u00e9paration individuelles avec professeur, pour plus de d\u00e9tails r\u00e9f\u00e9rez-vous \u00e0 la page <a href=\"https:\/\/toplearningexams.fr\/index.php\/supports-payants\/\" target=\"_blank\" rel=\"noopener\">Supports payants<\/a>.<\/p>\n<p>Certaines \u00e9coles proposent des pr\u00e9parations p\u00e9riscolaires. Vous les trouverez sur la page d\u00e9di\u00e9e \u00e0 <a href=\"http:\/\/toplearningexams.fr\/index.php\/preparer-un-examen-cambridge-english\/nos-partenaires\/\">nos partenaires<\/a>.<\/p>\n","protected":false},"excerpt":{"rendered":"<p>Cambridge English a mis en ligne plusieurs ressources anglophones pour pr\u00e9parer l&#8217;examen : un test blanc pour le C1 Advanced Partie 1 et 2 (le lien vers l&#8217;audio est donn\u00e9 dans le pdf) une vid\u00e9o du Speaking avec commentaire, pour d\u00e9dramatiser la situation et pour expliquer ce \u00e0 quoi les Speaking Examiners portent une attention&hellip;<\/p>\n","protected":false},"author":1,"featured_media":0,"parent":88,"menu_order":7,"comment_status":"closed","ping_status":"closed","template":"","meta":{"om_disable_all_campaigns":false,"_monsterinsights_skip_tracking":false,"_monsterinsights_sitenote_active":false,"_monsterinsights_sitenote_note":"","_monsterinsights_sitenote_category":0,"jetpack_post_was_ever_published":false,"footnotes":""},"class_list":["post-200","page","type-page","status-publish","hentry"],"aioseo_notices":[],"jetpack_sharing_enabled":true,"jetpack_shortlink":"https:\/\/wp.me\/P8SRaH-3e","jetpack-related-posts":[],"_links":{"self":[{"href":"https:\/\/toplearningexams.fr\/index.php\/wp-json\/wp\/v2\/pages\/200","targetHints":{"allow":["GET"]}}],"collection":[{"href":"https:\/\/toplearningexams.fr\/index.php\/wp-json\/wp\/v2\/pages"}],"about":[{"href":"https:\/\/toplearningexams.fr\/index.php\/wp-json\/wp\/v2\/types\/page"}],"author":[{"embeddable":true,"href":"https:\/\/toplearningexams.fr\/index.php\/wp-json\/wp\/v2\/users\/1"}],"replies":[{"embeddable":true,"href":"https:\/\/toplearningexams.fr\/index.php\/wp-json\/wp\/v2\/comments?post=200"}],"version-history":[{"count":0,"href":"https:\/\/toplearningexams.fr\/index.php\/wp-json\/wp\/v2\/pages\/200\/revisions"}],"up":[{"embeddable":true,"href":"https:\/\/toplearningexams.fr\/index.php\/wp-json\/wp\/v2\/pages\/88"}],"wp:attachment":[{"href":"https:\/\/toplearningexams.fr\/index.php\/wp-json\/wp\/v2\/media?parent=200"}],"curies":[{"name":"wp","href":"https:\/\/api.w.org\/{rel}","templated":true}]}}