{"id":203,"date":"2017-07-17T18:20:58","date_gmt":"2017-07-17T16:20:58","guid":{"rendered":"http:\/\/toplearningexams.fr\/?page_id=203"},"modified":"2024-10-25T13:23:41","modified_gmt":"2024-10-25T11:23:41","slug":"ladvanced","status":"publish","type":"page","link":"https:\/\/toplearningexams.fr\/index.php\/nos-examens\/ladvanced\/","title":{"rendered":"C1 Advanced"},"content":{"rendered":"<h4>Quel est le niveau de l&#8217;examen d&#8217;anglais <em>C1 Advanced<\/em>?<\/h4>\n<p>Anciennement connu sous le nom de CAE, l&#8217;examen valide le <strong>niveau C1 du CECR<\/strong>. Il montre que le candidat est capable d&#8217;\u00e9tudier au niveau universitaire (toutes les universit\u00e9s britanniques reconnaissent le <em>C1 Advanced <\/em>pour valider le niveau de langue requis pour l&#8217;admission) et de travailler dans un environnement anglophone n\u00e9cessitant de traiter de sujets complexes.<\/p>\n<h4>Quels sont les composants de l&#8217;examen d&#8217;anglais <em>C1 Advanced<\/em>?<\/h4>\n<p>Le <strong><em>Reading and Use of English<\/em><\/strong> dure <strong>1h30<\/strong>, avec 8 parties totalisant 56 questions et valant <strong>40% de la note<\/strong> finale (moiti\u00e9 pour le <em>Writing<\/em> et moiti\u00e9 pour le <em>Use of English<\/em>). Le <strong><em>Writing<\/em><\/strong> dure <strong>1h30<\/strong> et est compos\u00e9 de 2 parties valant <strong>20% de la note<\/strong> finale. Le <strong><em>Listening<\/em><\/strong> dure <strong>40 minutes<\/strong>, avec 4 parties totalisant 30 questions et valant <strong>20% de la note<\/strong> finale. Le <strong><em>Speaking<\/em><\/strong> prend <strong>environ 15&nbsp; minutes<\/strong> et comprend 4 parties valant <strong>20% de la note<\/strong> finale.<\/p>\n<p>Pour cet examen, <strong>le <em>Speaking<\/em> se fait en paire<\/strong> : deux candidats sont face \u00e0 deux examinateurs, l&#8217;un prend des notes et l&#8217;autre parle avec les candidats. Les candidats sont amen\u00e9s \u00e0 parler entre eux ainsi qu&#8217;avec l&#8217;examinateur.<\/p>\n<h4>Pr\u00e9parer l&#8217;examen d&#8217;anglais <em>C1 Advanced<\/em><\/h4>\n<p>Pour acc\u00e9der \u00e0 des tests blancs (version papier et ordinateur), voir une vid\u00e9o de <em>Speaking<\/em>, voir le guide de l\u2019examen et acc\u00e9der \u00e0 des activit\u00e9s gratuites, merci de consulter le <a href=\"http:\/\/www.cambridgeenglish.org\/fr\/exams\/advanced\/how-to-prepare\/\" target=\"_blank\" rel=\"noopener noreferrer\">site de Cambridge English<\/a> ou <a href=\"http:\/\/toplearningexams.fr\/index.php\/preparer-un-examen-cambridge-english\/pourladvanced\/\">notre page d\u00e9di\u00e9e<\/a> \u00e0 l&#8217;<em>Advanced<\/em>.<\/p>\n<p>Notre centre propose \u00e9galement des pr\u00e9parations individuelles.<\/p>\n<p><strong>Comment passer l&#8217;examen d&#8217;anglais <em>C1 Advanced<\/em>?<\/strong><\/p>\n<p>Nous administrons principalement la version papier du <em>C1 Advanced<\/em>. <strong>Une session a lieu en fin d&#8217;ann\u00e9e<\/strong> (novembre ou d\u00e9cembre selon les dates propos\u00e9es par Cambridge English) <strong>et une autre en juin<\/strong>. Des sessions en version <a href=\"https:\/\/toplearningexams.fr\/index.php\/nos-examens\/ceq-digital\/\" target=\"_blank\" rel=\"noopener\">Digital English Qualifications<\/a> sont disponibles depuis 2024 (sur ordinateur, r\u00e9sultat connu 5 \u00e0 10 jours ouvrables apr\u00e8s la date de l&#8217;examen).<\/p>\n<p><a class=\"fasc-button fasc-size-large fasc-type-glossy fasc-rounded-medium\" style=\"background-color: #33809e; color: #ffffff;\" target=\"_blank\" rel=\"noopener noreferrer\" href=\"https:\/\/toplearningexams.fr\/index.php\/inscriptions\/shop\/\">S&#8217;inscrire maintenant<\/a><\/p>\n","protected":false},"excerpt":{"rendered":"<p>Quel est le niveau de l&#8217;examen d&#8217;anglais C1 Advanced? Anciennement connu sous le nom de CAE, l&#8217;examen valide le niveau C1 du CECR. Il montre que le candidat est capable d&#8217;\u00e9tudier au niveau universitaire (toutes les universit\u00e9s britanniques reconnaissent le C1 Advanced pour valider le niveau de langue requis pour l&#8217;admission) et de travailler dans&hellip;<\/p>\n","protected":false},"author":1,"featured_media":0,"parent":39,"menu_order":5,"comment_status":"closed","ping_status":"closed","template":"","meta":{"om_disable_all_campaigns":false,"_monsterinsights_skip_tracking":false,"_monsterinsights_sitenote_active":false,"_monsterinsights_sitenote_note":"","_monsterinsights_sitenote_category":0,"jetpack_post_was_ever_published":false,"footnotes":""},"class_list":["post-203","page","type-page","status-publish","hentry"],"aioseo_notices":[],"jetpack_sharing_enabled":true,"jetpack_shortlink":"https:\/\/wp.me\/P8SRaH-3h","jetpack-related-posts":[],"_links":{"self":[{"href":"https:\/\/toplearningexams.fr\/index.php\/wp-json\/wp\/v2\/pages\/203","targetHints":{"allow":["GET"]}}],"collection":[{"href":"https:\/\/toplearningexams.fr\/index.php\/wp-json\/wp\/v2\/pages"}],"about":[{"href":"https:\/\/toplearningexams.fr\/index.php\/wp-json\/wp\/v2\/types\/page"}],"author":[{"embeddable":true,"href":"https:\/\/toplearningexams.fr\/index.php\/wp-json\/wp\/v2\/users\/1"}],"replies":[{"embeddable":true,"href":"https:\/\/toplearningexams.fr\/index.php\/wp-json\/wp\/v2\/comments?post=203"}],"version-history":[{"count":0,"href":"https:\/\/toplearningexams.fr\/index.php\/wp-json\/wp\/v2\/pages\/203\/revisions"}],"up":[{"embeddable":true,"href":"https:\/\/toplearningexams.fr\/index.php\/wp-json\/wp\/v2\/pages\/39"}],"wp:attachment":[{"href":"https:\/\/toplearningexams.fr\/index.php\/wp-json\/wp\/v2\/media?parent=203"}],"curies":[{"name":"wp","href":"https:\/\/api.w.org\/{rel}","templated":true}]}}