{"id":213,"date":"2017-07-17T18:34:46","date_gmt":"2017-07-17T16:34:46","guid":{"rendered":"http:\/\/toplearningexams.fr\/?page_id=213"},"modified":"2024-10-25T13:24:55","modified_gmt":"2024-10-25T11:24:55","slug":"proficiency","status":"publish","type":"page","link":"https:\/\/toplearningexams.fr\/index.php\/nos-examens\/proficiency\/","title":{"rendered":"C2 Proficiency"},"content":{"rendered":"<h4>Quel est le niveau de l&#8217;examen d&#8217;anglais <em>C2 Proficiency<\/em>?<\/h4>\n<p>Anciennement connu sous le nom de CPE, l&#8217;examen valide le <strong>niveau C2 du CECR<\/strong>, le plus \u00e9lev\u00e9 possible. Il montre que le candidat est capable d&#8217;\u00e9tudier et de travailler dans un environnement anglophone exigeant, de s&#8217;exprimer de fa\u00e7on nuanc\u00e9e, pr\u00e9cise et efficace.<\/p>\n<h4>Quels sont les composant de l&#8217;examen d&#8217;anglais <em>C2 Proficiency<\/em>?<\/h4>\n<p>Le <strong><em>Reading and Use of English<\/em><\/strong> dure <strong>1h30<\/strong>, avec 7 parties totalisant 53 questions et valant <strong>40% de la note<\/strong> finale (moiti\u00e9 pour le <em>Writing<\/em> et moiti\u00e9 pour le <em>Use of English<\/em>). Le <strong><em>Writing<\/em><\/strong> dure <strong>1h20<\/strong> et est compos\u00e9 de 2 parties valant <strong>20% de la note<\/strong> finale. Le <strong><em>Listening<\/em><\/strong> dure <strong>40 minutes<\/strong>, avec 4 parties totalisant 30 questions et valant <strong>20% de la note<\/strong> finale. Le <strong><em>Speaking<\/em><\/strong> prend <strong>environ 16&nbsp; minutes<\/strong> et comprend 3 parties valant <strong>20% de la note<\/strong> finale.<\/p>\n<p>Pour cet examen, <strong>le <em>Speaking<\/em> se fait en paire<\/strong> : deux candidats sont face \u00e0 deux examinateurs, l&#8217;un prend des notes et l&#8217;autre parle avec les candidats. Les candidats sont amen\u00e9s \u00e0 parler entre eux ainsi qu&#8217;avec l&#8217;examinateur.<\/p>\n<h4>Pr\u00e9parer l&#8217;examen d&#8217;anglais <em>C2 Proficiency<\/em><\/h4>\n<p>Pour acc\u00e9der \u00e0 des tests blancs (version papier et ordinateur), voir une vid\u00e9o de <em>Speaking<\/em>, voir le guide de l\u2019examen et acc\u00e9der \u00e0 des activit\u00e9s gratuites, merci de consulter le <a href=\"http:\/\/www.cambridgeenglish.org\/fr\/exams\/proficiency\/how-to-prepare\/\" target=\"_blank\" rel=\"noopener noreferrer\">site de Cambridge English<\/a> ou <a href=\"http:\/\/toplearningexams.fr\/index.php\/preparer-un-examen-cambridge-english\/pour-le-proficiency\/\">notre page d\u00e9di\u00e9e<\/a> au <em>Proficiency<\/em>.<\/p>\n<p>Nous organisons \u00e9galement des pr\u00e9parations individuelles.<\/p>\n<h4>Comment passer l&#8217;examen d&#8217;anglais <em>C2 Proficiency<\/em>?<\/h4>\n<p>Nous administrons principalement la version papier du <em>C2 Proficiency<\/em>, avec <strong>deux sessions par an : une en novembre ou d\u00e9cembre<\/strong> (selon les dates propos\u00e9es par Cambridge English) <strong>et une en juin<\/strong>. Des session en version <a href=\"https:\/\/toplearningexams.fr\/index.php\/nos-examens\/ceq-digital\/\" target=\"_blank\" rel=\"noopener\">Digital English Qualifications<\/a> sont disponibles depuis 2024 (sur ordinateur, r\u00e9sultat connu 5 \u00e0 10 jours ouvrables apr\u00e8s la date de l&#8217;examen).<\/p>\n<p><a class=\"fasc-button fasc-size-large fasc-type-glossy fasc-rounded-medium\" style=\"background-color: #33809e; color: #ffffff;\" target=\"_blank\" rel=\"noopener noreferrer\" href=\"https:\/\/toplearningexams.fr\/index.php\/inscriptions\/shop\/\">S&#8217;inscrire maintenant<\/a><\/p>\n","protected":false},"excerpt":{"rendered":"<p>Quel est le niveau de l&#8217;examen d&#8217;anglais C2 Proficiency? Anciennement connu sous le nom de CPE, l&#8217;examen valide le niveau C2 du CECR, le plus \u00e9lev\u00e9 possible. Il montre que le candidat est capable d&#8217;\u00e9tudier et de travailler dans un environnement anglophone exigeant, de s&#8217;exprimer de fa\u00e7on nuanc\u00e9e, pr\u00e9cise et efficace. Quels sont les composant&hellip;<\/p>\n","protected":false},"author":1,"featured_media":0,"parent":39,"menu_order":6,"comment_status":"closed","ping_status":"closed","template":"","meta":{"om_disable_all_campaigns":false,"_monsterinsights_skip_tracking":false,"_monsterinsights_sitenote_active":false,"_monsterinsights_sitenote_note":"","_monsterinsights_sitenote_category":0,"jetpack_post_was_ever_published":false,"footnotes":""},"class_list":["post-213","page","type-page","status-publish","hentry"],"aioseo_notices":[],"jetpack_sharing_enabled":true,"jetpack_shortlink":"https:\/\/wp.me\/P8SRaH-3r","jetpack-related-posts":[],"_links":{"self":[{"href":"https:\/\/toplearningexams.fr\/index.php\/wp-json\/wp\/v2\/pages\/213","targetHints":{"allow":["GET"]}}],"collection":[{"href":"https:\/\/toplearningexams.fr\/index.php\/wp-json\/wp\/v2\/pages"}],"about":[{"href":"https:\/\/toplearningexams.fr\/index.php\/wp-json\/wp\/v2\/types\/page"}],"author":[{"embeddable":true,"href":"https:\/\/toplearningexams.fr\/index.php\/wp-json\/wp\/v2\/users\/1"}],"replies":[{"embeddable":true,"href":"https:\/\/toplearningexams.fr\/index.php\/wp-json\/wp\/v2\/comments?post=213"}],"version-history":[{"count":0,"href":"https:\/\/toplearningexams.fr\/index.php\/wp-json\/wp\/v2\/pages\/213\/revisions"}],"up":[{"embeddable":true,"href":"https:\/\/toplearningexams.fr\/index.php\/wp-json\/wp\/v2\/pages\/39"}],"wp:attachment":[{"href":"https:\/\/toplearningexams.fr\/index.php\/wp-json\/wp\/v2\/media?parent=213"}],"curies":[{"name":"wp","href":"https:\/\/api.w.org\/{rel}","templated":true}]}}