{"id":215,"date":"2017-07-17T18:41:36","date_gmt":"2017-07-17T16:41:36","guid":{"rendered":"http:\/\/toplearningexams.fr\/?page_id=215"},"modified":"2026-02-11T16:56:13","modified_gmt":"2026-02-11T15:56:13","slug":"pour-le-proficiency","status":"publish","type":"page","link":"https:\/\/toplearningexams.fr\/index.php\/preparer-un-examen-cambridge-english\/pour-le-proficiency\/","title":{"rendered":"Pour le C2 Proficiency"},"content":{"rendered":"<p>Cambridge English a mis en ligne plusieurs ressources anglophones pour pr\u00e9parer l&#8217;examen :<\/p>\n<ul>\n<li>un <a href=\"http:\/\/www.cambridgeenglish.org\/fr\/Images\/21957-proficiency-sample-papers-1.zip\" target=\"_blank\" rel=\"noopener\">test blanc<\/a> pour le<em> C2 Proficiency<\/em> (le lien vers l&#8217;audio est donn\u00e9 dans le pdf)<\/li>\n<li>une <a href=\"https:\/\/www.youtube.com\/watch?v=Z-zh_rPNaqU&amp;list=PLpmCHL8PnXq-k7ul81gTcYWmUP6HZm2Xj&amp;index=3\" target=\"_blank\" rel=\"noopener\">vid\u00e9o<\/a> du <em>Speaking<\/em> avec <a href=\"http:\/\/www.cambridgeenglish.org\/images\/cpe-examiner-comments.pdf\" target=\"_blank\" rel=\"noopener\">commentaire<\/a>, pour d\u00e9dramatiser la situation et pour expliquer ce \u00e0 quoi les <em>Speaking Examiners<\/em> portent une attention particuli\u00e8re<\/li>\n<li>des <a href=\"http:\/\/www.cambridgeenglish.org\/learning-english\/activities-for-learners\/?level=proficient&amp;rows=12\" target=\"_blank\" rel=\"noopener\">activit\u00e9s<\/a> pour pratiquer et apprendre l&#8217;anglais<\/li>\n<li>un guide de l&#8217;examen du<em><a href=\"http:\/\/www.cambridgeenglish.org\/fr\/Images\/127142-cambridge-english-proficiency-information-for-candidates.pdf\" target=\"_blank\" rel=\"noopener\"> C2 Proficiency<\/a><\/em><\/li>\n<li>une foire aux questions pour le <em><a href=\"http:\/\/www.cambridgeenglish.org\/fr\/Images\/248530-cambridge-english-proficiency-faqs.pdf\" target=\"_blank\" rel=\"noopener\">C2 Proficiency<\/a><\/em><\/li>\n<li>une liste de livres permettant de pr\u00e9parer l&#8217;examen.<\/li>\n<\/ul>\n<p>Toutes ces ressources (sauf les livres) sont gratuites.<\/p>\n<p>Nous avons aussi cr\u00e9\u00e9 une page <a href=\"https:\/\/www.pinterest.fr\/toplearningaix\/\">Pinterest<\/a> avec des \u00e9l\u00e9ments de vocabulaire et de grammaire pour tous les niveaux, ainsi que des conseils pour l&#8217;\u00e9crit et l&#8217;oral.<\/p>\n<p>La <a href=\"https:\/\/www.youtube.com\/user\/cambridgeenglishtv\/featured\" target=\"_blank\" rel=\"noopener\">cha\u00eene YouTube<\/a> de Cambridge English propose \u00e9galement des activit\u00e9s \u00e9ducatives et des t\u00e9moignages de candidats. Vous pouvez \u00e9galement vous abonner \u00e0 la <a href=\"https:\/\/www.facebook.com\/CambridgeEnglish\" target=\"_blank\" rel=\"noopener\">page Facebook<\/a> de Cambridge English pour discuter avec d&#8217;autres candidats.<\/p>\n<p>Nous proposons \u00e0 l&#8217;achat l&#8217;Authentic Digital Practice Test\u00a0 by Cambridge ainsi que des pr\u00e9paration individuelles avec professeur, pour plus de d\u00e9tails r\u00e9f\u00e9rez-vous \u00e0 la page <a href=\"https:\/\/toplearningexams.fr\/index.php\/supports-payants\/\" target=\"_blank\" rel=\"noopener\">Supports payants<\/a>.<\/p>\n<p>Certaines \u00e9coles proposent des pr\u00e9parations p\u00e9riscolaires. Vous les trouverez sur la page d\u00e9di\u00e9e \u00e0 <a href=\"http:\/\/toplearningexams.fr\/index.php\/preparer-un-examen-cambridge-english\/nos-partenaires\/\">nos partenaires<\/a>.<\/p>\n","protected":false},"excerpt":{"rendered":"<p>Cambridge English a mis en ligne plusieurs ressources anglophones pour pr\u00e9parer l&#8217;examen : un test blanc pour le C2 Proficiency (le lien vers l&#8217;audio est donn\u00e9 dans le pdf) une vid\u00e9o du Speaking avec commentaire, pour d\u00e9dramatiser la situation et pour expliquer ce \u00e0 quoi les Speaking Examiners portent une attention particuli\u00e8re des activit\u00e9s pour&hellip;<\/p>\n","protected":false},"author":1,"featured_media":0,"parent":88,"menu_order":8,"comment_status":"closed","ping_status":"closed","template":"","meta":{"_bbp_topic_count":0,"_bbp_reply_count":0,"_bbp_total_topic_count":0,"_bbp_total_reply_count":0,"_bbp_voice_count":0,"_bbp_anonymous_reply_count":0,"_bbp_topic_count_hidden":0,"_bbp_reply_count_hidden":0,"_bbp_forum_subforum_count":0,"om_disable_all_campaigns":false,"_monsterinsights_skip_tracking":false,"_monsterinsights_sitenote_active":false,"_monsterinsights_sitenote_note":"","_monsterinsights_sitenote_category":0,"jetpack_post_was_ever_published":false,"footnotes":""},"class_list":["post-215","page","type-page","status-publish","hentry"],"aioseo_notices":[],"jetpack_sharing_enabled":true,"jetpack_shortlink":"https:\/\/wp.me\/P8SRaH-3t","jetpack-related-posts":[],"_links":{"self":[{"href":"https:\/\/toplearningexams.fr\/index.php\/wp-json\/wp\/v2\/pages\/215","targetHints":{"allow":["GET"]}}],"collection":[{"href":"https:\/\/toplearningexams.fr\/index.php\/wp-json\/wp\/v2\/pages"}],"about":[{"href":"https:\/\/toplearningexams.fr\/index.php\/wp-json\/wp\/v2\/types\/page"}],"author":[{"embeddable":true,"href":"https:\/\/toplearningexams.fr\/index.php\/wp-json\/wp\/v2\/users\/1"}],"replies":[{"embeddable":true,"href":"https:\/\/toplearningexams.fr\/index.php\/wp-json\/wp\/v2\/comments?post=215"}],"version-history":[{"count":0,"href":"https:\/\/toplearningexams.fr\/index.php\/wp-json\/wp\/v2\/pages\/215\/revisions"}],"up":[{"embeddable":true,"href":"https:\/\/toplearningexams.fr\/index.php\/wp-json\/wp\/v2\/pages\/88"}],"wp:attachment":[{"href":"https:\/\/toplearningexams.fr\/index.php\/wp-json\/wp\/v2\/media?parent=215"}],"curies":[{"name":"wp","href":"https:\/\/api.w.org\/{rel}","templated":true}]}}