{"id":225,"date":"2017-07-17T19:16:34","date_gmt":"2017-07-17T17:16:34","guid":{"rendered":"http:\/\/toplearningexams.fr\/?page_id=225"},"modified":"2024-10-25T13:09:39","modified_gmt":"2024-10-25T11:09:39","slug":"pour-les-enseignants-et-les-ecoles","status":"publish","type":"page","link":"https:\/\/toplearningexams.fr\/index.php\/pour-les-ecoles\/pour-les-enseignants-et-les-ecoles\/","title":{"rendered":"Pr\u00e9parer aux examens"},"content":{"rendered":"<p>Cambridge English met \u00e0 votre disposition de nombreuses ressources sur son site, que vous souhaitiez <a href=\"http:\/\/www.cambridgeenglish.org\/fr\/information-for-schools\/prepare-cambridge-english-exams\/become-a-preparation-centre\/\" target=\"_blank\" rel=\"noopener\">devenir un centre de pr\u00e9paration officiel <\/a>ou que vous le <a href=\"http:\/\/www.cambridgeenglish.org\/fr\/information-for-schools\/preparation-centres\/\" target=\"_blank\" rel=\"noopener\">soyez d\u00e9j\u00e0<\/a>.<\/p>\n<p>Vous y trouverez des informations sur les examens d&#8217;anglais et leur organisation, des plans de cours etc. Certains outils sont encore \u00e0 leurs d\u00e9buts, comme <a href=\"https:\/\/weekly.cambridgeenglish.org\/\" target=\"_blank\" rel=\"noopener\">Weekly<\/a> qui vous permet d&#8217;organiser une pr\u00e9paration sur mesure, avec suggestion d&#8217;exercices etc. en fonction du temps dont vous disposez. Pour le moment, cela fonctionne pour le <em>A2 Key for School<\/em>, le <em>B1 Preliminary for School<\/em> et le <em>B2 First for School<\/em>.<\/p>\n<p>Nous organisons r\u00e9guli\u00e8rement des s\u00e9minaires destin\u00e9s aux enseignants, ils sont annonc\u00e9s dans la partie <a href=\"http:\/\/toplearningexams.fr\/index.php\/blog\/\">Blog<\/a> du site et vous pouvez <a href=\"http:\/\/toplearningexams.fr\/index.php\/contact\/\">nous contacter<\/a> pour vous y inscrire.<\/p>\n<p>A partir de d\u00e9cembre 2017, nous proposons \u00e9galement une <strong>pr\u00e9paration de deux jours pour former les enseignants<\/strong> aux caract\u00e9ristiques des examens, leur fournir des outils \u00e0 utiliser en classe avec leurs \u00e9l\u00e8ves et leur offrir un programme de cours d\u00e9taill\u00e9 utilisable directement.<strong> Cette pr\u00e9paration est offerte \u00e0 tous nos centres de pr\u00e9paration existants<\/strong>. Si vous souhaitez commencer \u00e0 pr\u00e9parer des candidats vous pouvez \u00e9galement <a href=\"http:\/\/toplearningexams.fr\/index.php\/contact\/\">nous joindre<\/a> pour en savoir plus.<\/p>\n<p>Nous sommes \u00e0 votre disposition si vous avez besoin de conseils concernant le mat\u00e9riel de pr\u00e9paration, les livres etc. <em><br \/>\n<\/em><\/p>\n","protected":false},"excerpt":{"rendered":"<p>Cambridge English met \u00e0 votre disposition de nombreuses ressources sur son site, que vous souhaitiez devenir un centre de pr\u00e9paration officiel ou que vous le soyez d\u00e9j\u00e0. Vous y trouverez des informations sur les examens d&#8217;anglais et leur organisation, des plans de cours etc. Certains outils sont encore \u00e0 leurs d\u00e9buts, comme Weekly qui vous&hellip;<\/p>\n","protected":false},"author":1,"featured_media":0,"parent":245,"menu_order":3,"comment_status":"closed","ping_status":"closed","template":"","meta":{"_bbp_topic_count":0,"_bbp_reply_count":0,"_bbp_total_topic_count":0,"_bbp_total_reply_count":0,"_bbp_voice_count":0,"_bbp_anonymous_reply_count":0,"_bbp_topic_count_hidden":0,"_bbp_reply_count_hidden":0,"_bbp_forum_subforum_count":0,"om_disable_all_campaigns":false,"_monsterinsights_skip_tracking":false,"_monsterinsights_sitenote_active":false,"_monsterinsights_sitenote_note":"","_monsterinsights_sitenote_category":0,"jetpack_post_was_ever_published":false,"footnotes":""},"class_list":["post-225","page","type-page","status-publish","hentry"],"aioseo_notices":[],"jetpack_sharing_enabled":true,"jetpack_shortlink":"https:\/\/wp.me\/P8SRaH-3D","jetpack-related-posts":[],"_links":{"self":[{"href":"https:\/\/toplearningexams.fr\/index.php\/wp-json\/wp\/v2\/pages\/225","targetHints":{"allow":["GET"]}}],"collection":[{"href":"https:\/\/toplearningexams.fr\/index.php\/wp-json\/wp\/v2\/pages"}],"about":[{"href":"https:\/\/toplearningexams.fr\/index.php\/wp-json\/wp\/v2\/types\/page"}],"author":[{"embeddable":true,"href":"https:\/\/toplearningexams.fr\/index.php\/wp-json\/wp\/v2\/users\/1"}],"replies":[{"embeddable":true,"href":"https:\/\/toplearningexams.fr\/index.php\/wp-json\/wp\/v2\/comments?post=225"}],"version-history":[{"count":0,"href":"https:\/\/toplearningexams.fr\/index.php\/wp-json\/wp\/v2\/pages\/225\/revisions"}],"up":[{"embeddable":true,"href":"https:\/\/toplearningexams.fr\/index.php\/wp-json\/wp\/v2\/pages\/245"}],"wp:attachment":[{"href":"https:\/\/toplearningexams.fr\/index.php\/wp-json\/wp\/v2\/media?parent=225"}],"curies":[{"name":"wp","href":"https:\/\/api.w.org\/{rel}","templated":true}]}}