{"id":245,"date":"2017-07-18T15:46:28","date_gmt":"2017-07-18T13:46:28","guid":{"rendered":"http:\/\/toplearningexams.fr\/?page_id=245"},"modified":"2024-10-25T13:06:30","modified_gmt":"2024-10-25T11:06:30","slug":"pour-les-ecoles","status":"publish","type":"page","link":"https:\/\/toplearningexams.fr\/index.php\/pour-les-ecoles\/","title":{"rendered":"Ecoles"},"content":{"rendered":"<p><img data-recalc-dims=\"1\" loading=\"lazy\" decoding=\"async\" data-attachment-id=\"269\" data-permalink=\"https:\/\/toplearningexams.fr\/index.php\/pour-les-ecoles\/cambridge_photo3\/\" data-orig-file=\"https:\/\/i0.wp.com\/toplearningexams.fr\/wp-content\/uploads\/2017\/07\/cambridge_photo3.jpg?fit=5100%2C3400&amp;ssl=1\" data-orig-size=\"5100,3400\" data-comments-opened=\"0\" data-image-meta=\"{&quot;aperture&quot;:&quot;16&quot;,&quot;credit&quot;:&quot;&quot;,&quot;camera&quot;:&quot;Canon EOS 5D&quot;,&quot;caption&quot;:&quot;&quot;,&quot;created_timestamp&quot;:&quot;1162889768&quot;,&quot;copyright&quot;:&quot;&quot;,&quot;focal_length&quot;:&quot;55&quot;,&quot;iso&quot;:&quot;100&quot;,&quot;shutter_speed&quot;:&quot;0.5&quot;,&quot;title&quot;:&quot;&quot;,&quot;orientation&quot;:&quot;1&quot;}\" data-image-title=\"cambridge_photo3\" data-image-description=\"\" data-image-caption=\"\" data-medium-file=\"https:\/\/i0.wp.com\/toplearningexams.fr\/wp-content\/uploads\/2017\/07\/cambridge_photo3.jpg?fit=300%2C200&amp;ssl=1\" data-large-file=\"https:\/\/i0.wp.com\/toplearningexams.fr\/wp-content\/uploads\/2017\/07\/cambridge_photo3.jpg?fit=640%2C427&amp;ssl=1\" class=\"aligncenter wp-image-269 size-medium\" src=\"https:\/\/i0.wp.com\/toplearningexams.fr\/wp-content\/uploads\/2017\/07\/cambridge_photo3-300x200.jpg?resize=300%2C200\" alt=\"\" width=\"300\" height=\"200\" srcset=\"https:\/\/i0.wp.com\/toplearningexams.fr\/wp-content\/uploads\/2017\/07\/cambridge_photo3.jpg?resize=300%2C200&amp;ssl=1 300w, https:\/\/i0.wp.com\/toplearningexams.fr\/wp-content\/uploads\/2017\/07\/cambridge_photo3.jpg?resize=768%2C512&amp;ssl=1 768w, https:\/\/i0.wp.com\/toplearningexams.fr\/wp-content\/uploads\/2017\/07\/cambridge_photo3.jpg?resize=1024%2C683&amp;ssl=1 1024w, https:\/\/i0.wp.com\/toplearningexams.fr\/wp-content\/uploads\/2017\/07\/cambridge_photo3.jpg?w=1280&amp;ssl=1 1280w, https:\/\/i0.wp.com\/toplearningexams.fr\/wp-content\/uploads\/2017\/07\/cambridge_photo3.jpg?w=1920&amp;ssl=1 1920w\" sizes=\"auto, (max-width: 300px) 100vw, 300px\" \/><\/p>\n<p>En tant qu&#8217;\u00e9tablissement scolaire, <strong>plusieurs choix s&#8217;offrent \u00e0 vous<\/strong> :<\/p>\n<ul>\n<li><strong>inscrire vos \u00e9l\u00e8ves aux examens en session publique comme s&#8217;ils \u00e9taient <a href=\"http:\/\/toplearningexams.fr\/index.php\/inscriptions\/\">candidats libres<\/a><\/strong> (auquel cas vous n&#8217;avez aucun droit de regard sur leurs r\u00e9sultats),<\/li>\n<li><strong>vous enregistrer comme <a href=\"http:\/\/toplearningexams.fr\/index.php\/devenir-centre-de-preparation-officiel\/\">centre de pr\u00e9paration officiel <\/a>et inscrire vos \u00e9l\u00e8ves aux sessions publiques <\/strong><a href=\"https:\/\/toplearningexams.fr\/index.php\/inscriptions\/je-suis-un-professeur\/\" target=\"_blank\" rel=\"noopener\"><strong>de cette fa\u00e7on<\/strong><\/a> (ce qui vous donne acc\u00e8s \u00e0 leurs r\u00e9sultats et vous permet d&#8217;appara\u00eetre en tant que centre de pr\u00e9paration sur le site de Cambridge Assessement English entre autres avantages),<\/li>\n<li><strong>demander l&#8217;organisation d&#8217;une session priv\u00e9e<\/strong> pour vos \u00e9l\u00e8ves.<\/li>\n<\/ul>\n<p><strong>Nous organisons r\u00e9guli\u00e8rement des s\u00e9minaires destin\u00e9s aux enseignants avec la participation de la consultante p\u00e9dagogique de Cambridge English<\/strong>, les s\u00e9minaires sont annonc\u00e9s dans le <a href=\"http:\/\/toplearningexams.fr\/index.php\/blog\/\">blog<\/a> et sont <strong>ouverts \u00e0 tous<\/strong>, que vous soyez d\u00e9j\u00e0 centre de pr\u00e9paration officiel ou que vous souhaitiez le devenir, <strong>gratuitement<\/strong>.<\/p>\n","protected":false},"excerpt":{"rendered":"<p>En tant qu&#8217;\u00e9tablissement scolaire, plusieurs choix s&#8217;offrent \u00e0 vous : inscrire vos \u00e9l\u00e8ves aux examens en session publique comme s&#8217;ils \u00e9taient candidats libres (auquel cas vous n&#8217;avez aucun droit de regard sur leurs r\u00e9sultats), vous enregistrer comme centre de pr\u00e9paration officiel et inscrire vos \u00e9l\u00e8ves aux sessions publiques de cette fa\u00e7on (ce qui vous donne&hellip;<\/p>\n","protected":false},"author":1,"featured_media":0,"parent":0,"menu_order":0,"comment_status":"closed","ping_status":"closed","template":"","meta":{"_bbp_topic_count":0,"_bbp_reply_count":0,"_bbp_total_topic_count":0,"_bbp_total_reply_count":0,"_bbp_voice_count":0,"_bbp_anonymous_reply_count":0,"_bbp_topic_count_hidden":0,"_bbp_reply_count_hidden":0,"_bbp_forum_subforum_count":0,"om_disable_all_campaigns":false,"_monsterinsights_skip_tracking":false,"_monsterinsights_sitenote_active":false,"_monsterinsights_sitenote_note":"","_monsterinsights_sitenote_category":0,"jetpack_post_was_ever_published":false,"footnotes":""},"class_list":["post-245","page","type-page","status-publish","hentry"],"aioseo_notices":[],"jetpack_sharing_enabled":true,"jetpack_shortlink":"https:\/\/wp.me\/P8SRaH-3X","jetpack-related-posts":[],"_links":{"self":[{"href":"https:\/\/toplearningexams.fr\/index.php\/wp-json\/wp\/v2\/pages\/245","targetHints":{"allow":["GET"]}}],"collection":[{"href":"https:\/\/toplearningexams.fr\/index.php\/wp-json\/wp\/v2\/pages"}],"about":[{"href":"https:\/\/toplearningexams.fr\/index.php\/wp-json\/wp\/v2\/types\/page"}],"author":[{"embeddable":true,"href":"https:\/\/toplearningexams.fr\/index.php\/wp-json\/wp\/v2\/users\/1"}],"replies":[{"embeddable":true,"href":"https:\/\/toplearningexams.fr\/index.php\/wp-json\/wp\/v2\/comments?post=245"}],"version-history":[{"count":0,"href":"https:\/\/toplearningexams.fr\/index.php\/wp-json\/wp\/v2\/pages\/245\/revisions"}],"wp:attachment":[{"href":"https:\/\/toplearningexams.fr\/index.php\/wp-json\/wp\/v2\/media?parent=245"}],"curies":[{"name":"wp","href":"https:\/\/api.w.org\/{rel}","templated":true}]}}