{"id":271,"date":"2017-07-18T19:07:58","date_gmt":"2017-07-18T17:07:58","guid":{"rendered":"http:\/\/toplearningexams.fr\/?page_id=271"},"modified":"2017-10-24T19:19:49","modified_gmt":"2017-10-24T17:19:49","slug":"la-notation","status":"publish","type":"page","link":"https:\/\/toplearningexams.fr\/index.php\/nos-examens\/la-notation\/","title":{"rendered":"La notation"},"content":{"rendered":"<p>Tous les examens (sauf les Young Learners) sont maintenant not\u00e9s sur une seule et m\u00eame \u00e9chelle, elle-m\u00eame cal\u00e9e sur le Cadre Europ\u00e9en Commun de R\u00e9f\u00e9rence des Langues :<\/p>\n<p><img data-recalc-dims=\"1\" loading=\"lazy\" decoding=\"async\" data-attachment-id=\"272\" data-permalink=\"https:\/\/toplearningexams.fr\/index.php\/nos-examens\/la-notation\/cambridgeenglishscale_ielts_rgb_72dpi_web\/\" data-orig-file=\"https:\/\/i0.wp.com\/toplearningexams.fr\/wp-content\/uploads\/2017\/07\/cambridgeenglishscale_ielts_rgb_72dpi_web.jpg?fit=753%2C601&amp;ssl=1\" data-orig-size=\"753,601\" data-comments-opened=\"0\" data-image-meta=\"{&quot;aperture&quot;:&quot;0&quot;,&quot;credit&quot;:&quot;&quot;,&quot;camera&quot;:&quot;&quot;,&quot;caption&quot;:&quot;&quot;,&quot;created_timestamp&quot;:&quot;0&quot;,&quot;copyright&quot;:&quot;&quot;,&quot;focal_length&quot;:&quot;0&quot;,&quot;iso&quot;:&quot;0&quot;,&quot;shutter_speed&quot;:&quot;0&quot;,&quot;title&quot;:&quot;&quot;,&quot;orientation&quot;:&quot;0&quot;}\" data-image-title=\"cambridgeenglishscale_ielts_rgb_72dpi_web\" data-image-description=\"\" data-image-caption=\"\" data-large-file=\"https:\/\/i0.wp.com\/toplearningexams.fr\/wp-content\/uploads\/2017\/07\/cambridgeenglishscale_ielts_rgb_72dpi_web.jpg?fit=640%2C511&amp;ssl=1\" class=\"alignnone size-full wp-image-272\" src=\"https:\/\/i0.wp.com\/toplearningexams.fr\/wp-content\/uploads\/2017\/07\/cambridgeenglishscale_ielts_rgb_72dpi_web.jpg?resize=640%2C511\" alt=\"\" width=\"640\" height=\"511\" srcset=\"https:\/\/i0.wp.com\/toplearningexams.fr\/wp-content\/uploads\/2017\/07\/cambridgeenglishscale_ielts_rgb_72dpi_web.jpg?w=753&amp;ssl=1 753w, https:\/\/i0.wp.com\/toplearningexams.fr\/wp-content\/uploads\/2017\/07\/cambridgeenglishscale_ielts_rgb_72dpi_web.jpg?resize=300%2C239&amp;ssl=1 300w\" sizes=\"auto, (max-width: 640px) 100vw, 640px\" \/><\/p>\n<p>Comme vous pouvez le constater, chaque examen est con\u00e7u pour valider un niveau du CECRL, tout en permettant d&#8217;identifier un candidat qui aurait le niveau juste au-dessus ou juste en-dessous.<\/p>\n<p>Pour prendre un exemple concret, un candidat du <em>Preliminary<\/em> qui obtiendrait la note de 145 obtiendra le dipl\u00f4me <em>Preliminary<\/em>. Avec une note de 133, il aura un certificat attestant du niveau A2 (mais ce certificat ne comportera aucune mention du <em>Key<\/em> puisqu&#8217;il n&#8217;a pas pass\u00e9 cet examen-l\u00e0). Avec une note de 165, le dipl\u00f4me <em>Preliminary<\/em> mentionnera que le candidat a le niveau B2 (sans mentionner le <em>First<\/em> puisque, \u00e0 nouveau, le candidat n&#8217;a pas pass\u00e9 cet examen).<\/p>\n<p>De ce fait, si vous h\u00e9sitez entre deux examens, il peut \u00eatre pr\u00e9f\u00e9rable de pr\u00e9senter celui ayant la difficult\u00e9 la plus faible puisqu&#8217;il vous permettrait de valider le niveau CECRL suivant en cas de r\u00e9ussite remarquable. Inversement, m\u00eame en cas d&#8217;\u00e9chec, il est tr\u00e8s rare de n&#8217;avoir aucun certificat \u00e0 l&#8217;issue de l&#8217;examen.<\/p>\n<p>Le fait d&#8217;avoir plac\u00e9 tous les examens sur une m\u00eame \u00e9chelle permet \u00e9galement aux candidats de suivre leurs progr\u00e8s d&#8217;ann\u00e9e en ann\u00e9e. De m\u00eame, le <em>Statement of Result<\/em> donne le d\u00e9tail des notes par composant et permet de voir quelles sont les comp\u00e9tences \u00e0 am\u00e9liorer. C&#8217;est la moyenne qui d\u00e9termine la note finale et donc l&#8217;obtention du dipl\u00f4me, mais le fait d&#8217;avoir un d\u00e9tail des notes permet parfois de faire valoir \u00e0 l&#8217;\u00e9cole ou \u00e0 l&#8217;employeur que la comp\u00e9tence la plus n\u00e9cessaire est bien acquise m\u00eame si la moyenne est un peu inf\u00e9rieure.<\/p>\n<p>En ce qui concerne la notation de l&#8217;expression \u00e9crite et de l&#8217;expression orale, le d\u00e9tail est disponible en anglais dans les <em>Handbooks for Teacher<\/em> correspondant \u00e0 chaque examen (disponibles sur <a href=\"http:\/\/www.cambridgeenglish.org\/teaching-english\/resources-for-teachers\/\" target=\"_blank\" rel=\"noopener\">Cambridge English<\/a>). De fa\u00e7on g\u00e9n\u00e9rale, c&#8217;est la capacit\u00e9 \u00e0 communiquer et \u00e0 r\u00e9pondre de fa\u00e7on compl\u00e8te qui est r\u00e9compens\u00e9e, et les erreurs de grammaire et de conjugaison p\u00e8sent de plus en plus lourd au fur et \u00e0 mesure que la difficult\u00e9 de l&#8217;examen augmente.<\/p>\n","protected":false},"excerpt":{"rendered":"<p>Tous les examens (sauf les Young Learners) sont maintenant not\u00e9s sur une seule et m\u00eame \u00e9chelle, elle-m\u00eame cal\u00e9e sur le Cadre Europ\u00e9en Commun de R\u00e9f\u00e9rence des Langues : Comme vous pouvez le constater, chaque examen est con\u00e7u pour valider un niveau du CECRL, tout en permettant d&#8217;identifier un candidat qui aurait le niveau juste au-dessus&hellip;<\/p>\n","protected":false},"author":1,"featured_media":0,"parent":39,"menu_order":8,"comment_status":"closed","ping_status":"closed","template":"","meta":{"om_disable_all_campaigns":false,"_monsterinsights_skip_tracking":false,"_monsterinsights_sitenote_active":false,"_monsterinsights_sitenote_note":"","_monsterinsights_sitenote_category":0,"jetpack_post_was_ever_published":false,"footnotes":""},"class_list":["post-271","page","type-page","status-publish","hentry"],"aioseo_notices":[],"jetpack_sharing_enabled":true,"jetpack_shortlink":"https:\/\/wp.me\/P8SRaH-4n","jetpack-related-posts":[],"_links":{"self":[{"href":"https:\/\/toplearningexams.fr\/index.php\/wp-json\/wp\/v2\/pages\/271","targetHints":{"allow":["GET"]}}],"collection":[{"href":"https:\/\/toplearningexams.fr\/index.php\/wp-json\/wp\/v2\/pages"}],"about":[{"href":"https:\/\/toplearningexams.fr\/index.php\/wp-json\/wp\/v2\/types\/page"}],"author":[{"embeddable":true,"href":"https:\/\/toplearningexams.fr\/index.php\/wp-json\/wp\/v2\/users\/1"}],"replies":[{"embeddable":true,"href":"https:\/\/toplearningexams.fr\/index.php\/wp-json\/wp\/v2\/comments?post=271"}],"version-history":[{"count":0,"href":"https:\/\/toplearningexams.fr\/index.php\/wp-json\/wp\/v2\/pages\/271\/revisions"}],"up":[{"embeddable":true,"href":"https:\/\/toplearningexams.fr\/index.php\/wp-json\/wp\/v2\/pages\/39"}],"wp:attachment":[{"href":"https:\/\/toplearningexams.fr\/index.php\/wp-json\/wp\/v2\/media?parent=271"}],"curies":[{"name":"wp","href":"https:\/\/api.w.org\/{rel}","templated":true}]}}