{"id":276,"date":"2017-07-20T16:48:47","date_gmt":"2017-07-20T14:48:47","guid":{"rendered":"http:\/\/toplearningexams.fr\/?page_id=276"},"modified":"2024-10-25T14:05:41","modified_gmt":"2024-10-25T12:05:41","slug":"pour-les-particuliers","status":"publish","type":"page","link":"https:\/\/toplearningexams.fr\/index.php\/pour-les-particuliers\/","title":{"rendered":"Particuliers"},"content":{"rendered":"<p><strong>Avant de vous inscrire \u00e0 un examen de Cambridge English, il est prudent de v\u00e9rifier que votre niveau d&#8217;anglais est ad\u00e9quat en utilisant le <a href=\"http:\/\/www.cambridgeenglish.org\/fr\/test-your-english\/\" target=\"_blank\" rel=\"noopener\">test en ligne<\/a><\/strong> de Cambridge English, et de vous pr\u00e9parer en utilisant le <a href=\"http:\/\/toplearningexams.fr\/index.php\/preparer-un-examen-cambridge-english\/\">mat\u00e9riel<\/a> mis \u00e0 votre disposition.<\/p>\n<p><strong>Les dossiers d&#8217;<a href=\"http:\/\/toplearningexams.fr\/index.php\/inscriptions\/\">inscription<\/a> sont \u00e0 votre disposition <a href=\"https:\/\/toplearningexams.fr\/index.php\/inscriptions\/je-suis-un-particulier\/\" target=\"_blank\" rel=\"noopener\">en ligne<\/a><\/strong>, attention de bien nous les renvoyer avant la date limite indiqu\u00e9e pour chacun d&#8217;eux. <strong>D\u00e8s l&#8217;envoi de votre dossier, pensez \u00e0 vous abonner \u00e0 notre site (surtout au blog) pour \u00eatre pr\u00e9venu de l&#8217;envoi des convocations, de la r\u00e9ception des certificats etc.<\/strong> <strong>La proc\u00e9dure d&#8217;acc\u00e8s aux r\u00e9sultats se trouve <a href=\"https:\/\/toplearningexams.fr\/index.php\/pour-les-particuliers\/les-resultats\/\" target=\"_blank\" rel=\"noopener\">sur le site<\/a>.<br \/>\n<\/strong><\/p>\n<p>Pour en savoir plus sur le <strong>jour de l&#8217;examen<\/strong>, cliquez<strong> <a href=\"http:\/\/toplearningexams.fr\/index.php\/pour-les-particuliers\/le-jour-j\/\">ici<\/a><\/strong>.<\/p>\n<p><strong>Si vous souhaitez d\u00e9poser une r\u00e9clamation, merci d&#8217;utiliser <a href=\"http:\/\/toplearningexams.fr\/index.php\/pour-les-particuliers\/reclamations\/\">ce formulaire<\/a> dans les jours suivant imm\u00e9diatement l&#8217;examen.<\/strong> Attention, nous sommes tenus de faire la demande de <em>Special Consideration<\/em> dans la semaine suivant l&#8217;examen et les r\u00e9clamations d\u00e9pos\u00e9es apr\u00e8s la publication des r\u00e9sultats ne pourront pas \u00eatre prises en compte. <strong>Si vous souhaitez faire v\u00e9rifier votre r\u00e9sultat, merci de vous reporter \u00e0 notre <a href=\"http:\/\/toplearningexams.fr\/index.php\/page-d-exemple\/\">FAQ<\/a><\/strong> pour savoir la proc\u00e9dure \u00e0 suivre.<\/p>\n","protected":false},"excerpt":{"rendered":"<p>Avant de vous inscrire \u00e0 un examen de Cambridge English, il est prudent de v\u00e9rifier que votre niveau d&#8217;anglais est ad\u00e9quat en utilisant le test en ligne de Cambridge English, et de vous pr\u00e9parer en utilisant le mat\u00e9riel mis \u00e0 votre disposition. Les dossiers d&#8217;inscription sont \u00e0 votre disposition en ligne, attention de bien nous&hellip;<\/p>\n","protected":false},"author":1,"featured_media":0,"parent":0,"menu_order":0,"comment_status":"closed","ping_status":"closed","template":"","meta":{"_bbp_topic_count":0,"_bbp_reply_count":0,"_bbp_total_topic_count":0,"_bbp_total_reply_count":0,"_bbp_voice_count":0,"_bbp_anonymous_reply_count":0,"_bbp_topic_count_hidden":0,"_bbp_reply_count_hidden":0,"_bbp_forum_subforum_count":0,"om_disable_all_campaigns":false,"_monsterinsights_skip_tracking":false,"_monsterinsights_sitenote_active":false,"_monsterinsights_sitenote_note":"","_monsterinsights_sitenote_category":0,"jetpack_post_was_ever_published":false,"footnotes":""},"class_list":["post-276","page","type-page","status-publish","hentry"],"aioseo_notices":[],"jetpack_sharing_enabled":true,"jetpack_shortlink":"https:\/\/wp.me\/P8SRaH-4s","jetpack-related-posts":[],"_links":{"self":[{"href":"https:\/\/toplearningexams.fr\/index.php\/wp-json\/wp\/v2\/pages\/276","targetHints":{"allow":["GET"]}}],"collection":[{"href":"https:\/\/toplearningexams.fr\/index.php\/wp-json\/wp\/v2\/pages"}],"about":[{"href":"https:\/\/toplearningexams.fr\/index.php\/wp-json\/wp\/v2\/types\/page"}],"author":[{"embeddable":true,"href":"https:\/\/toplearningexams.fr\/index.php\/wp-json\/wp\/v2\/users\/1"}],"replies":[{"embeddable":true,"href":"https:\/\/toplearningexams.fr\/index.php\/wp-json\/wp\/v2\/comments?post=276"}],"version-history":[{"count":0,"href":"https:\/\/toplearningexams.fr\/index.php\/wp-json\/wp\/v2\/pages\/276\/revisions"}],"wp:attachment":[{"href":"https:\/\/toplearningexams.fr\/index.php\/wp-json\/wp\/v2\/media?parent=276"}],"curies":[{"name":"wp","href":"https:\/\/api.w.org\/{rel}","templated":true}]}}