{"id":283,"date":"2017-07-20T18:03:51","date_gmt":"2017-07-20T16:03:51","guid":{"rendered":"http:\/\/toplearningexams.fr\/?page_id=283"},"modified":"2024-04-15T13:16:38","modified_gmt":"2024-04-15T11:16:38","slug":"le-jour-j","status":"publish","type":"page","link":"https:\/\/toplearningexams.fr\/index.php\/pour-les-particuliers\/le-jour-j\/","title":{"rendered":"Le jour J"},"content":{"rendered":"<h3>Voici le d\u00e9roulement d&#8217;une journ\u00e9e d&#8217;examen typique :<\/h3>\n<h4>Pour les \u00e9crits :<\/h4>\n<ul>\n<li><strong>Arriv\u00e9e sur le lieu de l&#8217;examen avec un peu d&#8217;avance sur l&#8217;horaire indiqu\u00e9 dans la convocation<\/strong> (nous vous demandons g\u00e9n\u00e9ralement d&#8217;arriver avec 30 minutes d&#8217;avance pour l&#8217;\u00e9crit et l&#8217;oral). Si vous ne pouvez pas arriver \u00e0 l&#8217;heure, merci de contacter le num\u00e9ro qui sera indiqu\u00e9 sur votre convocation, \u00e0 utiliser uniquement le jour de l&#8217;examen.<\/li>\n<li>D\u00e8s votre arriv\u00e9e, vous pouvez :\n<ul>\n<li><strong>Pr\u00e9parer vos appareils \u00e9lectroniques<\/strong> <strong>(t\u00e9l\u00e9phones, ordinateurs, tablettes, baladeurs, calculatrices, montres intelligentes et classiques&#8230;) pour leur d\u00e9p\u00f4t \u00e0 la consigne.<\/strong> Ils doivent \u00eatre dans une pochette plastique avec votre convocation. Si vous n&#8217;avez pas d&#8217;appareil \u00e9lectronique, il faut pr\u00e9parer une d\u00e9claration comme quoi vous n&#8217;avez pas confi\u00e9 d&#8217;appareil \u00e0 notre centre le jour de l&#8217;examen.<\/li>\n<li><strong>Pr\u00e9parer le n\u00e9cessaire \u00e0 prendre \u00e0 votre bureau.<\/strong> Tous les sacs etc. seront laiss\u00e9s dans un endroit d\u00e9sign\u00e9, vous ne devez avoir sur votre table que :\n<ul>\n<li><strong>mat\u00e9riel d&#8217;\u00e9criture<\/strong> (bic\/stylo et\/ou crayon selon l&#8217;examen et gomme, pas d&#8217;effa\u00e7eur, de liquide correcteur, de bic effa\u00e7able par friction, de r\u00e8gle etc.)<\/li>\n<li>votre <strong>pi\u00e8ce d&#8217;identit\u00e9<\/strong> (<strong>obligatoire<\/strong>, sauf pour les <em>Young Learners<\/em>, en cours de validit\u00e9 et avec photo et signature)<\/li>\n<li><strong>des crayons de couleur (pour les <em>Young Learners<\/em> uniquement : rouge, rose, violet, bleu, vert, jaune, orange, brun, gris, noir)<\/strong><\/li>\n<li>des surligneurs \u00e9ventuellement<\/li>\n<li>une bouteille d&#8217;eau claire (pas d&#8217;eau aromatis\u00e9e), les gourdes sans mots anglais sont autoris\u00e9es<\/li>\n<\/ul>\n<\/li>\n<\/ul>\n<\/li>\n<li>Quelques minutes avant l&#8217;heure de l&#8217;examen proprement dit, <strong>les candidats entrent dans la salle d&#8217;examen et s&#8217;installent \u00e0 leur si\u00e8ge<\/strong> apr\u00e8s avoir d\u00e9pos\u00e9 leur sac dans la zone d\u00e9sign\u00e9e. <strong>Notre personnel donne des consignes<\/strong> avant et apr\u00e8s l&#8217;entr\u00e9e en salle d&#8217;examen. <strong>Merci de les \u00e9couter attentivement et de poser toutes les questions qui pourraient vous venir \u00e0 l&#8217;esprit<\/strong> avant le d\u00e9but de chaque composant.<\/li>\n<li><strong>Les appareils \u00e9lectroniques sont collect\u00e9s et l&#8217;identit\u00e9 des candidats est v\u00e9rifi\u00e9e.<\/strong> Les appareils seront rendus une fois le dernier composant fini.<\/li>\n<li><strong>Les composants \u00e9crits se d\u00e9roulent dans l&#8217;ordre indiqu\u00e9 sur la convocation.<\/strong>\n<ul>\n<li>Il est permis de quitter la salle d\u00e9finitivement (jusqu&#8217;au prochain composant) une fois qu&#8217;un certain temps s&#8217;est \u00e9coul\u00e9, et tant que les dix derni\u00e8res minutes ne sont pas entam\u00e9es. En dehors de cela tout candidat qui a fini est oblig\u00e9 de rester \u00e0 sa place sans communiquer avec les autres candidats. Ceux qui sortent pendant la p\u00e9riode autoris\u00e9e peuvent r\u00e9cup\u00e9rer leurs sacs au moment de leur sortie mais ne peuvent pas revenir dans la salle tant que le composant n&#8217;est pas fini pour tout le monde. Il est interdit de sortir pendant le <em>Listening<\/em>.<\/li>\n<li>Des pauses assez longues sont pr\u00e9vues entre les composants pour rattraper tout retard \u00e9ventuel et pour permettre aux candidats de se sustenter lorsque les examens durent longtemps. Merci de respecter la tranquillit\u00e9 et la propret\u00e9 des locaux pendant ces pauses.<\/li>\n<li>Toute triche est interdite. Notre personnel ne peut pas r\u00e9pondre aux questions concernant le contenu de l&#8217;examen (m\u00eame les consignes &#8211; leur compr\u00e9hension fait partie du test).<\/li>\n<\/ul>\n<\/li>\n<li><strong>Pour les examens sur papier, le surveillant pr\u00e9vient lorsqu&#8217;il reste 10 et 5 minutes avant la fin du composant.<\/strong> Il s&#8217;agit de la derni\u00e8re limite pour copier les r\u00e9ponses sur la feuille de r\u00e9ponses (en dehors des examens Young Learners : Pre-A1 Starters, A1 Movers et A2 Flyers \u00e9crivent les r\u00e9ponses directement sur le sujet). <strong>Il n&#8217;y a pas de temps additionnel si un candidat n&#8217;a pas copi\u00e9 toutes ses r\u00e9ponses malgr\u00e9 les rappels. <\/strong><\/li>\n<li><strong>Les appareils \u00e9lectroniques sont rendus aux candidats apr\u00e8s le dernier composant.<\/strong><\/li>\n<\/ul>\n<h4>Sp\u00e9cificit\u00e9 pour les examens Digital :<\/h4>\n<ul>\n<li>Les questions varient d&#8217;un candidat \u00e0 l&#8217;autre de fa\u00e7on al\u00e9atoire.<\/li>\n<li>Une feuille de brouillon est fournie et les candidats peuvent garder de quoi \u00e9crire dessus. Le brouillon utilis\u00e9 est r\u00e9cup\u00e9r\u00e9 \u00e0 la fin de chaque composant. Il est \u00e9galement possible de prendre des notes directement sur le navigateur s\u00e9curis\u00e9, elles disparaissent \u00e0 la fin du composant.<\/li>\n<li>Il est possible de surligner sur l&#8217;\u00e9cran (en une seule couleur).<\/li>\n<li>Il n&#8217;y a pas de rappels par les surveillants. Le temps restant est affich\u00e9 \u00e0 l&#8217;\u00e9cran, \u00e0 partir de 5 minutes restantes les secondes apparaissent, et cela passe en rouge pour la derni\u00e8re minute.<\/li>\n<li>Chaque r\u00e9ponse valid\u00e9e est indiqu\u00e9e par un trait noir en bas de l&#8217;\u00e9cran, au niveau de la partie correspondante. Il faut donc avoir un trait noir continu au-dessus de chaque partie.<\/li>\n<li>Il est \u00e9galement possible de signaler les questions sur lesquelles ont veut revenir plus tard en cliquant sur le petit marque-page en regard de la question.<\/li>\n<\/ul>\n<p>Exemple : Part 1 est compl\u00e8te, Part 2 est en cours, il y a une question \u00e0 v\u00e9rifier en Part 1.<br \/>\n<img data-recalc-dims=\"1\" loading=\"lazy\" decoding=\"async\" data-attachment-id=\"6527\" data-permalink=\"https:\/\/toplearningexams.fr\/index.php\/pour-les-particuliers\/le-jour-j\/capture-decran-site-digital\/\" data-orig-file=\"https:\/\/i0.wp.com\/toplearningexams.fr\/wp-content\/uploads\/2024\/04\/Capture-decran-Site-Digital.jpg?fit=423%2C60&amp;ssl=1\" data-orig-size=\"423,60\" data-comments-opened=\"0\" data-image-meta=\"{&quot;aperture&quot;:&quot;0&quot;,&quot;credit&quot;:&quot;&quot;,&quot;camera&quot;:&quot;&quot;,&quot;caption&quot;:&quot;&quot;,&quot;created_timestamp&quot;:&quot;0&quot;,&quot;copyright&quot;:&quot;&quot;,&quot;focal_length&quot;:&quot;0&quot;,&quot;iso&quot;:&quot;0&quot;,&quot;shutter_speed&quot;:&quot;0&quot;,&quot;title&quot;:&quot;&quot;,&quot;orientation&quot;:&quot;0&quot;}\" data-image-title=\"Capture d\u2019\u00e9cran Site Digital\" data-image-description=\"\" data-image-caption=\"\" data-large-file=\"https:\/\/i0.wp.com\/toplearningexams.fr\/wp-content\/uploads\/2024\/04\/Capture-decran-Site-Digital.jpg?fit=423%2C60&amp;ssl=1\" class=\"alignnone size-medium wp-image-6527 aligncenter\" src=\"https:\/\/i0.wp.com\/toplearningexams.fr\/wp-content\/uploads\/2024\/04\/Capture-decran-Site-Digital.jpg?resize=300%2C43&#038;ssl=1\" alt=\"\" width=\"300\" height=\"43\" srcset=\"https:\/\/i0.wp.com\/toplearningexams.fr\/wp-content\/uploads\/2024\/04\/Capture-decran-Site-Digital.jpg?resize=300%2C43&amp;ssl=1 300w, https:\/\/i0.wp.com\/toplearningexams.fr\/wp-content\/uploads\/2024\/04\/Capture-decran-Site-Digital.jpg?w=423&amp;ssl=1 423w\" sizes=\"auto, (max-width: 300px) 100vw, 300px\" \/><\/p>\n<ul>\n<li>A partir du B1 Preliminary (for School), il faut absolument indiquer la question choisir pour Writing Part 2 (Select : Yes) en haut de la page, sans quoi la r\u00e9ponse ne sera pas envoy\u00e9e.<\/li>\n<li>Le nombre de mots \u00e9crits en Writing est indiqu\u00e9 par le programme en temps r\u00e9el. Il faut respecter autant que possible le nombre de mots demand\u00e9s. Ecrire moins, c&#8217;est courir le risque de ne pas r\u00e9pondre enti\u00e8rement \u00e0 la question et de ne pas fournir un \u00e9chantillon suffisant pour d\u00e9terminer vos capacit\u00e9s. Ecrire plus, c&#8217;est risquer le hors-sujet, ce qui impacte les notes pour le contenu et la capacit\u00e9 \u00e0 communiquer.<\/li>\n<li>Le Listening finit \u00e0 des moments diff\u00e9rents selon les candidats (jusqu&#8217;\u00e0 deux ou trois minutes de d\u00e9calage), il est donc important de rester assis en silence jusqu&#8217;\u00e0 ce que le surveillant indique la fin de l&#8217;\u00e9preuve.<\/li>\n<\/ul>\n<p>Les oraux ont g\u00e9n\u00e9ralement lieu apr\u00e8s les \u00e9crits (les seules exceptions sont le <em>A2 Key<\/em>, pour lequel les oraux ont souvent lieu le matin, et le <em>C2 Proficiency<\/em> pour lequel ils ont parfois lieu la veille).<\/p>\n<h4>Pour les oraux :<\/h4>\n<ul>\n<li><strong>Arriv\u00e9e des candidats 30 minutes avant l&#8217;heure de passage indiqu\u00e9e sur la convocation.<\/strong> Plus votre heure de passage est tard dans la journ\u00e9e, plus il faut arriver en avance pour compenser d&#8217;\u00e9ventuelles absences.<\/li>\n<li><strong>Pour le <em>B2 First<\/em>, le <em>C1 Advanced<\/em> et le <em>C2 Proficiency<\/em>, notre personnel prend une photo du candidat<\/strong> (cf. <em>Consent Form<\/em> dans le dossier d&#8217;inscription). Si nous n&#8217;avons pas l&#8217;autorisation de prendre cette photo, vous ne pouvez pas passer ces examens.<\/li>\n<li><strong>Nous v\u00e9rifions l&#8217;identit\u00e9 du candidat gr\u00e2ce \u00e0 une pi\u00e8ce d&#8217;identit\u00e9 (obligatoire toujours sauf pour Young Learners)<\/strong> et, si le bin\u00f4me est pr\u00e9sent en salle d&#8217;attente, nous faisons les pr\u00e9sentations.<\/li>\n<li><strong>Les derniers candidats de la journ\u00e9e peuvent \u00eatre amen\u00e9s \u00e0 passer en trio<\/strong> si le nombre de candidats est impair pour les examens allant du <em>A2 Key<\/em> au <em>C2 Proficiency<\/em>. <strong>Les paires peuvent \u00eatre r\u00e9-arrang\u00e9es le jour de l&#8217;examen pour accommoder les absents \u00e9ventuels ou les retards.<\/strong><\/li>\n<li><strong>Lorsque les <em>Speaking Examiners<\/em> sont pr\u00eats, nous escortons les candidats jusqu&#8217;\u00e0 la salle et leur remettons la <em>Marksheet<\/em> <\/strong>qu&#8217;ils devront donner aux <em>Speaking Examiners<\/em>. Les sacs etc. restent dans la salle d&#8217;attente avec tous les objets \u00e9lectroniques.<\/li>\n<li><strong>Une fois l&#8217;oral fini, les candidats sortants r\u00e9cup\u00e8rent leurs sacs et partent sans parler avec ceux qui attendent.<\/strong><\/li>\n<\/ul>\n<div class=\"jetpack-video-wrapper\"><span class=\"embed-youtube\" style=\"text-align:center; display: block;\"><iframe loading=\"lazy\" class=\"youtube-player\" width=\"640\" height=\"360\" src=\"https:\/\/www.youtube.com\/embed\/3uSVxPMSOsk?version=3&#038;rel=1&#038;showsearch=0&#038;showinfo=1&#038;iv_load_policy=1&#038;fs=1&#038;hl=en-US&#038;autohide=2&#038;wmode=transparent\" allowfullscreen=\"true\" style=\"border:0;\" sandbox=\"allow-scripts allow-same-origin allow-popups allow-presentation allow-popups-to-escape-sandbox\"><\/iframe><\/span><\/div>\n<h4><strong>Note concernant les <em>Young Learners<\/em> : <\/strong><\/h4>\n<p>Les principales diff\u00e9rences concernant les examens <em>Young Learners<\/em> sont :<\/p>\n<ul>\n<li>le fait qu&#8217;une pi\u00e8ce d&#8217;identit\u00e9 n&#8217;est pas obligatoire<\/li>\n<li>la n\u00e9cessit\u00e9 de pr\u00e9voir des crayons de couleur<\/li>\n<li>l&#8217;absence d&#8217;<em>Answer Sheet<\/em> (toutes les r\u00e9ponses sont \u00e9crites directement sur le sujet)<\/li>\n<li>le fait que l&#8217;oral est individuel et que le candidat est escort\u00e9 jusqu&#8217;\u00e0 la salle par son professeur et non par un membre de notre personnel.<\/li>\n<\/ul>\n<p><strong>Pour tous les examens :<\/strong> tout affichage en anglais \u00e9tant interdit dans la salle d&#8217;examen, merci d&#8217;<strong>\u00e9viter les v\u00eatements portant des slogans anglophones<\/strong> ou m\u00eame un mot isol\u00e9&#8230; Sans cela, nous devrons vous demander de retourner le v\u00eatement&#8230;<\/p>\n","protected":false},"excerpt":{"rendered":"<p>Voici le d\u00e9roulement d&#8217;une journ\u00e9e d&#8217;examen typique : Pour les \u00e9crits : Arriv\u00e9e sur le lieu de l&#8217;examen avec un peu d&#8217;avance sur l&#8217;horaire indiqu\u00e9 dans la convocation (nous vous demandons g\u00e9n\u00e9ralement d&#8217;arriver avec 30 minutes d&#8217;avance pour l&#8217;\u00e9crit et l&#8217;oral). Si vous ne pouvez pas arriver \u00e0 l&#8217;heure, merci de contacter le num\u00e9ro qui&hellip;<\/p>\n","protected":false},"author":1,"featured_media":0,"parent":276,"menu_order":1,"comment_status":"closed","ping_status":"closed","template":"","meta":{"om_disable_all_campaigns":false,"_monsterinsights_skip_tracking":false,"_monsterinsights_sitenote_active":false,"_monsterinsights_sitenote_note":"","_monsterinsights_sitenote_category":0,"jetpack_post_was_ever_published":false,"footnotes":""},"class_list":["post-283","page","type-page","status-publish","hentry"],"aioseo_notices":[],"jetpack_sharing_enabled":true,"jetpack_shortlink":"https:\/\/wp.me\/P8SRaH-4z","jetpack-related-posts":[],"_links":{"self":[{"href":"https:\/\/toplearningexams.fr\/index.php\/wp-json\/wp\/v2\/pages\/283","targetHints":{"allow":["GET"]}}],"collection":[{"href":"https:\/\/toplearningexams.fr\/index.php\/wp-json\/wp\/v2\/pages"}],"about":[{"href":"https:\/\/toplearningexams.fr\/index.php\/wp-json\/wp\/v2\/types\/page"}],"author":[{"embeddable":true,"href":"https:\/\/toplearningexams.fr\/index.php\/wp-json\/wp\/v2\/users\/1"}],"replies":[{"embeddable":true,"href":"https:\/\/toplearningexams.fr\/index.php\/wp-json\/wp\/v2\/comments?post=283"}],"version-history":[{"count":0,"href":"https:\/\/toplearningexams.fr\/index.php\/wp-json\/wp\/v2\/pages\/283\/revisions"}],"up":[{"embeddable":true,"href":"https:\/\/toplearningexams.fr\/index.php\/wp-json\/wp\/v2\/pages\/276"}],"wp:attachment":[{"href":"https:\/\/toplearningexams.fr\/index.php\/wp-json\/wp\/v2\/media?parent=283"}],"curies":[{"name":"wp","href":"https:\/\/api.w.org\/{rel}","templated":true}]}}