{"id":296,"date":"2017-07-20T18:35:14","date_gmt":"2017-07-20T16:35:14","guid":{"rendered":"http:\/\/toplearningexams.fr\/?page_id=296"},"modified":"2025-05-02T10:06:33","modified_gmt":"2025-05-02T08:06:33","slug":"les-resultats","status":"publish","type":"page","link":"https:\/\/toplearningexams.fr\/index.php\/pour-les-particuliers\/les-resultats\/","title":{"rendered":"Les r\u00e9sultats"},"content":{"rendered":"<p><strong>Pour tous les examens, vous trouverez sur votre convocation<\/strong> la proc\u00e9dure \u00e0 suivre pour acc\u00e9der \u00e0 votre r\u00e9sultat en ligne, ainsi que <strong>les identifiants \u00e0 utiliser et les dates de publication<\/strong> (c&#8217;est actuellement la derni\u00e8re date possible, mais les r\u00e9sultats peuvent \u00eatre publi\u00e9s jusqu&#8217;\u00e0 deux semaines avant).<\/p>\n<h4>Attention\u00a0: pour pouvoir consulter vos r\u00e9sultats en ligne vous devez suivre la proc\u00e9dure suivante en DEUX \u00e9tapes :<\/h4>\n<ul>\n<li>Vous devez <strong>pr\u00e9alablement<\/strong> vous enregistrer et choisir un mot de passe pour la future consultation des r\u00e9sultats (notez soigneusement votre mot de passe!):\n<ul>\n<li>Allez sur <a href=\"https:\/\/candidates.cambridgeenglish.org\/\" target=\"_blank\" rel=\"noopener noreferrer\">https:\/\/candidates.cambridgeenglish.org\/<\/a><\/li>\n<li>Cliquez sur le bouton &#8220;<em>Register<\/em>&#8221; et entrez votre <em>ID Number<\/em> et <em>Secret Number<\/em> (sur la convocation, dans le coin inf\u00e9rieur gauche)<\/li>\n<li>Ensuite, entrez votre adresse email et choisissez un mot de passe<\/li>\n<li>Acceptez les <em>Terms of Use<\/em><\/li>\n<li>Cliquez sur &#8220;<em>Submit<\/em>&#8220;<\/li>\n<li>Un email vous sera envoy\u00e9 automatiquement lorsque votre r\u00e9sultat sera publi\u00e9<\/li>\n<\/ul>\n<\/li>\n<li>Pour consulter les r\u00e9sultats le jour J connectez vous \u00e0 nouveau sur le site <a href=\"https:\/\/candidates.cambridgeenglish.org\/\" target=\"_blank\" rel=\"noopener noreferrer\">https:\/\/candidates.cambridgeenglish.org\/<\/a>\n<ul>\n<li>Cliquez sur &#8220;<em>Login<\/em>&#8220;<\/li>\n<li>Saisissez votre <em>ID Number<\/em> et votre mot de passe (pas le <em>Secret Number<\/em> !)<\/li>\n<li>Votre r\u00e9sultat appara\u00eetra sur la page. Cliquez sur le bouton &#8220;<em>Statement of Result<\/em>&#8221; pour voir votre r\u00e9sultat pour chaque composant<\/li>\n<\/ul>\n<\/li>\n<\/ul>\n<p>Si vous avez perdu vos identifiants ou n&#8217;arrivez pas \u00e0 vous connecter au site, vous pouvez <a href=\"http:\/\/toplearningexams.fr\/index.php\/contact\/\">nous contacter<\/a> et nous vous communiquerons vos r\u00e9sultats.<\/p>\n<p>Les r\u00e9sultats commencent \u00e0 \u00eatre publi\u00e9s \u00e0 partir du moment o\u00f9 70% des copies (pour l&#8217;examen de ce niveau pass\u00e9 ce jour-l\u00e0 au niveau mondial) sont corrig\u00e9es.<\/p>\n<h4>Le retrait des certificats :<\/h4>\n<p>Pour les candidats ayant obtenu un r\u00e9sultat positif (examen r\u00e9ussi ou attestation CECR de niveau inf\u00e9rieur selon le cas), les Certificats seront envoy\u00e9s par Cambridge English \u00e0 notre centre (un billet est publi\u00e9 sur le <a href=\"http:\/\/toplearningexams.fr\/index.php\/blog\/\">Blog<\/a> une fois que nous les avons tous re\u00e7us). Cambridge English imposant la tra\u00e7abilit\u00e9 de la remise de ces documents officiels, vous disposez de diff\u00e9rents moyens pour l\u2019obtenir :<\/p>\n<ul>\n<li>soit vous \u00eates inscrit(e) dans un \u00e9tablissement scolaire qui se charge de r\u00e9ceptionner l\u2019ensemble des certificats de ses \u00e9l\u00e8ves, il vous sera alors remis en mains propres.<\/li>\n<li>soit vous venez le retirer directement \u00e0 l\u2019accueil de notre Centre \u00ab Cambridge Provence \u00bb (uniquement sur rendez-vous, nous contacter par t\u00e9l\u00e9phone deux jours ouvr\u00e9s avant minimum). Une pi\u00e8ce d\u2019identit\u00e9 du candidat sera n\u00e9cessaire (si retrait par une tierce personne, celle-ci devra imp\u00e9rativement pr\u00e9senter l\u2019original ou une copie de votre pi\u00e8ce d\u2019identit\u00e9)<\/li>\n<li>soit vous nous demandez de vous l\u2019exp\u00e9dier en courrier recommand\u00e9. Dans ce cas, vous avez deux choix :\n<ul>\n<li>r\u00e9gler en ligne sur la <a href=\"https:\/\/toplearningexams.fr\/index.php\/inscriptions\/shop\/\">boutique<\/a> en indiquant en commentaire la session concern\u00e9e (niveau et date) et en remplissant le reste des informations comme pour l&#8217;examen<\/li>\n<li>nous faire parvenir imp\u00e9rativement <u>une enveloppe libell\u00e9e \u00e0 votre adresse format 21 x 29,7 dos cartonn\u00e9<\/u> <u>affranchie au tarif Lettre Recommand\u00e9e avec accus\u00e9 de r\u00e9ception et le r\u00e9c\u00e9piss\u00e9 de d\u00e9p\u00f4t compl\u00e9t\u00e9 (R1 tarif 50 \u00e0 100g) ou lettre verte avec suivi (jusqu&#8217;\u00e0 100g). Aucun envoi ne pourra \u00eatre fait en courrier simple ou insuffisamment affranchi.<\/u><\/li>\n<\/ul>\n<\/li>\n<\/ul>\n<p><em>\u00a0<\/em><\/p>\n\n\n<p><\/p>\n","protected":false},"excerpt":{"rendered":"<p>Pour tous les examens, vous trouverez sur votre convocation la proc\u00e9dure \u00e0 suivre pour acc\u00e9der \u00e0 votre r\u00e9sultat en ligne, ainsi que les identifiants \u00e0 utiliser et les dates de publication (c&#8217;est actuellement la derni\u00e8re date possible, mais les r\u00e9sultats peuvent \u00eatre publi\u00e9s jusqu&#8217;\u00e0 deux semaines avant). Attention\u00a0: pour pouvoir consulter vos r\u00e9sultats en ligne&hellip;<\/p>\n","protected":false},"author":1,"featured_media":0,"parent":276,"menu_order":2,"comment_status":"closed","ping_status":"closed","template":"","meta":{"om_disable_all_campaigns":false,"_monsterinsights_skip_tracking":false,"_monsterinsights_sitenote_active":false,"_monsterinsights_sitenote_note":"","_monsterinsights_sitenote_category":0,"jetpack_post_was_ever_published":false,"footnotes":""},"class_list":["post-296","page","type-page","status-publish","hentry"],"aioseo_notices":[],"jetpack_sharing_enabled":true,"jetpack_shortlink":"https:\/\/wp.me\/P8SRaH-4M","jetpack-related-posts":[],"_links":{"self":[{"href":"https:\/\/toplearningexams.fr\/index.php\/wp-json\/wp\/v2\/pages\/296","targetHints":{"allow":["GET"]}}],"collection":[{"href":"https:\/\/toplearningexams.fr\/index.php\/wp-json\/wp\/v2\/pages"}],"about":[{"href":"https:\/\/toplearningexams.fr\/index.php\/wp-json\/wp\/v2\/types\/page"}],"author":[{"embeddable":true,"href":"https:\/\/toplearningexams.fr\/index.php\/wp-json\/wp\/v2\/users\/1"}],"replies":[{"embeddable":true,"href":"https:\/\/toplearningexams.fr\/index.php\/wp-json\/wp\/v2\/comments?post=296"}],"version-history":[{"count":0,"href":"https:\/\/toplearningexams.fr\/index.php\/wp-json\/wp\/v2\/pages\/296\/revisions"}],"up":[{"embeddable":true,"href":"https:\/\/toplearningexams.fr\/index.php\/wp-json\/wp\/v2\/pages\/276"}],"wp:attachment":[{"href":"https:\/\/toplearningexams.fr\/index.php\/wp-json\/wp\/v2\/media?parent=296"}],"curies":[{"name":"wp","href":"https:\/\/api.w.org\/{rel}","templated":true}]}}