{"id":43,"date":"2017-06-30T16:42:22","date_gmt":"2017-06-30T14:42:22","guid":{"rendered":"http:\/\/toplearningexams.fr\/?page_id=43"},"modified":"2026-01-27T14:57:46","modified_gmt":"2026-01-27T13:57:46","slug":"contact","status":"publish","type":"page","link":"https:\/\/toplearningexams.fr\/index.php\/contact\/","title":{"rendered":"Contact"},"content":{"rendered":"<p>La responsable de l&#8217;organisation des examens est disponible par t\u00e9l\u00e9phone au 04 42 99 21 97 de 10h \u00e0 17h les lundis, mardis, jeudis et vendredis (hors jours d&#8217;examens). En dehors de ces horaires, vous pouvez laisser un message ou envoyer un SMS au 07 57 41 80 52 et vous serez recontact\u00e9 dans les meilleurs d\u00e9lais possibles.<\/p>\n<p>Pour tout autre renseignement, merci de remplir le formulaire ci-dessous :<\/p>\n<div data-test='contact-form'\n\t\t\tid='contact-form-43'\n\t\t\tclass='wp-block-jetpack-contact-form-container '\n\t\t\tdata-wp-interactive='jetpack\/form' data-wp-context='{\"formId\":\"43\",\"formHash\":\"2d679239b2eb8f5f7e4cb71b7e690fe42df8351f\",\"showErrors\":false,\"errors\":[],\"fields\":[],\"isMultiStep\":false,\"useAjax\":true,\"submissionData\":null,\"formattedSubmissionData\":[],\"submissionSuccess\":false,\"submissionError\":null,\"elementId\":\"jp-form-2d679239b2eb8f5f7e4cb71b7e690fe42df8351f\",\"isSingleInputForm\":false}'\n\t\t\tdata-wp-watch--scroll-to-wrapper=\"callbacks.scrollToWrapper\"\n\t\t>\n<div class=\"contact-form-submission contact-form-ajax-submission\" data-wp-bind--aria-hidden=\"state.isSuccessMessageAriaHidden\" data-wp-class--submission-success=\"context.submissionSuccess\" id=\"contact-form-success-2d679239b2eb8f5f7e4cb71b7e690fe42df8351f\" tabindex=\"-1\" aria-labelledby=\"contact-form-success-header-2d679239b2eb8f5f7e4cb71b7e690fe42df8351f\"><p class=\"go-back-message\"><a class=\"link\" role=\"button\" tabindex=\"0\" data-wp-on--click=\"actions.goBack\" href=\"\/index.php\/wp-json\/wp\/v2\/pages\/43\">\u2190 Back<\/a><\/p><h4 data-wp-bind--aria-hidden=\"state.isSuccessMessageAriaHidden\" id=\"contact-form-success-header-2d679239b2eb8f5f7e4cb71b7e690fe42df8351f\">Thank you for your response. \u2728<\/h4>\n\n<template data-wp-each--submission=\"context.formattedSubmissionData\">\n\t\t\t\t\t<div class=\"jetpack_forms_contact-form-success-summary\">\n\t\t\t\t\t\t<div class=\"field-name\" data-wp-text=\"context.submission.label\" data-wp-bind--hidden=\"!context.submission.label\"><\/div>\n\t\t\t\t\t\t<div class=\"field-value\" data-wp-text=\"context.submission.value\" data-wp-bind--hidden=\"!context.submission.showPlainValue\"><\/div>\n\t\t\t\t\t\t<a class=\"field-url\" data-wp-bind--href=\"context.submission.url\" data-wp-text=\"context.submission.value\" data-wp-bind--hidden=\"!context.submission.url\" target=\"_blank\" rel=\"noopener noreferrer\"><\/a>\n\t\t\t\t\t\t<div class=\"field-rating\" data-wp-bind--hidden=\"!context.submission.rating\" data-wp-watch=\"callbacks.watchRatingIcons\"><\/div>\n\t\t\t\t\t\t<div class=\"field-images\" data-wp-bind--hidden=\"!context.submission.images\">\n\t\t\t\t\t\t\t<template data-wp-each--image=\"context.submission.images\">\n\t\t\t\t\t\t\t\t<div class=\"field-image-option\" data-wp-class--is-empty=\"!context.image.src\">\n\t\t\t\t\t\t\t\t\t<figure class=\"field-image-option__image\" data-wp-class--is-empty=\"!context.image.src\">\n\t\t\t\t\t\t\t\t\t\t<img data-wp-bind--src=\"context.image.src\" data-wp-bind--hidden=\"!context.image.src\" \/>\n\t\t\t\t\t\t\t\t\t\t<img decoding=\"async\" src=\"data:image\/gif;base64,R0lGODlhAQABAAD\/ACwAAAAAAQABAAACADs=\" data-wp-bind--hidden=\"context.image.src\" \/>\n\t\t\t\t\t\t\t\t\t<\/figure>\n\t\t\t\t\t\t\t\t\t<div class=\"field-image-option__label-wrapper\">\n\t\t\t\t\t\t\t\t\t\t<span class=\"field-image-option__label-code\" data-wp-text=\"context.image.letterCode\"><\/span>\n\t\t\t\t\t\t\t\t\t\t<span class=\"field-image-option__label\" data-wp-text=\"context.image.label\" data-wp-bind--hidden=\"!context.image.label\"><\/span>\n\t\t\t\t\t\t\t\t\t<\/div>\n\t\t\t\t\t\t\t\t<\/div>\n\t\t\t\t\t\t\t<\/template>\n\t\t\t\t\t\t<\/div>\n\t\t\t\t\t\t<div class=\"field-files\" data-wp-bind--hidden=\"!context.submission.files\">\n\t\t\t\t\t\t\t<template data-wp-each--file=\"context.submission.files\">\n\t\t\t\t\t\t\t\t<div class=\"field-file\">\n\t\t\t\t\t\t\t\t\t<div class=\"field-file__thumbnail\" data-wp-style--background-image=\"context.file.previewUrl\" data-wp-style--mask-image=\"context.file.iconUrl\" data-wp-bind--hidden=\"!context.file.hasPreview\"><\/div>\n\t\t\t\t\t\t\t\t\t<svg class=\"field-file__icon\" data-wp-bind--hidden=\"context.file.hasPreview\" width=\"20\" height=\"20\" viewBox=\"0 0 24 24\" fill=\"none\" xmlns=\"http:\/\/www.w3.org\/2000\/svg\" aria-hidden=\"true\">\n\t\t\t\t\t\t\t\t\t\t<path d=\"M14 2H6C4.9 2 4 2.9 4 4V20C4 21.1 4.89 22 5.99 22H18C19.1 22 20 21.1 20 20V8L14 2ZM18 20H6V4H13V9H18V20Z\" fill=\"currentColor\"\/>\n\t\t\t\t\t\t\t\t\t<\/svg>\n\t\t\t\t\t\t\t\t\t<span class=\"field-file__name\" data-wp-text=\"context.file.name\"><\/span>\n\t\t\t\t\t\t\t\t\t<span class=\"field-file__size\" data-wp-text=\"context.file.size\"><\/span>\n\t\t\t\t\t\t\t\t<\/div>\n\t\t\t\t\t\t\t<\/template>\n\t\t\t\t\t\t<\/div>\n\t\t\t\t\t<\/div>\n\t\t\t\t<\/template><\/div><form action='https:\/\/toplearningexams.fr\/index.php\/contact\/'\n\t\t\t\tid='jp-form-2d679239b2eb8f5f7e4cb71b7e690fe42df8351f'\n\t\t\t\tmethod='post'\n\t\t\t\tclass='contact-form commentsblock' aria-label=\"Contact\"\n\t\t\t\tdata-wp-on--submit=\"actions.onFormSubmit\"\n\t\t\t\tdata-wp-on--reset=\"actions.onFormReset\"\n\t\t\t\tdata-wp-class--submission-success=\"context.submissionSuccess\"\n\t\t\t\tdata-wp-class--is-first-step=\"state.isFirstStep\"\n\t\t\t\tdata-wp-class--is-last-step=\"state.isLastStep\"\n\t\t\t\tdata-wp-class--is-ajax-form=\"context.useAjax\"\n\t\t\t\tnovalidate >\n<input type='hidden' name='jetpack_contact_form_jwt' value='eyJ0eXAiOiJKV1QiLCJhbGciOiJIUzI1NiJ9.eyJlbmNyeXB0ZWRfYXR0cmlidXRlcyI6IjlFWC9ZZnVYd1FtNVgySi9FQ3dPVnUvbkt4bmNTYkdWbGdxTnlvd1g0WjRBaHZqbEIrNnN6TWxvcnJOanJzekM1bHlmUnFNaXJqN1dUdDBmSVlNMkZuZFlaZFJpbkNaa0lFcTBwM3QxZFRGaHYwU2c1M3o0Y2QwREpPb0U3ZnY5bitVSlA0endqTTVyUnd5Q3VkZ2RvVWRuOU1XTW5hL2dHd1MxRlg5VkhqKzZVUzNiWk4wQUdGQ3VIQTFrSEQ2K0tqSGIzWmFMZURhUERKZHRsa2MxOUM5a1Vnb0pRdVFkRWNiM0VnK0Q1VzBYSnNaMXlRVVNlTmR3aTdvMGRpVjlQUDJnaU92V2lJbTJoNnBBWXFuSk51K0cwclRGSXdTTDY3UFk5ZFZvOVlsb1JhcWthRVZYYVk4K3l4Z0FqeS9waWNjaXBNVEdLYUxzWVhCQWFuNGtwT2FOcnVEZkpoWmdiZU5nUkVLSmJMTWIxdThTbnl3NlJuOHZhYUZsbDVwVWwrcWFnREVoaWVGdjVwSTFWT1NCUUlFOGFoM0hLeWg0QzBUckVxSHJFR1ZzYXpPdHZTbjhXNUJ0WkRwaklTTXRkS24zQUVabUJ4dzJvUzVuK01PV3M5QTFpQVdTd0F5azNxQi95aEhLTytZZVl2N1RCc05VUXFnTU1va3RJc3lvMWpLVGQ5U3FpVHFZQWpxd0Q5U0xBY25lU2w1SERQY2V6WlRjaHRaSXhPTTEyN2t2MDNHUEhHZWYxaVk5ZlQ2eWV3WDZwdkJaMlVGNzFNcjhnSC92Tnk0MlVjbTlNNk9ZQUJoaHFTQ2JYWHRBQ2JRRUpDWUhleVcydXBmYU1pVUh4WnZrOW55Qk84Y0dBNFo2SS8rb3o2Tmppb3JzVnRpMXIyUTVETXhNQ1dwMXE1UXNPT1NYUkJkZUM0T3hpTnZaQzlhUGpoRi8zb3JncCthMGVJUmoyZkd6YkIrZ2FnRklLNXlFTXNhSVd4Rk5uUlNaYlJhZnZ0VXVyeWZJT3BFVlZ2Y2QrVTgxMVNHUThaM093R1VyWWRnUGRxNkVEV0kxZ3VBYjl1UHljck5taEJJYTNobHRrUVVtZmZrS0s1Rk4rTGp0NEphakVvOFNMZ25Ed29wS2ZSdnZYRVVMMlNtZVArc0t2ZG10a2sxWno4aERlU2hBSFdvaDVZWXVxd2ZXLzE2SzJHYUJHdFFiZkxNRXN2TSswNWxTZCtCUjF3PT0iLCJjb250ZW50IjoiW2NvbnRhY3QtZmllbGQgbGFiZWw9XCJOb21cIiB0eXBlPVwibmFtZVwiIHJlcXVpcmVkPVwiMVwiXVtjb250YWN0LWZpZWxkIGxhYmVsPVwiRS1tYWlsXCIgdHlwZT1cImVtYWlsXCIgcmVxdWlyZWQ9XCIxXCJdW2NvbnRhY3QtZmllbGQgbGFiZWw9XCJPYmpldFwiIHR5cGU9XCJzZWxlY3RcIiBvcHRpb25zPVwiSmUgc3VpcyBkXHUwMGU5alx1MDBlMCBpbnNjcml0IGV0IGonYWkgZGVzIHF1ZXN0aW9ucyxKZSB2b3VkcmFpcyBkZSBsYSBkb2N1bWVudGF0aW9uLEplIHNvdWhhaXRlIFx1MDBlYXRyZSByZVx1MDBlN3UgcGFyIHVuIGNvbnN1bHRhbnQgY2FyIGonZXN0aW1lIGF2b2lyIFx1MDBlOXZlbnR1ZWxsZW1lbnQgYmVzb2luIGQndW5lIHByXHUwMGU5cGFyYXRpb24sSidhaSB1bmUgcXVlc3Rpb24gY29uY2VybmFudCBtZXMgclx1MDBlOXN1bHRhdHMsSmUgc3VpcyB1biBwcm9mZXNzZXVyIC8gamUgcmVwclx1MDBlOXNlbnRlIHVuZSBcdTAwZTljb2xlIGV0IGplIHNvdWhhaXRlIG9yZ2FuaXNlciB1bmUgc2Vzc2lvbiBwcml2XHUwMGU5ZSBwb3VyIG1lcyBcdTAwZTlsXHUwMGU4dmVzLEplIHNvdWhhaXRlIHNpbXBsZW1lbnQgcGFzc2VyIHVuIHRlc3QgZGUgbml2ZWF1IHBvdXIgc2F2b2lyIHF1ZWwgZGlwbFx1MDBmNG1lIG1lIGNvbnZpZW50LEplIHNvdWhhaXRlIFx1MDBlYXRyZSByZVx1MDBlN3UgcGFyIHVuIGNvbnN1bHRhbnQgY2FyIGonZXN0aW1lIGF2b2lyIGJlc29pbiBkZSBwcm9ncmVzc2VyIGVuIGFuZ2xhaXMsSmUgc291aGFpdGUgbSdpbnNjcmlyZSBcdTAwZTAgdW5lIHNlc3Npb24gZGUgRW5nbGlzaCBTa2lsbHMgVGVzdCxBdXRyZVwiXVtjb250YWN0LWZpZWxkIGxhYmVsPVwiTWVzc2FnZVwiIHR5cGU9XCJ0ZXh0YXJlYVwiIHJlcXVpcmVkPVwiMVwiXSIsImhhc2giOiIyZDY3OTIzOWIyZWI4ZjVmN2U0Y2I3MWI3ZTY5MGZlNDJkZjgzNTFmIiwic291cmNlIjp7ImVudHJ5X3RpdGxlIjoiQ29udGFjdCIsImVudHJ5X3BhZ2UiOjEsInNvdXJjZV9pZCI6NDMsInNvdXJjZV90eXBlIjoic2luZ2xlIiwicmVxdWVzdF91cmwiOiJodHRwczovL3RvcGxlYXJuaW5nZXhhbXMuZnIvd3AtanNvbi93cC92Mi9wYWdlcy80MyJ9LCJ2ZXJzaW9uIjoyLCJjaXBoZXIiOiJhZXMtMjU2LWdjbSJ9.tYMSJJcs0-u84Rg7By4x4dCAd3RbguFvQgkQLDTTQB0' \/>\n\n<div style=\"\"  data-wp-interactive=\"jetpack\/form\" data-wp-context='{\"fieldId\":\"g43-nom\",\"fieldType\":\"name\",\"fieldLabel\":\"Nom\",\"fieldValue\":\"\",\"fieldPlaceholder\":\"\",\"fieldIsRequired\":\"1\",\"fieldErrorMessage\":\"\",\"fieldExtra\":[],\"formHash\":\"2d679239b2eb8f5f7e4cb71b7e690fe42df8351f\"}'  class='grunion-field-name-wrap grunion-field-wrap'  data-wp-init='callbacks.initializeField' data-wp-on--jetpack-form-reset='callbacks.initializeField' >\n<label\n\t\t\t\tfor='g43-nom' class=\"grunion-field-label name\" >Nom<span class=\"grunion-label-required\" aria-hidden=\"true\">(required)<\/span><\/label>\n<input\n\t\t\t\t\ttype='text'\n\t\t\t\t\tname='g43-nom'\n\t\t\t\t\tid='g43-nom'\n\t\t\t\t\tvalue=''\n\n\t\t\t\t\tdata-wp-bind--aria-invalid='state.fieldAriaInvalid'\n\t\t\t\t\tdata-wp-bind--value='state.getFieldValue'\n\t\t\t\t\taria-describedby='g43-nom-text-error-message'\n\t\t\t\t\tdata-wp-on--input='actions.onFieldChange'\n\t\t\t\t\tdata-wp-on--blur='actions.onFieldBlur'\n\t\t\t\t\tdata-wp-class--has-value='state.hasFieldValue'\n\n\t\t\t\t\tclass='name  grunion-field' \n\t\t\t\t\trequired='true' aria-required='true'  \/>\n \n\t\t\t<div id=\"g43-nom-text-error\" class=\"contact-form__input-error\" data-wp-class--has-errors=\"state.fieldHasErrors\">\n\t\t\t\t<span class=\"contact-form__warning-icon\" aria-hidden=\"true\">\n\t\t\t\t\t<svg width=\"16\" height=\"16\" viewBox=\"0 0 16 16\" fill=\"none\" xmlns=\"http:\/\/www.w3.org\/2000\/svg\">\n\t\t\t\t\t\t<path d=\"M8.50015 11.6402H7.50015V10.6402H8.50015V11.6402Z\" \/>\n\t\t\t\t\t\t<path d=\"M7.50015 9.64018H8.50015V6.30684H7.50015V9.64018Z\" \/>\n\t\t\t\t\t\t<path fill-rule=\"evenodd\" clip-rule=\"evenodd\" d=\"M6.98331 3.0947C7.42933 2.30177 8.57096 2.30177 9.01698 3.09469L13.8771 11.7349C14.3145 12.5126 13.7525 13.4735 12.8602 13.4735H3.14004C2.24774 13.4735 1.68575 12.5126 2.12321 11.7349L6.98331 3.0947ZM8.14541 3.58496C8.08169 3.47168 7.9186 3.47168 7.85488 3.58496L2.99478 12.2251C2.93229 12.3362 3.01257 12.4735 3.14004 12.4735H12.8602C12.9877 12.4735 13.068 12.3362 13.0055 12.2251L8.14541 3.58496Z\" \/>\n\t\t\t\t\t<\/svg>\n\t\t\t\t<\/span>\n\t\t\t\t<span data-wp-text=\"state.errorMessage\" id=\"g43-nom-text-error-message\"><\/span>\n\t\t\t<\/div> \n\t<\/div>\n\n<div style=\"\"  data-wp-interactive=\"jetpack\/form\" data-wp-context='{\"fieldId\":\"g43-email\",\"fieldType\":\"email\",\"fieldLabel\":\"E-mail\",\"fieldValue\":\"\",\"fieldPlaceholder\":\"\",\"fieldIsRequired\":\"1\",\"fieldErrorMessage\":\"\",\"fieldExtra\":[],\"formHash\":\"2d679239b2eb8f5f7e4cb71b7e690fe42df8351f\"}'  class='grunion-field-email-wrap grunion-field-wrap'  data-wp-init='callbacks.initializeField' data-wp-on--jetpack-form-reset='callbacks.initializeField' >\n<label\n\t\t\t\tfor='g43-email' class=\"grunion-field-label email\" >E-mail<span class=\"grunion-label-required\" aria-hidden=\"true\">(required)<\/span><\/label>\n<input\n\t\t\t\t\ttype='email'\n\t\t\t\t\tname='g43-email'\n\t\t\t\t\tid='g43-email'\n\t\t\t\t\tvalue=''\n\n\t\t\t\t\tdata-wp-bind--aria-invalid='state.fieldAriaInvalid'\n\t\t\t\t\tdata-wp-bind--value='state.getFieldValue'\n\t\t\t\t\taria-describedby='g43-email-email-error-message'\n\t\t\t\t\tdata-wp-on--input='actions.onFieldChange'\n\t\t\t\t\tdata-wp-on--blur='actions.onFieldBlur'\n\t\t\t\t\tdata-wp-class--has-value='state.hasFieldValue'\n\n\t\t\t\t\tclass='email  grunion-field' \n\t\t\t\t\trequired='true' aria-required='true'  \/>\n \n\t\t\t<div id=\"g43-email-email-error\" class=\"contact-form__input-error\" data-wp-class--has-errors=\"state.fieldHasErrors\">\n\t\t\t\t<span class=\"contact-form__warning-icon\" aria-hidden=\"true\">\n\t\t\t\t\t<svg width=\"16\" height=\"16\" viewBox=\"0 0 16 16\" fill=\"none\" xmlns=\"http:\/\/www.w3.org\/2000\/svg\">\n\t\t\t\t\t\t<path d=\"M8.50015 11.6402H7.50015V10.6402H8.50015V11.6402Z\" \/>\n\t\t\t\t\t\t<path d=\"M7.50015 9.64018H8.50015V6.30684H7.50015V9.64018Z\" \/>\n\t\t\t\t\t\t<path fill-rule=\"evenodd\" clip-rule=\"evenodd\" d=\"M6.98331 3.0947C7.42933 2.30177 8.57096 2.30177 9.01698 3.09469L13.8771 11.7349C14.3145 12.5126 13.7525 13.4735 12.8602 13.4735H3.14004C2.24774 13.4735 1.68575 12.5126 2.12321 11.7349L6.98331 3.0947ZM8.14541 3.58496C8.08169 3.47168 7.9186 3.47168 7.85488 3.58496L2.99478 12.2251C2.93229 12.3362 3.01257 12.4735 3.14004 12.4735H12.8602C12.9877 12.4735 13.068 12.3362 13.0055 12.2251L8.14541 3.58496Z\" \/>\n\t\t\t\t\t<\/svg>\n\t\t\t\t<\/span>\n\t\t\t\t<span data-wp-text=\"state.errorMessage\" id=\"g43-email-email-error-message\"><\/span>\n\t\t\t<\/div> \n\t<\/div>\n\n<div style=\"\"  data-wp-interactive=\"jetpack\/form\" data-wp-context='{\"fieldId\":\"g43-objet\",\"fieldType\":\"select\",\"fieldLabel\":\"Objet\",\"fieldValue\":\"\",\"fieldPlaceholder\":\"\",\"fieldIsRequired\":\"\",\"fieldErrorMessage\":\"\",\"fieldExtra\":[],\"formHash\":\"2d679239b2eb8f5f7e4cb71b7e690fe42df8351f\"}'  class='grunion-field-select-wrap grunion-field-wrap'  data-wp-init='callbacks.initializeField' data-wp-on--jetpack-form-reset='callbacks.initializeField' >\n<label\n\t\t\t\tfor='g43-objet' class=\"grunion-field-label select\" >Objet<\/label>\n<div class=\"contact-form__select-wrapper select  grunion-field\"  style=''>\t<span class='contact-form__select-element-wrapper'><select name='g43-objet' id='g43-objet'  data-wp-on--change='actions.onFieldChange' data-wp-bind--aria-invalid='state.fieldAriaInvalid' >\n\t\t<option value='Je suis d\u00e9j\u00e0 inscrit et j&#039;ai des questions'>Je suis d\u00e9j\u00e0 inscrit et j&#039;ai des questions<\/option>\n\t\t<option value='Je voudrais de la documentation'>Je voudrais de la documentation<\/option>\n\t\t<option value='Je souhaite \u00eatre re\u00e7u par un consultant car j&#039;estime avoir \u00e9ventuellement besoin d&#039;une pr\u00e9paration'>Je souhaite \u00eatre re\u00e7u par un consultant car j&#039;estime avoir \u00e9ventuellement besoin d&#039;une pr\u00e9paration<\/option>\n\t\t<option value='J&#039;ai une question concernant mes r\u00e9sultats'>J&#039;ai une question concernant mes r\u00e9sultats<\/option>\n\t\t<option value='Je suis un professeur \/ je repr\u00e9sente une \u00e9cole et je souhaite organiser une session priv\u00e9e pour mes \u00e9l\u00e8ves'>Je suis un professeur \/ je repr\u00e9sente une \u00e9cole et je souhaite organiser une session priv\u00e9e pour mes \u00e9l\u00e8ves<\/option>\n\t\t<option value='Je souhaite simplement passer un test de niveau pour savoir quel dipl\u00f4me me convient'>Je souhaite simplement passer un test de niveau pour savoir quel dipl\u00f4me me convient<\/option>\n\t\t<option value='Je souhaite \u00eatre re\u00e7u par un consultant car j&#039;estime avoir besoin de progresser en anglais'>Je souhaite \u00eatre re\u00e7u par un consultant car j&#039;estime avoir besoin de progresser en anglais<\/option>\n\t\t<option value='Je souhaite m&#039;inscrire \u00e0 une session de English Skills Test'>Je souhaite m&#039;inscrire \u00e0 une session de English Skills Test<\/option>\n\t\t<option value='Autre'>Autre<\/option>\n\t<\/select><span class='jetpack-field-dropdown__icon'><\/span><\/span>\n<\/div>\n\n\t\t\t<div id=\"g43-objet-select-error\" class=\"contact-form__input-error\" data-wp-class--has-errors=\"state.fieldHasErrors\">\n\t\t\t\t<span class=\"contact-form__warning-icon\" aria-hidden=\"true\">\n\t\t\t\t\t<svg width=\"16\" height=\"16\" viewBox=\"0 0 16 16\" fill=\"none\" xmlns=\"http:\/\/www.w3.org\/2000\/svg\">\n\t\t\t\t\t\t<path d=\"M8.50015 11.6402H7.50015V10.6402H8.50015V11.6402Z\" \/>\n\t\t\t\t\t\t<path d=\"M7.50015 9.64018H8.50015V6.30684H7.50015V9.64018Z\" \/>\n\t\t\t\t\t\t<path fill-rule=\"evenodd\" clip-rule=\"evenodd\" d=\"M6.98331 3.0947C7.42933 2.30177 8.57096 2.30177 9.01698 3.09469L13.8771 11.7349C14.3145 12.5126 13.7525 13.4735 12.8602 13.4735H3.14004C2.24774 13.4735 1.68575 12.5126 2.12321 11.7349L6.98331 3.0947ZM8.14541 3.58496C8.08169 3.47168 7.9186 3.47168 7.85488 3.58496L2.99478 12.2251C2.93229 12.3362 3.01257 12.4735 3.14004 12.4735H12.8602C12.9877 12.4735 13.068 12.3362 13.0055 12.2251L8.14541 3.58496Z\" \/>\n\t\t\t\t\t<\/svg>\n\t\t\t\t<\/span>\n\t\t\t\t<span data-wp-text=\"state.errorMessage\" id=\"g43-objet-select-error-message\"><\/span>\n\t\t\t<\/div>\t<\/div>\n\n<div style=\"\"  data-wp-interactive=\"jetpack\/form\" data-wp-context='{\"fieldId\":\"g43-message\",\"fieldType\":\"textarea\",\"fieldLabel\":\"Message\",\"fieldValue\":\"\",\"fieldPlaceholder\":\"\",\"fieldIsRequired\":\"1\",\"fieldErrorMessage\":\"\",\"fieldExtra\":[],\"formHash\":\"2d679239b2eb8f5f7e4cb71b7e690fe42df8351f\"}'  class='grunion-field-textarea-wrap grunion-field-wrap'  data-wp-init='callbacks.initializeField' data-wp-on--jetpack-form-reset='callbacks.initializeField' >\n<label\n\t\t\t\tfor='contact-form-comment-g43-message' class=\"grunion-field-label textarea\" >Message<span class=\"grunion-label-required\" aria-hidden=\"true\">(required)<\/span><\/label>\n<textarea\n\t\t                style=''\n\t\t                name='g43-message'\n\t\t                id='contact-form-comment-g43-message'\n\t\t                rows='20'\n\t\t\t\t\t\tdata-wp-text='state.getFieldValue'\n\t\t\t\t\t\tdata-wp-on--input='actions.onFieldChange'\n\t\t\t\t\t\tdata-wp-on--blur='actions.onFieldBlur'\n\t\t\t\t\t\tdata-wp-class--has-value='state.hasFieldValue'\n\t\t\t\t\t\taria-describedby='g43-message-textarea-error-message'\n\t\t\t\t\t\tdata-wp-bind--aria-invalid='state.fieldAriaInvalid'\n\t\t\t\t\t\tclass='textarea  grunion-field'  required aria-required='true'><\/textarea>\n \n\t\t\t<div id=\"g43-message-textarea-error\" class=\"contact-form__input-error\" data-wp-class--has-errors=\"state.fieldHasErrors\">\n\t\t\t\t<span class=\"contact-form__warning-icon\" aria-hidden=\"true\">\n\t\t\t\t\t<svg width=\"16\" height=\"16\" viewBox=\"0 0 16 16\" fill=\"none\" xmlns=\"http:\/\/www.w3.org\/2000\/svg\">\n\t\t\t\t\t\t<path d=\"M8.50015 11.6402H7.50015V10.6402H8.50015V11.6402Z\" \/>\n\t\t\t\t\t\t<path d=\"M7.50015 9.64018H8.50015V6.30684H7.50015V9.64018Z\" \/>\n\t\t\t\t\t\t<path fill-rule=\"evenodd\" clip-rule=\"evenodd\" d=\"M6.98331 3.0947C7.42933 2.30177 8.57096 2.30177 9.01698 3.09469L13.8771 11.7349C14.3145 12.5126 13.7525 13.4735 12.8602 13.4735H3.14004C2.24774 13.4735 1.68575 12.5126 2.12321 11.7349L6.98331 3.0947ZM8.14541 3.58496C8.08169 3.47168 7.9186 3.47168 7.85488 3.58496L2.99478 12.2251C2.93229 12.3362 3.01257 12.4735 3.14004 12.4735H12.8602C12.9877 12.4735 13.068 12.3362 13.0055 12.2251L8.14541 3.58496Z\" \/>\n\t\t\t\t\t<\/svg>\n\t\t\t\t<\/span>\n\t\t\t\t<span data-wp-text=\"state.errorMessage\" id=\"g43-message-textarea-error-message\"><\/span>\n\t\t\t<\/div>\n\t<\/div>\n\t<p class='contact-submit'>\n<div class=\"contact-form__error\" data-wp-class--show-errors=\"state.showFormErrors\"><span class=\"contact-form__warning-icon\" aria-hidden=\"true\"><i><\/i><\/span><span class=\"contact-form__error-message\" tabindex=\"-1\" data-wp-watch=\"callbacks.focusOnValidationError\" data-wp-text=\"state.getFormErrorMessage\"><\/span><ul aria-label=\"Form errors\">\n\t\t\t\t<template data-wp-each=\"state.getErrorList\" data-wp-key=\"context.item.id\">\n\t\t\t\t\t<li><a data-wp-bind--href=\"context.item.anchor\" data-wp-on--click=\"actions.scrollIntoView\" data-wp-text=\"context.item.label\"><\/a><\/li>\n\t\t\t\t<\/template>\n\t\t\t\t<\/ul><\/div><div class=\"contact-form__error\" data-wp-class--show-errors=\"state.showSubmissionError\" data-wp-text=\"context.submissionError\" tabindex=\"-1\" data-wp-watch=\"callbacks.focusOnSubmissionError\"><\/div>\t\t<button type='submit' class='pushbutton-wide'>Submit<\/button>\t\t<input type='hidden' name='contact-form-id' value='43' \/>\n\t\t<input type='hidden' name='action' value='grunion-contact-form' \/>\n\t\t<input type='hidden' name='contact-form-hash' value='2d679239b2eb8f5f7e4cb71b7e690fe42df8351f' \/>\n\t<\/p>\n<p style=\"display: none !important;\" class=\"akismet-fields-container\" data-prefix=\"ak_\"><label>&#916;<textarea name=\"ak_hp_textarea\" cols=\"45\" rows=\"8\" maxlength=\"100\"><\/textarea><\/label><input type=\"hidden\" id=\"ak_js_1\" name=\"ak_js\" value=\"248\"\/><script>document.getElementById( \"ak_js_1\" ).setAttribute( \"value\", ( new Date() ).getTime() );<\/script><\/p><\/form>\n<\/div>\n","protected":false},"excerpt":{"rendered":"<p>La responsable de l&#8217;organisation des examens est disponible par t\u00e9l\u00e9phone au 04 42 99 21 97 de 10h \u00e0 17h les lundis, mardis, jeudis et vendredis (hors jours d&#8217;examens). En dehors de ces horaires, vous pouvez laisser un message ou envoyer un SMS au 07 57 41 80 52 et vous serez recontact\u00e9 dans les&hellip;<\/p>\n","protected":false},"author":1,"featured_media":0,"parent":0,"menu_order":0,"comment_status":"closed","ping_status":"closed","template":"","meta":{"_bbp_topic_count":0,"_bbp_reply_count":0,"_bbp_total_topic_count":0,"_bbp_total_reply_count":0,"_bbp_voice_count":0,"_bbp_anonymous_reply_count":0,"_bbp_topic_count_hidden":0,"_bbp_reply_count_hidden":0,"_bbp_forum_subforum_count":0,"om_disable_all_campaigns":false,"_monsterinsights_skip_tracking":false,"_monsterinsights_sitenote_active":false,"_monsterinsights_sitenote_note":"","_monsterinsights_sitenote_category":0,"jetpack_post_was_ever_published":false,"footnotes":""},"class_list":["post-43","page","type-page","status-publish","hentry"],"aioseo_notices":[],"jetpack_sharing_enabled":true,"jetpack_shortlink":"https:\/\/wp.me\/P8SRaH-H","jetpack-related-posts":[],"_links":{"self":[{"href":"https:\/\/toplearningexams.fr\/index.php\/wp-json\/wp\/v2\/pages\/43","targetHints":{"allow":["GET"]}}],"collection":[{"href":"https:\/\/toplearningexams.fr\/index.php\/wp-json\/wp\/v2\/pages"}],"about":[{"href":"https:\/\/toplearningexams.fr\/index.php\/wp-json\/wp\/v2\/types\/page"}],"author":[{"embeddable":true,"href":"https:\/\/toplearningexams.fr\/index.php\/wp-json\/wp\/v2\/users\/1"}],"replies":[{"embeddable":true,"href":"https:\/\/toplearningexams.fr\/index.php\/wp-json\/wp\/v2\/comments?post=43"}],"version-history":[{"count":0,"href":"https:\/\/toplearningexams.fr\/index.php\/wp-json\/wp\/v2\/pages\/43\/revisions"}],"wp:attachment":[{"href":"https:\/\/toplearningexams.fr\/index.php\/wp-json\/wp\/v2\/media?parent=43"}],"curies":[{"name":"wp","href":"https:\/\/api.w.org\/{rel}","templated":true}]}}