{"id":4350,"date":"2023-03-13T11:39:20","date_gmt":"2023-03-13T10:39:20","guid":{"rendered":"https:\/\/toplearningexams.fr\/?page_id=4350"},"modified":"2026-01-27T14:39:35","modified_gmt":"2026-01-27T13:39:35","slug":"linguaskill","status":"publish","type":"page","link":"https:\/\/toplearningexams.fr\/index.php\/nos-examens\/linguaskill\/","title":{"rendered":"English Skills Test"},"content":{"rendered":"\n<p>Le English Skills Test de Cambridge permet de d\u00e9terminer le niveau du candidat, de Pre-A1 \u00e0 C1+ sur l&#8217;\u00e9chelle europ\u00e9enne de r\u00e9f\u00e9rence des langues. Le test comprend quatre modules (compr\u00e9hension \u00e9crite, compr\u00e9hension orale, expression \u00e9crite, expression orale) qui peuvent \u00eatre pass\u00e9s ind\u00e9pendamment ou ensemble, enti\u00e8rement sur ordinateur. La moyenne des diff\u00e9rents composants d\u00e9termine le niveau final, et il est possible de repasser un composant dans un d\u00e9lai de 6 mois en int\u00e9grant la nouvelle note \u00e0 la moyenne. <\/p>\n\n\n\n<p>Le contenu du test correspond \u00e0 l&#8217;ancien test Linguaskill (jusqu&#8217;\u00e0 septembre 2025). A ce titre, il est accept\u00e9 par certaines \u00e9coles d&#8217;ing\u00e9nieurs pour valider le niveau B2 n\u00e9cessaire pour l&#8217;obtention du dipl\u00f4me.<\/p>\n\n\n\n<p><strong>Le English Skills Test est certifi\u00e9 par le centre d&#8217;examen et non par Cambridge.<\/strong> <\/p>\n\n\n\n<p>Les r\u00e9sultats sont connus dans les 48h suivant le test. Chaque \u00e9tablissement \/ soci\u00e9t\u00e9 est libre de d\u00e9terminer dans quel d\u00e9lai le test doit avoir \u00e9t\u00e9 pass\u00e9 pour \u00eatre reconnu. <\/p>\n\n\n\n<p>Plus de d\u00e9tails concernant le test et sa pr\u00e9paration sont disponibles sur le <a href=\"https:\/\/www.cambridgeenglish.org\/fr\/exams-and-tests\/cambridge-english-skills-test\/\" target=\"_blank\" rel=\"noopener\" title=\"site de Cambridge English\">site de Cambridge English<\/a>.<\/p>\n\n\n\n<p>Pour conna\u00eetre les dates de session dans votre r\u00e9gion, merci de <a href=\"https:\/\/toplearningexams.fr\/index.php\/contact\/\" target=\"_blank\" rel=\"noopener\" title=\"Contact\">nous contacter <\/a>et nous vous mettrons en rapport avec le centre le plus proche. <\/p>\n\n\n\n<p><\/p>\n","protected":false},"excerpt":{"rendered":"<p>Le English Skills Test de Cambridge permet de d\u00e9terminer le niveau du candidat, de Pre-A1 \u00e0 C1+ sur l&#8217;\u00e9chelle europ\u00e9enne de r\u00e9f\u00e9rence des langues. Le test comprend quatre modules (compr\u00e9hension \u00e9crite, compr\u00e9hension orale, expression \u00e9crite, expression orale) qui peuvent \u00eatre pass\u00e9s ind\u00e9pendamment ou ensemble, enti\u00e8rement sur ordinateur. La moyenne des diff\u00e9rents composants d\u00e9termine le niveau&hellip;<\/p>\n","protected":false},"author":1,"featured_media":0,"parent":39,"menu_order":7,"comment_status":"closed","ping_status":"closed","template":"","meta":{"om_disable_all_campaigns":false,"_monsterinsights_skip_tracking":false,"_monsterinsights_sitenote_active":false,"_monsterinsights_sitenote_note":"","_monsterinsights_sitenote_category":0,"jetpack_post_was_ever_published":false,"footnotes":""},"class_list":["post-4350","page","type-page","status-publish","hentry"],"aioseo_notices":[],"jetpack_sharing_enabled":true,"jetpack_shortlink":"https:\/\/wp.me\/P8SRaH-18a","jetpack-related-posts":[],"_links":{"self":[{"href":"https:\/\/toplearningexams.fr\/index.php\/wp-json\/wp\/v2\/pages\/4350","targetHints":{"allow":["GET"]}}],"collection":[{"href":"https:\/\/toplearningexams.fr\/index.php\/wp-json\/wp\/v2\/pages"}],"about":[{"href":"https:\/\/toplearningexams.fr\/index.php\/wp-json\/wp\/v2\/types\/page"}],"author":[{"embeddable":true,"href":"https:\/\/toplearningexams.fr\/index.php\/wp-json\/wp\/v2\/users\/1"}],"replies":[{"embeddable":true,"href":"https:\/\/toplearningexams.fr\/index.php\/wp-json\/wp\/v2\/comments?post=4350"}],"version-history":[{"count":0,"href":"https:\/\/toplearningexams.fr\/index.php\/wp-json\/wp\/v2\/pages\/4350\/revisions"}],"up":[{"embeddable":true,"href":"https:\/\/toplearningexams.fr\/index.php\/wp-json\/wp\/v2\/pages\/39"}],"wp:attachment":[{"href":"https:\/\/toplearningexams.fr\/index.php\/wp-json\/wp\/v2\/media?parent=4350"}],"curies":[{"name":"wp","href":"https:\/\/api.w.org\/{rel}","templated":true}]}}