{"id":473,"date":"2017-10-25T11:28:10","date_gmt":"2017-10-25T09:28:10","guid":{"rendered":"http:\/\/toplearningexams.fr\/?page_id=473"},"modified":"2024-10-25T14:23:34","modified_gmt":"2024-10-25T12:23:34","slug":"nos-partenaires","status":"publish","type":"page","link":"https:\/\/toplearningexams.fr\/index.php\/preparer-un-examen-cambridge-english\/nos-partenaires\/","title":{"rendered":"Nos partenaires"},"content":{"rendered":"<p>Si vous souhaitez une pr\u00e9paration sp\u00e9cifique aux examens de Cambridge English en dehors de votre \u00e9cole, nous recommandons les \u00e9tablissements qui travaillent d&#8217;ores et d\u00e9j\u00e0 avec nous :<\/p>\n<h4>Autour d&#8217;Aix-en-Provence :<\/h4>\n<p>Le <a href=\"http:\/\/c-i-p-e-c.com\/fr\/cours-et-activites\" target=\"_blank\" rel=\"noopener noreferrer\">CIPEC<\/a> pr\u00e9pare aux examens Young Learners, A2 Key for School et B1 Preliminary for School \u00e0 Luynes.<\/p>\n<p><a href=\"https:\/\/wallstreetenglish.fr\/ecoles\/cours-anglais-aix-en-provence\/\" target=\"_blank\" rel=\"noopener\">Wall Street English <\/a>propose des pr\u00e9parations pour le A2 Key for School, le B1 Preliminary for School, le B2 First, le C1 Advanced et le C2 Proficiency \u00e0 Aix-en-Provence, Marseille et Toulon.<\/p>\n<p><a href=\"https:\/\/call-learning.fr\/\" target=\"_blank\" rel=\"noopener\">Call Learning<\/a> propose des cours d\u00e9bouchant sur les examens (tous niveaux) \u00e0 Velaux.<\/p>\n<p><a href=\"https:\/\/www.englishtimekids.com\/\" target=\"_blank\" rel=\"noopener\">English Time Kids<\/a> propose des cours d\u00e9bouchant sur l&#8217;examen pour les enfants, \u00e0 Bouc-Bel-Air.<\/p>\n<h4>A Marseille :<\/h4>\n<p><a href=\"https:\/\/funnyschool13.com\/\" target=\"_blank\" rel=\"noopener\">Funny School<\/a> pr\u00e9pare aux examens Young Learners, A2 Key for School, B1 Preliminary for School et B2 First.<\/p>\n<p><a href=\"https:\/\/www.lejardindanglais.com\/\" target=\"_blank\" rel=\"noopener noreferrer\">Le Jardin d&#8217;Anglais<\/a> pr\u00e9pare aux examens Young Learners, A2 Key for School, B1 Preliminary for School.<\/p>\n<h4>A Salon-de-Provence :<\/h4>\n<p><a href=\"https:\/\/angela-salon.jimdo.com\/\" target=\"_blank\" rel=\"noopener noreferrer\">Angela&#8217;s Playschool<\/a> pr\u00e9pare aux examens Young Learners, A2 Key for School, B1 Preliminary for School, B2 First et C1 Advanced.<\/p>\n<p><a href=\"https:\/\/www.facebook.com\/a2zenglishplayschool\" target=\"_blank\" rel=\"noopener\">A to Z English Plasychool<\/a> pr\u00e9pare aux examens Young Learners, A2 Key for School, B1 Preliminary for School, B2 First.<\/p>\n<h4>A Saint-R\u00e9my-de-Provence, Ch\u00e2teaurenard et Saint-Martin-de-Crau :<\/h4>\n<p><a href=\"http:\/\/www.atjoyces.com\/\" target=\"_blank\" rel=\"noopener noreferrer\">At Joyce&#8217;s<\/a> pr\u00e9pare aux examens Young Learners, A2 Key for School, B1 Preliminary for School, B2 First et C1 Advanced.<\/p>\n<h4>Autour de l&#8217;\u00e9tang de Berre :<\/h4>\n<p><a href=\"http:\/\/www.englisheco.fr\/spip.php?article15\" target=\"_blank\" rel=\"noopener noreferrer\">English ECO<\/a> pr\u00e9pare aux examens Young Learners, A2 Key for School, B1 Preliminary for School \u00e0 Vitrolles.<\/p>\n<p><a href=\"http:\/\/atelier-anglais.e-monsite.com\/\" target=\"_blank\" rel=\"noopener\">L&#8217;Atelier d&#8217;anglais de la C\u00f4te bleue<\/a> pr\u00e9pare aux examens Young Learners, A2 Key for School, B1 Preliminary for School \u00e0 Ch\u00e2teauneuf-les-Martigues.<\/p>\n<p><a href=\"https:\/\/theenglishspeakingcenter.fr\/\" target=\"_blank\" rel=\"noopener\">The English Speaking Center<\/a> pr\u00e9pare aux examens (tous niveaux) \u00e0 Istres.<\/p>\n<h4>Autour d&#8217;Arles :<\/h4>\n<p><a href=\"https:\/\/arlesalacarte.com\/\" target=\"_blank\" rel=\"noopener\">Arles \u00e0 la carte<\/a> pr\u00e9pare aux examens (tous niveaux) \u00e0 Arles.<\/p>\n<p><a href=\"https:\/\/www.facebook.com\/welcome.tocambridge\/\" target=\"_blank\" rel=\"noopener\">Welcome to Cambridge<\/a> pr\u00e9pare aux examens du A1 au B2 \u00e0 Fontvieille.<\/p>\n<h4>Pour le passage d&#8217;examens sur ordinateur<\/h4>\n\n\n<p><a href=\"https:\/\/kangourou.shop\/centre-dexamen-cambridge-digital-a-marseille-france\/\" target=\"_blank\" rel=\"noopener\" title=\"\">Kangourou Provence<\/a> est notre partenaires privil\u00e9gi\u00e9 pour l&#8217;organisation de sessions d&#8217;examens en version digitale. <\/p>\n","protected":false},"excerpt":{"rendered":"<p>Si vous souhaitez une pr\u00e9paration sp\u00e9cifique aux examens de Cambridge English en dehors de votre \u00e9cole, nous recommandons les \u00e9tablissements qui travaillent d&#8217;ores et d\u00e9j\u00e0 avec nous : Autour d&#8217;Aix-en-Provence : Le CIPEC pr\u00e9pare aux examens Young Learners, A2 Key for School et B1 Preliminary for School \u00e0 Luynes. Wall Street English propose des pr\u00e9parations&hellip;<\/p>\n","protected":false},"author":1,"featured_media":0,"parent":88,"menu_order":10,"comment_status":"closed","ping_status":"closed","template":"","meta":{"om_disable_all_campaigns":false,"_monsterinsights_skip_tracking":false,"_monsterinsights_sitenote_active":false,"_monsterinsights_sitenote_note":"","_monsterinsights_sitenote_category":0,"jetpack_post_was_ever_published":false,"footnotes":""},"class_list":["post-473","page","type-page","status-publish","hentry"],"aioseo_notices":[],"jetpack_sharing_enabled":true,"jetpack_shortlink":"https:\/\/wp.me\/P8SRaH-7D","jetpack-related-posts":[],"_links":{"self":[{"href":"https:\/\/toplearningexams.fr\/index.php\/wp-json\/wp\/v2\/pages\/473","targetHints":{"allow":["GET"]}}],"collection":[{"href":"https:\/\/toplearningexams.fr\/index.php\/wp-json\/wp\/v2\/pages"}],"about":[{"href":"https:\/\/toplearningexams.fr\/index.php\/wp-json\/wp\/v2\/types\/page"}],"author":[{"embeddable":true,"href":"https:\/\/toplearningexams.fr\/index.php\/wp-json\/wp\/v2\/users\/1"}],"replies":[{"embeddable":true,"href":"https:\/\/toplearningexams.fr\/index.php\/wp-json\/wp\/v2\/comments?post=473"}],"version-history":[{"count":0,"href":"https:\/\/toplearningexams.fr\/index.php\/wp-json\/wp\/v2\/pages\/473\/revisions"}],"up":[{"embeddable":true,"href":"https:\/\/toplearningexams.fr\/index.php\/wp-json\/wp\/v2\/pages\/88"}],"wp:attachment":[{"href":"https:\/\/toplearningexams.fr\/index.php\/wp-json\/wp\/v2\/media?parent=473"}],"curies":[{"name":"wp","href":"https:\/\/api.w.org\/{rel}","templated":true}]}}