{"id":6337,"date":"2024-03-28T13:39:12","date_gmt":"2024-03-28T12:39:12","guid":{"rendered":"https:\/\/toplearningexams.fr\/?page_id=6337"},"modified":"2024-10-25T13:44:03","modified_gmt":"2024-10-25T11:44:03","slug":"ceq-digital","status":"publish","type":"page","link":"https:\/\/toplearningexams.fr\/index.php\/nos-examens\/ceq-digital\/","title":{"rendered":"CEQ Digital"},"content":{"rendered":"\n<p>Les examens CEQ (Cambridge English Qualifications) Digital sont la version informatique des examens A2 Key for School, B1 Preliminary for School, B2 First (for School), C1 Advanced et C2 Proficiency. Les composants de compr\u00e9hension et expression \u00e9crites ainsi que de compr\u00e9hension orale ont lieu sur ordinateur dans un centre de test (ou une \u00e9cole sur demande de l&#8217;\u00e9tablissement s&#8217;il est \u00e9quip\u00e9) et l&#8217;expression orale a toujours lieu avec deux candidats face \u00e0 deux examinateurs en chair et en os. <\/p>\n\n\n\n<p>Les avantages de la version CEQ Digital sont multiples :<\/p>\n\n\n\n<ul class=\"wp-block-list\">\n<li>inscription possible jusqu&#8217;\u00e0 10 jours avant la date de l&#8217;examen en session publique<\/li>\n\n\n\n<li>plus grande flexibilit\u00e9 lors de l&#8217;\u00e9preuve d&#8217;expression \u00e9crite (les mots sont compt\u00e9s par le programme, il est possible de copier et coller des morceaux de texte voire de faire son brouillon directement sur l&#8217;\u00e9cran puis de l&#8217;\u00e9toffer)<\/li>\n\n\n\n<li>meilleure qualit\u00e9 sonore pour la compr\u00e9hension \u00e0 l&#8217;audition<\/li>\n\n\n\n<li>il est possible de rep\u00e9rer les questions laiss\u00e9es sans r\u00e9ponse ou dont la r\u00e9ponse n&#8217;est pas certaine afin d&#8217;y revenir facilement par la suite<\/li>\n\n\n\n<li>la taille des caract\u00e8res et le contraste (blanc sur noir, noir sur blanc ou jaune sur blanc) sont laiss\u00e9s au choix des candidats, ce qui peut aider les personnes souffrant de dyslexie<\/li>\n\n\n\n<li>les r\u00e9sultats sont disponibles en ligne sous 5 \u00e0 10 jours ouvr\u00e9s<\/li>\n<\/ul>\n\n\n\n<p>Les sessions publiques de CEQ Digitales sont organis\u00e9es en partenariat avec le centre Kangourou Provence de Marseille, sp\u00e9cialiste des examens sur ordinateur, qui met \u00e0 disposition des candidats des salles enti\u00e8rement \u00e9quip\u00e9es de mat\u00e9riel de qualit\u00e9 (PC et casques) ainsi que des casiers s\u00e9curis\u00e9s pour le d\u00e9p\u00f4t des objets \u00e9lectroniques interdits pendant les examens de Cambridge English. Nous proposons actuellement des sessions publiques de niveau B2 First et C1 Advanced (occasionnellement aussi C2 Proficiency).   Des sessions de A2 Key for School et B1 Preliminary for Schools peuvent \u00eatre propos\u00e9es ponctuellement en fonction du nombre de demandes. <\/p>\n\n\n\n<figure class=\"wp-block-image size-full\"><a href=\"https:\/\/kangourou.shop\/centre-dexamen-cambridge-digital-a-marseille-france\/\" target=\"_blank\" rel=\"noreferrer noopener\"><img data-recalc-dims=\"1\" loading=\"lazy\" decoding=\"async\" width=\"450\" height=\"168\" data-attachment-id=\"6338\" data-permalink=\"https:\/\/toplearningexams.fr\/index.php\/nos-examens\/ceq-digital\/kangourou-cropped-logo-small-2\/\" data-orig-file=\"https:\/\/i0.wp.com\/toplearningexams.fr\/wp-content\/uploads\/2024\/03\/Kangourou-cropped-logo-small-2.png?fit=450%2C168&amp;ssl=1\" data-orig-size=\"450,168\" data-comments-opened=\"0\" data-image-meta=\"{&quot;aperture&quot;:&quot;0&quot;,&quot;credit&quot;:&quot;&quot;,&quot;camera&quot;:&quot;&quot;,&quot;caption&quot;:&quot;&quot;,&quot;created_timestamp&quot;:&quot;0&quot;,&quot;copyright&quot;:&quot;&quot;,&quot;focal_length&quot;:&quot;0&quot;,&quot;iso&quot;:&quot;0&quot;,&quot;shutter_speed&quot;:&quot;0&quot;,&quot;title&quot;:&quot;&quot;,&quot;orientation&quot;:&quot;0&quot;}\" data-image-title=\"Kangourou-cropped-logo-small-2\" data-image-description=\"\" data-image-caption=\"\" data-medium-file=\"https:\/\/i0.wp.com\/toplearningexams.fr\/wp-content\/uploads\/2024\/03\/Kangourou-cropped-logo-small-2.png?fit=300%2C112&amp;ssl=1\" data-large-file=\"https:\/\/i0.wp.com\/toplearningexams.fr\/wp-content\/uploads\/2024\/03\/Kangourou-cropped-logo-small-2.png?fit=450%2C168&amp;ssl=1\" src=\"https:\/\/i0.wp.com\/toplearningexams.fr\/wp-content\/uploads\/2024\/03\/Kangourou-cropped-logo-small-2.png?resize=450%2C168&#038;ssl=1\" alt=\"\" class=\"wp-image-6338\" srcset=\"https:\/\/i0.wp.com\/toplearningexams.fr\/wp-content\/uploads\/2024\/03\/Kangourou-cropped-logo-small-2.png?w=450&amp;ssl=1 450w, https:\/\/i0.wp.com\/toplearningexams.fr\/wp-content\/uploads\/2024\/03\/Kangourou-cropped-logo-small-2.png?resize=300%2C112&amp;ssl=1 300w\" sizes=\"auto, (max-width: 450px) 100vw, 450px\" \/><\/a><\/figure>\n\n\n\n<p>Pour plus d&#8217;information sur les CEQs Digital, vous pouvez vous r\u00e9f\u00e9rer \u00e0 la <a href=\"https:\/\/www.cambridgeenglish.org\/exams-and-tests\/ways-to-take-your-cambridge-english-qualification\/digital\/\" target=\"_blank\" rel=\"noopener\" title=\"\">page qui leur est consacr\u00e9e<\/a> par Cambridge English. Des examens blancs sont disponibles dans les <a href=\"https:\/\/www.cambridgeenglish.org\/learning-english\/exam-preparation\/\" target=\"_blank\" rel=\"noopener\" title=\"\">ressources de pr\u00e9paration<\/a> en cliquant sur le niveau voulu. Les dates d&#8217;examens seront ajout\u00e9e au fur et \u00e0 mesure sur le <a href=\"https:\/\/toplearningexams.fr\/index.php\/inscriptions\/shop\/\" title=\"Shop\">centre d&#8217;Inscriptions Online<\/a>. <\/p>\n\n\n\n<p>ATTENTION : le C1 Advanced Digital n&#8217;est actuellement pas accept\u00e9 pour les demandes de visas australiens, seule la version papier est valide. <\/p>\n","protected":false},"excerpt":{"rendered":"<p>Les examens CEQ (Cambridge English Qualifications) Digital sont la version informatique des examens A2 Key for School, B1 Preliminary for School, B2 First (for School), C1 Advanced et C2 Proficiency. Les composants de compr\u00e9hension et expression \u00e9crites ainsi que de compr\u00e9hension orale ont lieu sur ordinateur dans un centre de test (ou une \u00e9cole sur&hellip;<\/p>\n","protected":false},"author":1,"featured_media":0,"parent":39,"menu_order":9,"comment_status":"closed","ping_status":"closed","template":"","meta":{"_bbp_topic_count":0,"_bbp_reply_count":0,"_bbp_total_topic_count":0,"_bbp_total_reply_count":0,"_bbp_voice_count":0,"_bbp_anonymous_reply_count":0,"_bbp_topic_count_hidden":0,"_bbp_reply_count_hidden":0,"_bbp_forum_subforum_count":0,"om_disable_all_campaigns":false,"_monsterinsights_skip_tracking":false,"_monsterinsights_sitenote_active":false,"_monsterinsights_sitenote_note":"","_monsterinsights_sitenote_category":0,"jetpack_post_was_ever_published":false,"footnotes":""},"class_list":["post-6337","page","type-page","status-publish","hentry"],"aioseo_notices":[],"jetpack_sharing_enabled":true,"jetpack_shortlink":"https:\/\/wp.me\/P8SRaH-1Ed","jetpack-related-posts":[],"_links":{"self":[{"href":"https:\/\/toplearningexams.fr\/index.php\/wp-json\/wp\/v2\/pages\/6337","targetHints":{"allow":["GET"]}}],"collection":[{"href":"https:\/\/toplearningexams.fr\/index.php\/wp-json\/wp\/v2\/pages"}],"about":[{"href":"https:\/\/toplearningexams.fr\/index.php\/wp-json\/wp\/v2\/types\/page"}],"author":[{"embeddable":true,"href":"https:\/\/toplearningexams.fr\/index.php\/wp-json\/wp\/v2\/users\/1"}],"replies":[{"embeddable":true,"href":"https:\/\/toplearningexams.fr\/index.php\/wp-json\/wp\/v2\/comments?post=6337"}],"version-history":[{"count":0,"href":"https:\/\/toplearningexams.fr\/index.php\/wp-json\/wp\/v2\/pages\/6337\/revisions"}],"up":[{"embeddable":true,"href":"https:\/\/toplearningexams.fr\/index.php\/wp-json\/wp\/v2\/pages\/39"}],"wp:attachment":[{"href":"https:\/\/toplearningexams.fr\/index.php\/wp-json\/wp\/v2\/media?parent=6337"}],"curies":[{"name":"wp","href":"https:\/\/api.w.org\/{rel}","templated":true}]}}