{"id":7,"date":"2017-06-29T17:37:24","date_gmt":"2017-06-29T15:37:24","guid":{"rendered":"http:\/\/toplearningexams.fr\/?page_id=7"},"modified":"2025-12-01T17:03:35","modified_gmt":"2025-12-01T16:03:35","slug":"accueil","status":"publish","type":"page","link":"https:\/\/toplearningexams.fr\/","title":{"rendered":"Accueil"},"content":{"rendered":"<p>Bienvenue sur notre page consacr\u00e9e aux <strong>examens de <a href=\"http:\/\/www.cambridgeenglish.org\/fr\/\" target=\"_blank\" rel=\"noopener noreferrer\">Cambridge English<\/a><\/strong>! Nous sommes centre agr\u00e9\u00e9 depuis 2009 et sommes actifs dans toute la Provence pour organiser les examens d&#8217;anglais g\u00e9n\u00e9ral, des <em>Young Learners<\/em> jusqu&#8217;au\u00a0 <em>C2 Proficiency<\/em>. Nous organisons notamment des sessions dans la r\u00e9gion d&#8217;Aix-en-Provence, \u00e0 Marseille, \u00e0 Avignon, \u00e0 Montpellier et \u00e0 Gap.<\/p>\n<p>Vous trouverez ici toutes les informations n\u00e9cessaires pour <a href=\"http:\/\/toplearningexams.fr\/index.php\/preparer-un-examen-cambridge-english\/\">pr\u00e9parer<\/a> un examen, vous <a href=\"http:\/\/toplearningexams.fr\/index.php\/inscriptions\/\">inscrire<\/a> \u00e0 une session et acc\u00e9der \u00e0 vos <a href=\"http:\/\/toplearningexams.fr\/index.php\/pour-les-particuliers\/les-resultats\/\">r\u00e9sultats<\/a> si vous \u00eates candidat libre ou <a href=\"http:\/\/toplearningexams.fr\/index.php\/pour-les-ecoles\/organiser-une-session-privee\/\">organiser une session<\/a> dans votre \u00e9cole si vous \u00eates enseignant.<\/p>\n<h3 style=\"text-align: center;\"><strong>Prochaines sessions publiques organis\u00e9es par notre centre<\/strong><\/h3>\n\n<table id=\"tablepress-9\" class=\"tablepress tablepress-id-9\">\n<thead>\n<tr class=\"row-1\">\n\t<th class=\"column-1\">Examen\/test<\/th><th class=\"column-2\">Date<\/th><th class=\"column-3\">Lieu<\/th><th class=\"column-4\">Pour s'inscrire<\/th>\n<\/tr>\n<\/thead>\n<tbody class=\"row-striping row-hover\">\n<tr class=\"row-2\">\n\t<td class=\"column-1\">Pre-A1 Starters<\/td><td class=\"column-2\">27 mai 2026 (papier)<br \/>\n27 juin 2026 (papier)<\/td><td class=\"column-3\">Luynes<br \/>\nSalon-de-Provence<\/td><td class=\"column-4\">Dans <a href=\"https:\/\/toplearningexams.fr\/index.php\/inscriptions\/shop\/\" title=\"Shop\" rel=\"noopener\" target=\"_blank\">Inscriptions online<\/a>, pour vos questions 04 42 99 21 97<\/td>\n<\/tr>\n<tr class=\"row-3\">\n\t<td class=\"column-1\">A1 Movers<\/td><td class=\"column-2\">27 mai 2026 (papier)<br \/>\n27 juin 2026 (papier)<\/td><td class=\"column-3\">Luynes<br \/>\nSalon-de-Provence<\/td><td class=\"column-4\">Dans <a href=\"https:\/\/toplearningexams.fr\/index.php\/inscriptions\/shop\/\" title=\"Shop\" rel=\"noopener\" target=\"_blank\">Inscriptions online<\/a>, pour vos questions 04 42 99 21 97<\/td>\n<\/tr>\n<tr class=\"row-4\">\n\t<td class=\"column-1\">A2 Flyers<\/td><td class=\"column-2\">27 mai 2026 (papier)<br \/>\n27 juin 2026 (papier)<\/td><td class=\"column-3\">Luynes<br \/>\nSalon de Provence<\/td><td class=\"column-4\">Dans <a href=\"https:\/\/toplearningexams.fr\/index.php\/inscriptions\/shop\/\" title=\"Shop\" rel=\"noopener\" target=\"_blank\">Inscriptions online<\/a>, pour vos questions 04 42 99 21 97<\/td>\n<\/tr>\n<tr class=\"row-5\">\n\t<td class=\"column-1\">A2 Key for School<\/td><td class=\"column-2\">2 juin 2026 (papier)<br \/>\n13 juin 2026 (papier)<br \/>\n17 juin 2026 (papier)<\/td><td class=\"column-3\">Marseille<br \/>\nSorgues<br \/>\nFuveau<\/td><td class=\"column-4\">Dans <a href=\"https:\/\/toplearningexams.fr\/index.php\/inscriptions\/shop\/\" title=\"Shop\" rel=\"noopener\" target=\"_blank\">Inscriptions online<\/a>, pour vos questions 04 42 99 21 97. Pour la session de Fuveau, contactez directement le centre d'examen.<\/td>\n<\/tr>\n<tr class=\"row-6\">\n\t<td class=\"column-1\">B1 Preliminary for Schools<\/td><td class=\"column-2\">30 mai 2026<br \/>\n2 juin 2026 (papier)<br \/>\n17 juin 2026 (papier)<\/td><td class=\"column-3\">Avignon<br \/>\nMarseille<br \/>\nFuveau<\/td><td class=\"column-4\">Dans <a href=\"https:\/\/toplearningexams.fr\/index.php\/inscriptions\/shop\/\" title=\"Shop\" rel=\"noopener\" target=\"_blank\">Inscriptions online<\/a>, pour vos questions 04 42 99 21 97. Pour la session de Fuveau, contacter directement le centre d'examen.<br \/>\n<\/td>\n<\/tr>\n<tr class=\"row-7\">\n\t<td class=\"column-1\">B2 First<\/td><td class=\"column-2\">28 mai 2026 (Digital)<br \/>\n9 juin 2026 (papier)<br \/>\n2 juillet 2026 (Digital)<\/td><td class=\"column-3\">Marseille ou Aix<br \/>\nLyc\u00e9e Duby, Luynes<br \/>\nMarseille ou Aix<\/td><td class=\"column-4\">Dans <a href=\"https:\/\/toplearningexams.fr\/index.php\/inscriptions\/shop\/\" title=\"Shop\" rel=\"noopener\" target=\"_blank\">Inscriptions online<\/a>, fin avril pour la session de juillet, pour vos questions 04 42 99 21 97<\/td>\n<\/tr>\n<tr class=\"row-8\">\n\t<td class=\"column-1\">C1 Advanced<\/td><td class=\"column-2\">28 mai 2026 (Digital)<br \/>\n10 juin 2026 (papier)<br \/>\n2 juillet 2026<\/td><td class=\"column-3\">Marseille ou Aix<br \/>\nLyc\u00e9e Duby, Luynes<br \/>\nMarseille ou Aix<\/td><td class=\"column-4\">Dans <a href=\"https:\/\/toplearningexams.fr\/index.php\/inscriptions\/shop\/\" title=\"Shop\" rel=\"noopener\" target=\"_blank\">Inscriptions online<\/a>, fin avril pour la session de juillet, pour vos questions 04 42 99 21 97<\/td>\n<\/tr>\n<tr class=\"row-9\">\n\t<td class=\"column-1\">C2 Proficiency<\/td><td class=\"column-2\">12 juin 2026 (papier)<\/td><td class=\"column-3\">Lyc\u00e9e Duby, Luynes<\/td><td class=\"column-4\">Dans <a href=\"https:\/\/toplearningexams.fr\/index.php\/inscriptions\/shop\/\" title=\"Shop\" rel=\"noopener\" target=\"_blank\">Inscriptions online<\/a>, pour vos questions 04 42 99 21 97<\/td>\n<\/tr>\n<tr class=\"row-10\">\n\t<td class=\"column-1\">New Linguaskill Reading and Listening<\/td><td class=\"column-2\">variable, une session par mois<\/td><td class=\"column-3\">Wall Street English Aix-en-Provence<\/td><td class=\"column-4\">Tel : 0442990900 seulement pour Linguaskill et TOEIC<\/td>\n<\/tr>\n<tr class=\"row-11\">\n\t<td class=\"column-1\">TOEIC Institutionnel Reading and Listening (sans CPF)<\/td><td class=\"column-2\">variable, une session par mois en centre (pour financement avec CPF, session \u00e0 distance suite \u00e0 une formation uniquement)<\/td><td class=\"column-3\">Wall Street English Aix-en-Provence<\/td><td class=\"column-4\">Tel : 0442990900<br \/>\nseulement pour Linguaskill et TOEIC<\/td>\n<\/tr>\n<\/tbody>\n<\/table>\n<!-- #tablepress-9 from cache -->\n<p>Si vous souhaitez savoir <strong>quel examen vous convient<\/strong>, vous pouvez faire le <a href=\"http:\/\/www.cambridgeenglish.org\/fr\/test-your-english\/\" target=\"_blank\" rel=\"noopener noreferrer\"><strong>test gratuit<\/strong> <\/a>qui est propos\u00e9 sur le site de Cambridge Assessment English.<\/p>\n<p>Nous proposons des <strong>s\u00e9minaires gratuits pour les enseignants<\/strong> int\u00e9ress\u00e9s par nos examens \u00e0 l&#8217;automne et au printemps. Utilisez le formulaire de <a href=\"https:\/\/toplearningexams.fr\/index.php\/contact\/\">Contact<\/a> si vous souhaitez vous inscrire.<\/p>\n<p>Notre centre organise aussi des <strong>pr\u00e9parations payantes individuelles pour les candidats du niveau A2 \u00e0 C2<\/strong>,. N&#8217;h\u00e9sitez pas \u00e0 <a href=\"https:\/\/toplearningexams.fr\/index.php\/contact\/\" target=\"_blank\" rel=\"noopener\">nous contacter<\/a>.<\/p>\n","protected":false},"excerpt":{"rendered":"<p>Bienvenue sur notre page consacr\u00e9e aux examens de Cambridge English! Nous sommes centre agr\u00e9\u00e9 depuis 2009 et sommes actifs dans toute la Provence pour organiser les examens d&#8217;anglais g\u00e9n\u00e9ral, des Young Learners jusqu&#8217;au\u00a0 C2 Proficiency. Nous organisons notamment des sessions dans la r\u00e9gion d&#8217;Aix-en-Provence, \u00e0 Marseille, \u00e0 Avignon, \u00e0 Montpellier et \u00e0 Gap. Vous trouverez&hellip;<\/p>\n","protected":false},"author":1,"featured_media":0,"parent":0,"menu_order":0,"comment_status":"closed","ping_status":"closed","template":"","meta":{"om_disable_all_campaigns":false,"_monsterinsights_skip_tracking":false,"_monsterinsights_sitenote_active":false,"_monsterinsights_sitenote_note":"","_monsterinsights_sitenote_category":0,"jetpack_post_was_ever_published":false,"footnotes":""},"class_list":["post-7","page","type-page","status-publish","hentry"],"aioseo_notices":[],"jetpack_sharing_enabled":true,"jetpack_shortlink":"https:\/\/wp.me\/P8SRaH-7","jetpack-related-posts":[],"_links":{"self":[{"href":"https:\/\/toplearningexams.fr\/index.php\/wp-json\/wp\/v2\/pages\/7","targetHints":{"allow":["GET"]}}],"collection":[{"href":"https:\/\/toplearningexams.fr\/index.php\/wp-json\/wp\/v2\/pages"}],"about":[{"href":"https:\/\/toplearningexams.fr\/index.php\/wp-json\/wp\/v2\/types\/page"}],"author":[{"embeddable":true,"href":"https:\/\/toplearningexams.fr\/index.php\/wp-json\/wp\/v2\/users\/1"}],"replies":[{"embeddable":true,"href":"https:\/\/toplearningexams.fr\/index.php\/wp-json\/wp\/v2\/comments?post=7"}],"version-history":[{"count":0,"href":"https:\/\/toplearningexams.fr\/index.php\/wp-json\/wp\/v2\/pages\/7\/revisions"}],"wp:attachment":[{"href":"https:\/\/toplearningexams.fr\/index.php\/wp-json\/wp\/v2\/media?parent=7"}],"curies":[{"name":"wp","href":"https:\/\/api.w.org\/{rel}","templated":true}]}}