{"id":88,"date":"2017-07-04T19:08:10","date_gmt":"2017-07-04T17:08:10","guid":{"rendered":"http:\/\/toplearningexams.fr\/?page_id=88"},"modified":"2024-10-25T14:09:12","modified_gmt":"2024-10-25T12:09:12","slug":"preparer-un-examen-cambridge-english","status":"publish","type":"page","link":"https:\/\/toplearningexams.fr\/index.php\/preparer-un-examen-cambridge-english\/","title":{"rendered":"Pr\u00e9paration"},"content":{"rendered":"<p><img data-recalc-dims=\"1\" loading=\"lazy\" decoding=\"async\" data-attachment-id=\"266\" data-permalink=\"https:\/\/toplearningexams.fr\/index.php\/preparer-un-examen-cambridge-english\/ups1-tiff\/\" data-orig-file=\"https:\/\/i0.wp.com\/toplearningexams.fr\/wp-content\/uploads\/2017\/07\/UCLES_Library_rgb.jpg?fit=640%2C421&amp;ssl=1\" data-orig-size=\"640,421\" data-comments-opened=\"0\" data-image-meta=\"{&quot;aperture&quot;:&quot;0&quot;,&quot;credit&quot;:&quot;&quot;,&quot;camera&quot;:&quot;&quot;,&quot;caption&quot;:&quot;UPS1.TIFF&quot;,&quot;created_timestamp&quot;:&quot;0&quot;,&quot;copyright&quot;:&quot;&quot;,&quot;focal_length&quot;:&quot;0&quot;,&quot;iso&quot;:&quot;0&quot;,&quot;shutter_speed&quot;:&quot;0&quot;,&quot;title&quot;:&quot;UPS1.TIFF&quot;,&quot;orientation&quot;:&quot;1&quot;}\" data-image-title=\"UPS1.TIFF\" data-image-description=\"\" data-image-caption=\"&lt;p&gt;UPS1.TIFF&lt;\/p&gt;\n\" data-large-file=\"https:\/\/i0.wp.com\/toplearningexams.fr\/wp-content\/uploads\/2017\/07\/UCLES_Library_rgb.jpg?fit=640%2C421&amp;ssl=1\" class=\"aligncenter wp-image-266 size-full\" src=\"https:\/\/i0.wp.com\/toplearningexams.fr\/wp-content\/uploads\/2017\/07\/UCLES_Library_rgb.jpg?resize=640%2C421\" alt=\"\" width=\"640\" height=\"421\" srcset=\"https:\/\/i0.wp.com\/toplearningexams.fr\/wp-content\/uploads\/2017\/07\/UCLES_Library_rgb.jpg?w=640&amp;ssl=1 640w, https:\/\/i0.wp.com\/toplearningexams.fr\/wp-content\/uploads\/2017\/07\/UCLES_Library_rgb.jpg?resize=300%2C197&amp;ssl=1 300w\" sizes=\"auto, (max-width: 640px) 100vw, 640px\" \/><\/p>\n<p>Il est important de conna\u00eetre le format de l&#8217;examen pour ne pas \u00eatre pris au d\u00e9pourvu le jour J, mais il est imp\u00e9ratif d&#8217;avoir le niveau correspondant \u00e0 l&#8217;examen pour obtenir un r\u00e9sultat satisfaisant, c&#8217;est pourquoi une pr\u00e9paration de fond est recommand\u00e9e.<\/p>\n<p>Vous trouverez ici des <strong>ressources gratuites<\/strong> pour vous entra\u00eener et am\u00e9liorer vos connaissances linguistiques :<\/p>\n<ul>\n<li><a href=\"http:\/\/toplearningexams.fr\/index.php\/preparer-un-examen-cambridge-english\/for-starters\/\">Starters<\/a><\/li>\n<li><a href=\"http:\/\/toplearningexams.fr\/index.php\/preparer-un-examen-cambridge-english\/for-movers\/\">Movers<\/a><\/li>\n<li><a href=\"http:\/\/toplearningexams.fr\/index.php\/preparer-un-examen-cambridge-english\/for-flyers\/\">Flyers<\/a><\/li>\n<li><a href=\"http:\/\/toplearningexams.fr\/index.php\/preparer-un-examen-cambridge-english\/pour-le-key\/\">Key for School<\/a><\/li>\n<li><a href=\"http:\/\/toplearningexams.fr\/index.php\/preparer-un-examen-cambridge-english\/pour-le-preliminary-et-le-preliminary-for-school\/\">Preliminary for School<\/a><\/li>\n<li><a href=\"http:\/\/toplearningexams.fr\/index.php\/preparer-un-examen-cambridge-english\/pour-le-first-et-le-first-for-school\/\">First \/ First for School<\/a><\/li>\n<li><a href=\"http:\/\/toplearningexams.fr\/index.php\/preparer-un-examen-cambridge-english\/pourladvanced\/\">Advanced<\/a><\/li>\n<li><a href=\"http:\/\/toplearningexams.fr\/index.php\/preparer-un-examen-cambridge-english\/pour-le-proficiency\/\">Proficiency<\/a><\/li>\n<\/ul>\n<p>Pour travailler l&#8217;\u00e9crit, le site <a href=\"https:\/\/writeandimprove.com\/\" target=\"_blank\" rel=\"noopener\">Write and Improve <\/a>vous permet d&#8217;avoir une correction intelligente de votre production, il vous suffit de choisir un niveau de difficult\u00e9 et un sujet et de commencer \u00e0 \u00e9crire. <a href=\"https:\/\/speakandimprove.com\/\">Speak and Improve<\/a> propose l&#8217;\u00e9quivalent pour l&#8217;oral. Il s&#8217;agit de sites gratuits.<\/p>\n<p>Nous avons une page <a href=\"https:\/\/www.pinterest.fr\/toplearningaix\/\">Pinterest<\/a> avec des ressources concernant l&#8217;\u00e9criture, l&#8217;oral, le vocabulaire et la grammaire pour tous les niveaux.<\/p>\n<p>Il existe \u00e9galement des <strong>pr\u00e9parations payantes<\/strong> dans nos locaux et chez nos partenaires selon le niveau et le format souhait\u00e9, merci de remplir le <a href=\"http:\/\/toplearningexams.fr\/index.php\/contact\/\" target=\"_blank\" rel=\"noopener\">formulaire de contact<\/a> pour savoir quelle est la meilleure solution pr\u00e8s de chez vous. <strong>Wall Street English propose des pr\u00e9parations individuelles<\/strong> pour les examens B2 First, C1 Advanced et C2 Proficiency, <strong>et des cours collectifs<\/strong> sont pr\u00e9vus sous r\u00e9serve d&#8217;un nombre suffisant d&#8217;inscrits pour pr\u00e9parer le A2 Key et le B1 Preliminary.<\/p>\n<p>Les professeurs souhaitant pr\u00e9parer leurs \u00e9l\u00e8ves aux examens de Cambridge English disposent \u00e9galement de plusieurs outils, et nous sommes \u00e0 votre disposition pour r\u00e9pondre \u00e0 vos questions.<\/p>\n","protected":false},"excerpt":{"rendered":"<p>Il est important de conna\u00eetre le format de l&#8217;examen pour ne pas \u00eatre pris au d\u00e9pourvu le jour J, mais il est imp\u00e9ratif d&#8217;avoir le niveau correspondant \u00e0 l&#8217;examen pour obtenir un r\u00e9sultat satisfaisant, c&#8217;est pourquoi une pr\u00e9paration de fond est recommand\u00e9e. Vous trouverez ici des ressources gratuites pour vous entra\u00eener et am\u00e9liorer vos connaissances&hellip;<\/p>\n","protected":false},"author":1,"featured_media":0,"parent":0,"menu_order":0,"comment_status":"closed","ping_status":"closed","template":"","meta":{"om_disable_all_campaigns":false,"_monsterinsights_skip_tracking":false,"_monsterinsights_sitenote_active":false,"_monsterinsights_sitenote_note":"","_monsterinsights_sitenote_category":0,"jetpack_post_was_ever_published":false,"footnotes":""},"class_list":["post-88","page","type-page","status-publish","hentry"],"aioseo_notices":[],"jetpack_sharing_enabled":true,"jetpack_shortlink":"https:\/\/wp.me\/P8SRaH-1q","jetpack-related-posts":[],"_links":{"self":[{"href":"https:\/\/toplearningexams.fr\/index.php\/wp-json\/wp\/v2\/pages\/88","targetHints":{"allow":["GET"]}}],"collection":[{"href":"https:\/\/toplearningexams.fr\/index.php\/wp-json\/wp\/v2\/pages"}],"about":[{"href":"https:\/\/toplearningexams.fr\/index.php\/wp-json\/wp\/v2\/types\/page"}],"author":[{"embeddable":true,"href":"https:\/\/toplearningexams.fr\/index.php\/wp-json\/wp\/v2\/users\/1"}],"replies":[{"embeddable":true,"href":"https:\/\/toplearningexams.fr\/index.php\/wp-json\/wp\/v2\/comments?post=88"}],"version-history":[{"count":0,"href":"https:\/\/toplearningexams.fr\/index.php\/wp-json\/wp\/v2\/pages\/88\/revisions"}],"wp:attachment":[{"href":"https:\/\/toplearningexams.fr\/index.php\/wp-json\/wp\/v2\/media?parent=88"}],"curies":[{"name":"wp","href":"https:\/\/api.w.org\/{rel}","templated":true}]}}