{"id":94,"date":"2017-07-08T12:50:44","date_gmt":"2017-07-08T10:50:44","guid":{"rendered":"http:\/\/toplearningexams.fr\/?page_id=94"},"modified":"2024-10-25T13:11:30","modified_gmt":"2024-10-25T11:11:30","slug":"young-learners","status":"publish","type":"page","link":"https:\/\/toplearningexams.fr\/index.php\/nos-examens\/young-learners\/","title":{"rendered":"Young Learners"},"content":{"rendered":"<p><img data-recalc-dims=\"1\" loading=\"lazy\" decoding=\"async\" data-attachment-id=\"261\" data-permalink=\"https:\/\/toplearningexams.fr\/index.php\/nos-examens\/young-learners\/young_learners_rgb_300ppi\/\" data-orig-file=\"https:\/\/i0.wp.com\/toplearningexams.fr\/wp-content\/uploads\/2017\/07\/young_learners_rgb_300ppi.png?fit=516%2C503&amp;ssl=1\" data-orig-size=\"516,503\" data-comments-opened=\"0\" data-image-meta=\"{&quot;aperture&quot;:&quot;0&quot;,&quot;credit&quot;:&quot;&quot;,&quot;camera&quot;:&quot;&quot;,&quot;caption&quot;:&quot;&quot;,&quot;created_timestamp&quot;:&quot;0&quot;,&quot;copyright&quot;:&quot;&quot;,&quot;focal_length&quot;:&quot;0&quot;,&quot;iso&quot;:&quot;0&quot;,&quot;shutter_speed&quot;:&quot;0&quot;,&quot;title&quot;:&quot;&quot;,&quot;orientation&quot;:&quot;0&quot;}\" data-image-title=\"young_learners_rgb_300ppi\" data-image-description=\"\" data-image-caption=\"\" data-large-file=\"https:\/\/i0.wp.com\/toplearningexams.fr\/wp-content\/uploads\/2017\/07\/young_learners_rgb_300ppi.png?fit=516%2C503&amp;ssl=1\" class=\"aligncenter wp-image-261 size-medium\" src=\"https:\/\/i0.wp.com\/toplearningexams.fr\/wp-content\/uploads\/2017\/07\/young_learners_rgb_300ppi-300x292.png?resize=300%2C292\" alt=\"\" width=\"300\" height=\"292\" srcset=\"https:\/\/i0.wp.com\/toplearningexams.fr\/wp-content\/uploads\/2017\/07\/young_learners_rgb_300ppi.png?resize=300%2C292&amp;ssl=1 300w, https:\/\/i0.wp.com\/toplearningexams.fr\/wp-content\/uploads\/2017\/07\/young_learners_rgb_300ppi.png?w=516&amp;ssl=1 516w\" sizes=\"auto, (max-width: 300px) 100vw, 300px\" \/><\/p>\n<p><strong>Les examens <em>Young Learners<\/em> sont \u00e9tudi\u00e9s pour mettre \u00e0 l&#8217;aise les enfants de la primaire au coll\u00e8ge<\/strong> et leur permettre de d\u00e9montrer leurs capacit\u00e9s \u00e0 l&#8217;\u00e9crit comme \u00e0 l&#8217;oral. Il s&#8217;agit d&#8217;examens <strong>ludiques et motivants<\/strong> : le r\u00e9sultat se pr\u00e9sente sous forme d&#8217;un certain nombre de <em>Shields<\/em> (blasons) au lieu d&#8217;une note, et <strong>il n&#8217;y a pas d&#8217;\u00e9chec possible<\/strong>. On estime qu&#8217;<strong>\u00e0 partir de 10 <em>Shields<\/em> sur 15, le candidat est apte \u00e0 pr\u00e9parer l&#8217;examen suivant<\/strong>. La brochure officielle est disponible : <a href=\"http:\/\/toplearningexams.fr\/wp-content\/uploads\/2017\/07\/FRENCH-Young-Learners-leaflet-for-parents-DL.pdf\">Informations YLE<\/a><\/p>\n<p><img data-recalc-dims=\"1\" loading=\"lazy\" decoding=\"async\" data-attachment-id=\"262\" data-permalink=\"https:\/\/toplearningexams.fr\/index.php\/nos-examens\/young-learners\/young_learners_certificates_fan_cmyk_300_dpi\/\" data-orig-file=\"https:\/\/i0.wp.com\/toplearningexams.fr\/wp-content\/uploads\/2017\/07\/young_learners_certificates_fan_cmyk_300_dpi.jpg?fit=3600%2C3600&amp;ssl=1\" data-orig-size=\"3600,3600\" data-comments-opened=\"0\" data-image-meta=\"{&quot;aperture&quot;:&quot;0&quot;,&quot;credit&quot;:&quot;&quot;,&quot;camera&quot;:&quot;&quot;,&quot;caption&quot;:&quot;&quot;,&quot;created_timestamp&quot;:&quot;0&quot;,&quot;copyright&quot;:&quot;&quot;,&quot;focal_length&quot;:&quot;0&quot;,&quot;iso&quot;:&quot;0&quot;,&quot;shutter_speed&quot;:&quot;0&quot;,&quot;title&quot;:&quot;&quot;,&quot;orientation&quot;:&quot;1&quot;}\" data-image-title=\"young_learners_certificates_fan_cmyk_300_dpi\" data-image-description=\"\" data-image-caption=\"\" data-large-file=\"https:\/\/i0.wp.com\/toplearningexams.fr\/wp-content\/uploads\/2017\/07\/young_learners_certificates_fan_cmyk_300_dpi.jpg?fit=640%2C640&amp;ssl=1\" class=\"aligncenter wp-image-262 size-large\" src=\"https:\/\/i0.wp.com\/toplearningexams.fr\/wp-content\/uploads\/2017\/07\/young_learners_certificates_fan_cmyk_300_dpi-1024x1024.jpg?resize=640%2C640\" alt=\"\" width=\"640\" height=\"640\" srcset=\"https:\/\/i0.wp.com\/toplearningexams.fr\/wp-content\/uploads\/2017\/07\/young_learners_certificates_fan_cmyk_300_dpi.jpg?resize=1024%2C1024&amp;ssl=1 1024w, https:\/\/i0.wp.com\/toplearningexams.fr\/wp-content\/uploads\/2017\/07\/young_learners_certificates_fan_cmyk_300_dpi.jpg?resize=150%2C150&amp;ssl=1 150w, https:\/\/i0.wp.com\/toplearningexams.fr\/wp-content\/uploads\/2017\/07\/young_learners_certificates_fan_cmyk_300_dpi.jpg?resize=300%2C300&amp;ssl=1 300w, https:\/\/i0.wp.com\/toplearningexams.fr\/wp-content\/uploads\/2017\/07\/young_learners_certificates_fan_cmyk_300_dpi.jpg?resize=768%2C768&amp;ssl=1 768w, https:\/\/i0.wp.com\/toplearningexams.fr\/wp-content\/uploads\/2017\/07\/young_learners_certificates_fan_cmyk_300_dpi.jpg?w=1280&amp;ssl=1 1280w, https:\/\/i0.wp.com\/toplearningexams.fr\/wp-content\/uploads\/2017\/07\/young_learners_certificates_fan_cmyk_300_dpi.jpg?w=1920&amp;ssl=1 1920w\" sizes=\"auto, (max-width: 640px) 100vw, 640px\" \/><\/p>\n<h4>Le d\u00e9roulement de l&#8217;examen <em>Young Learners<\/em><\/h4>\n<p>L&#8217;examen est compos\u00e9 de trois parties : compr\u00e9hension \u00e0 l&#8217;audition, compr\u00e9hension et expression \u00e9crites, expression orale.<\/p>\n<p>Contrairement aux autres examens de Cambridge English, le passage de l&#8217;examen oral est individuel : le candidat est seul avec le <em>Speaking Examiner<\/em>. Autre sp\u00e9cificit\u00e9 de cet examen, c&#8217;est au professeur habituel du candidat de l&#8217;amener \u00e0 la salle d&#8217;oral afin de pouvoir le rassurer jusqu&#8217;au dernier moment.<\/p>\n<p>Une autre diff\u00e9rence concerne l&#8217;\u00e9crit : au lieu de devoir recopier ses r\u00e9ponses sur la feuille ad hoc apr\u00e8s avoir lu le questionnaire, le candidat r\u00e9pond directement dans le livret de questions qui comprend de nombreuses illustrations en couleur.<\/p>\n<h4><strong>La difficult\u00e9 de l&#8217;examen <em>Young Learners<\/em><\/strong><\/h4>\n<p>Il y a trois niveaux de <em>Young Learners<\/em> : <em>Pre-A1 Starters, A1 Movers<\/em> et <em>A2 Flyers<\/em>. Comme leurs noms l&#8217;indiquent, ils couvrent les niveaux pr\u00e9-A1 \u00e0 A2 du Cadre Europ\u00e9en Commun de R\u00e9f\u00e9rence.<\/p>\n<h4>Un t\u00e9moignage de candidat<\/h4>\n<div class=\"jetpack-video-wrapper\"><span class=\"embed-youtube\" style=\"text-align:center; display: block;\"><iframe loading=\"lazy\" class=\"youtube-player\" width=\"640\" height=\"360\" src=\"https:\/\/www.youtube.com\/embed\/1xT9l-bCzO8http:\/\/?version=3&#038;rel=1&#038;showsearch=0&#038;showinfo=1&#038;iv_load_policy=1&#038;fs=1&#038;hl=en-US&#038;autohide=2&#038;wmode=transparent\" allowfullscreen=\"true\" style=\"border:0;\" sandbox=\"allow-scripts allow-same-origin allow-popups allow-presentation allow-popups-to-escape-sandbox\"><\/iframe><\/span><\/div>\n<h4>Les sessions d&#8217;examen <em>Young Learners<\/em><\/h4>\n<p><strong>Les sessions publiques de <em>Young Learners<\/em> ont lieu en mai et juin<\/strong>, avec au plus tard une session le premier samedi de juillet. <strong>Le choix des dates \u00e9tant libre, il est possible de convenir d&#8217;une date pour une session r\u00e9serv\u00e9e \u00e0 une \u00e9cole<\/strong> sous r\u00e9serve d&#8217;un nombre suffisant de candidats. Pour toute demande de ce type, <strong>merci d&#8217;utiliser notre formulaire de <a href=\"http:\/\/toplearningexams.fr\/index.php\/contact\/\">contact<\/a>.<\/strong><\/p>\n","protected":false},"excerpt":{"rendered":"<p>Les examens Young Learners sont \u00e9tudi\u00e9s pour mettre \u00e0 l&#8217;aise les enfants de la primaire au coll\u00e8ge et leur permettre de d\u00e9montrer leurs capacit\u00e9s \u00e0 l&#8217;\u00e9crit comme \u00e0 l&#8217;oral. Il s&#8217;agit d&#8217;examens ludiques et motivants : le r\u00e9sultat se pr\u00e9sente sous forme d&#8217;un certain nombre de Shields (blasons) au lieu d&#8217;une note, et il n&#8217;y&hellip;<\/p>\n","protected":false},"author":1,"featured_media":0,"parent":39,"menu_order":1,"comment_status":"closed","ping_status":"closed","template":"","meta":{"om_disable_all_campaigns":false,"_monsterinsights_skip_tracking":false,"_monsterinsights_sitenote_active":false,"_monsterinsights_sitenote_note":"","_monsterinsights_sitenote_category":0,"jetpack_post_was_ever_published":false,"footnotes":""},"class_list":["post-94","page","type-page","status-publish","hentry"],"aioseo_notices":[],"jetpack_sharing_enabled":true,"jetpack_shortlink":"https:\/\/wp.me\/P8SRaH-1w","jetpack-related-posts":[],"_links":{"self":[{"href":"https:\/\/toplearningexams.fr\/index.php\/wp-json\/wp\/v2\/pages\/94","targetHints":{"allow":["GET"]}}],"collection":[{"href":"https:\/\/toplearningexams.fr\/index.php\/wp-json\/wp\/v2\/pages"}],"about":[{"href":"https:\/\/toplearningexams.fr\/index.php\/wp-json\/wp\/v2\/types\/page"}],"author":[{"embeddable":true,"href":"https:\/\/toplearningexams.fr\/index.php\/wp-json\/wp\/v2\/users\/1"}],"replies":[{"embeddable":true,"href":"https:\/\/toplearningexams.fr\/index.php\/wp-json\/wp\/v2\/comments?post=94"}],"version-history":[{"count":0,"href":"https:\/\/toplearningexams.fr\/index.php\/wp-json\/wp\/v2\/pages\/94\/revisions"}],"up":[{"embeddable":true,"href":"https:\/\/toplearningexams.fr\/index.php\/wp-json\/wp\/v2\/pages\/39"}],"wp:attachment":[{"href":"https:\/\/toplearningexams.fr\/index.php\/wp-json\/wp\/v2\/media?parent=94"}],"curies":[{"name":"wp","href":"https:\/\/api.w.org\/{rel}","templated":true}]}}