{"id":11262,"date":"2025-09-23T11:21:26","date_gmt":"2025-09-23T09:21:26","guid":{"rendered":"https:\/\/toplearningexams.fr\/?post_type=product&#038;p=11262"},"modified":"2025-10-22T11:54:47","modified_gmt":"2025-10-22T09:54:47","slug":"pre-a1-starters-digital-octobre-2025-aix-en-provence-late1","status":"publish","type":"product","link":"https:\/\/toplearningexams.fr\/index.php\/product\/pre-a1-starters-digital-octobre-2025-aix-en-provence-late1\/","title":{"rendered":"Pre-A1 Starters Digital octobre 2025 Aix-en-Provence Late Step 2"},"content":{"rendered":"<p>Session du 11 octobre 2025 \u00e0 Aix-en-Provence (Wall Street English).<\/p>\n<p>Ecrits et oral le m\u00eame jour, horaires pr\u00e9cis\u00e9s dans la convocation.<\/p>\n<p><strong>Date limite d&#8217;inscription pour Late Step 2 : 7 octobre 2025 (pas de tiers-temps)<\/strong><strong>.<\/strong><\/p>\n<p>Le format de l&#8217;examen Digital est l\u00e9g\u00e8rement diff\u00e9rent de la version papier. Un examen blanc est disponible sur le site de Cambridge (https:\/\/<a href=\"https:\/\/www.cambridgeenglish.org\/exams-and-tests\/movers-digital\/preparation\/\" target=\"_blank\" rel=\"noopener\">www.cambridgeenglish.org\/exams-and-tests\/movers-digital\/preparation\/<\/a>). La plus grande diff\u00e9rence est qu&#8217;il est impossible de revenir en arri\u00e8re apr\u00e8s avoir r\u00e9pondu \u00e0 une question.<\/p>\n<p><strong>L&#8217;inscription est valid\u00e9e une fois le paiement encaiss\u00e9. Pour paiement via carte C&#8217;Jeune (ancien Coll\u00e9gien de Provence), choisissez le paiement par ch\u00e8que pour pouvoir finaliser la commande. La part pay\u00e9e en C&#8217;Jeune est totalement non-remboursable.<br \/>\n<\/strong><\/p>\n<p>Toute inscription est d\u00e9finitive et non-remboursable sauf \u00e9v\u00e9nement exceptionnel (maladie, deuil) etc. Dans ce cas, le justificatif doit \u00eatre envoy\u00e9 dans les deux jours suivant l&#8217;examen pour obtenir un remboursement de Cambridge English. Cela donne droit \u00e0 un avoir sur une prochaine session.<\/p>\n","protected":false},"excerpt":{"rendered":"<p>Session du 11 octobre 2025 \u00e0 Aix-en-Provence.<\/p>\n<p><strong>D\u00e9tails ci-dessous.<br \/>\n<\/strong><\/p>\n","protected":false},"featured_media":1288,"template":"","meta":{"om_disable_all_campaigns":false,"_monsterinsights_skip_tracking":false,"_monsterinsights_sitenote_active":false,"_monsterinsights_sitenote_note":"","_monsterinsights_sitenote_category":0,"jetpack_post_was_ever_published":false,"jetpack_publicize_message":"","jetpack_publicize_feature_enabled":true,"jetpack_social_post_already_shared":true,"jetpack_social_options":{"image_generator_settings":{"template":"highway","default_image_id":0,"font":"","enabled":false},"version":2}},"product_brand":[],"product_cat":[67,61],"product_tag":[],"class_list":{"0":"post-11262","1":"product","2":"type-product","3":"status-publish","4":"has-post-thumbnail","6":"product_cat-exams","7":"product_cat-young-learners","9":"first","10":"outofstock","11":"downloadable","12":"sold-individually","13":"shipping-taxable","14":"purchasable","15":"product-type-simple"},"aioseo_notices":[],"jetpack_publicize_connections":[],"jetpack_sharing_enabled":true,"jetpack-related-posts":[],"_links":{"self":[{"href":"https:\/\/toplearningexams.fr\/index.php\/wp-json\/wp\/v2\/product\/11262","targetHints":{"allow":["GET"]}}],"collection":[{"href":"https:\/\/toplearningexams.fr\/index.php\/wp-json\/wp\/v2\/product"}],"about":[{"href":"https:\/\/toplearningexams.fr\/index.php\/wp-json\/wp\/v2\/types\/product"}],"wp:featuredmedia":[{"embeddable":true,"href":"https:\/\/toplearningexams.fr\/index.php\/wp-json\/wp\/v2\/media\/1288"}],"wp:attachment":[{"href":"https:\/\/toplearningexams.fr\/index.php\/wp-json\/wp\/v2\/media?parent=11262"}],"wp:term":[{"taxonomy":"product_brand","embeddable":true,"href":"https:\/\/toplearningexams.fr\/index.php\/wp-json\/wp\/v2\/product_brand?post=11262"},{"taxonomy":"product_cat","embeddable":true,"href":"https:\/\/toplearningexams.fr\/index.php\/wp-json\/wp\/v2\/product_cat?post=11262"},{"taxonomy":"product_tag","embeddable":true,"href":"https:\/\/toplearningexams.fr\/index.php\/wp-json\/wp\/v2\/product_tag?post=11262"}],"curies":[{"name":"wp","href":"https:\/\/api.w.org\/{rel}","templated":true}]}}