{"id":11645,"date":"2025-10-21T14:58:32","date_gmt":"2025-10-21T12:58:32","guid":{"rendered":"https:\/\/toplearningexams.fr\/?post_type=product&#038;p=11645"},"modified":"2026-04-30T11:28:37","modified_gmt":"2026-04-30T09:28:37","slug":"test-train-b2-first","status":"publish","type":"product","link":"https:\/\/toplearningexams.fr\/index.php\/product\/test-train-b2-first\/","title":{"rendered":"Test &#038; Train B2 First"},"content":{"rendered":"<p>Contenu de 6 examens, \u00e0 refaire \u00e0 volont\u00e9, valable 18 mois.<\/p>\n<p>Code envoy\u00e9 dans les cinq jours suivants la commande (hors vacances pr\u00e9cis\u00e9es en page d&#8217;accueil), \u00e0 utiliser sur https:\/\/www.cambridgeone.org\/.<\/p>\n<p>Fonctionne sur tous les supports num\u00e9riques (t\u00e9l\u00e9phone, tablette, ordinateur), entra\u00eenement facile d&#8217;utilisation pour optimiser la performance le jour de l&#8217;examen.<\/p>\n<p>Travaille les 4 composants :<\/p>\n<p><i>Reading and Use of English \/ Listening:<\/i><\/p>\n<p>Mat\u00e9riel de pr\u00e9paration officiel avec des exercices focalis\u00e9s sur les t\u00e2ches d&#8217;examen. Feedback imm\u00e9diat avec conseils et indices pour am\u00e9liorer sa performance. Possibilit\u00e9 de refaire les exercices sans limite pour am\u00e9liorer la confiance en soi et l&#8217;efficacit\u00e9.<\/p>\n<p><i>Speaking and Writing:<\/i><\/p>\n<p>Exemples de r\u00e9ponses et de commentaires d&#8217;examinateurs pour s&#8217;am\u00e9liorer, vid\u00e9o compl\u00e8te d&#8217;un exemple de Speaking.<\/p>\n","protected":false},"excerpt":{"rendered":"<p>Entra\u00eenement \u00e0 l&#8217;examen, enti\u00e8rement digital.<\/p>\n","protected":false},"featured_media":14751,"template":"","meta":{"om_disable_all_campaigns":false,"_monsterinsights_skip_tracking":false,"_monsterinsights_sitenote_active":false,"_monsterinsights_sitenote_note":"","_monsterinsights_sitenote_category":0,"jetpack_post_was_ever_published":false,"jetpack_publicize_message":"","jetpack_publicize_feature_enabled":true,"jetpack_social_post_already_shared":true,"jetpack_social_options":{"image_generator_settings":{"template":"highway","default_image_id":0,"font":"","enabled":false},"version":2}},"product_brand":[],"product_cat":[66,84],"product_tag":[],"class_list":{"0":"post-11645","1":"product","2":"type-product","3":"status-publish","4":"has-post-thumbnail","6":"product_cat-examens-blancs","7":"product_cat-test-and-train","9":"first","10":"instock","11":"downloadable","12":"virtual","13":"purchasable","14":"product-type-simple"},"aioseo_notices":[],"jetpack_publicize_connections":[],"jetpack_sharing_enabled":true,"jetpack-related-posts":[],"_links":{"self":[{"href":"https:\/\/toplearningexams.fr\/index.php\/wp-json\/wp\/v2\/product\/11645","targetHints":{"allow":["GET"]}}],"collection":[{"href":"https:\/\/toplearningexams.fr\/index.php\/wp-json\/wp\/v2\/product"}],"about":[{"href":"https:\/\/toplearningexams.fr\/index.php\/wp-json\/wp\/v2\/types\/product"}],"wp:featuredmedia":[{"embeddable":true,"href":"https:\/\/toplearningexams.fr\/index.php\/wp-json\/wp\/v2\/media\/14751"}],"wp:attachment":[{"href":"https:\/\/toplearningexams.fr\/index.php\/wp-json\/wp\/v2\/media?parent=11645"}],"wp:term":[{"taxonomy":"product_brand","embeddable":true,"href":"https:\/\/toplearningexams.fr\/index.php\/wp-json\/wp\/v2\/product_brand?post=11645"},{"taxonomy":"product_cat","embeddable":true,"href":"https:\/\/toplearningexams.fr\/index.php\/wp-json\/wp\/v2\/product_cat?post=11645"},{"taxonomy":"product_tag","embeddable":true,"href":"https:\/\/toplearningexams.fr\/index.php\/wp-json\/wp\/v2\/product_tag?post=11645"}],"curies":[{"name":"wp","href":"https:\/\/api.w.org\/{rel}","templated":true}]}}