{"id":11659,"date":"2025-10-22T10:10:25","date_gmt":"2025-10-22T08:10:25","guid":{"rendered":"https:\/\/toplearningexams.fr\/?post_type=product&#038;p=11659"},"modified":"2026-02-11T14:49:50","modified_gmt":"2026-02-11T13:49:50","slug":"authentic-digital-practice-test-b1-preliminary-for-school","status":"publish","type":"product","link":"https:\/\/toplearningexams.fr\/index.php\/product\/authentic-digital-practice-test-b1-preliminary-for-school\/","title":{"rendered":"Authentic Digital Practice Test B1 Preliminary for School"},"content":{"rendered":"<p>Con\u00e7us pour imiter l&#8217;environnement des examens en version Digital, c&#8217;est un examen blanc efficace qui permet de se familiariser avec l&#8217;examen r\u00e9el, <strong>sur ordinateur uniquement.<\/strong><\/p>\n<p>Trois tentatives possibles pour permettre aux candidats de s&#8217;am\u00e9liorer et de se familiariser avec le format de l&#8217;examen. L&#8217;acc\u00e8s est valable 12 mois apr\u00e8s la premi\u00e8re activation.<\/p>\n<p>Notation automatique sauf pour le Speaking (tous niveaux) et le Writing du C2 Proficiency, les r\u00e9sultats sont disponibles en 5 minutes pour permettre une r\u00e9vision rapide et une meilleure orientation des entra\u00eenements.<\/p>\n<p>Apr\u00e8s la premi\u00e8re tentative, un rapport du Cadre Europ\u00e9en Commun de R\u00e9f\u00e9rence des Langues indique \u00e0 quel point le candidat est pr\u00eat \u00e0 passer l&#8217;examen. <strong>Si le candidat est inscrit \u00e0 un examen \u00e0 titre priv\u00e9 et que cette premi\u00e8re tentative a lieu AVANT la date limite d&#8217;inscription des examens concern\u00e9s, le candidat peut demander un changement de niveau sans p\u00e9nalit\u00e9<\/strong> (en r\u00e9glant la diff\u00e9rence pour passer au niveau sup\u00e9rieur, la diff\u00e9rence est rembours\u00e9e pour le passage du niveau inf\u00e9rieur sauf en cas de paiement par C&#8217;Jeune)<strong> sur envoi d&#8217;une capture d&#8217;\u00e9cran du r\u00e9sultat.\u00a0<\/strong>Le code d&#8217;acc\u00e8s est envoy\u00e9 par mail dans les 5 jours suivant la commande.<\/p>\n<p>Inclus :<\/p>\n<ul>\n<li>Reading or Reading and Use of English<\/li>\n<li>Listening<\/li>\n<li>Writing (sauf pour le C2 Proficiency)<\/li>\n<\/ul>\n<p>Un t\u00e9l\u00e9chargement d&#8217;examen blanc du Speaking est disponible mais ce n&#8217;est pas inclus dans la pr\u00e9paration digitale car le Speaking reste en face-\u00e0-face dans l&#8217;examen r\u00e9el.<\/p>\n","protected":false},"excerpt":{"rendered":"<p>Un examen blanc, trois tentatives, un score apr\u00e8s le premier essai (sauf pour le Speaking).<\/p>\n","protected":false},"featured_media":11692,"template":"","meta":{"om_disable_all_campaigns":false,"_monsterinsights_skip_tracking":false,"_monsterinsights_sitenote_active":false,"_monsterinsights_sitenote_note":"","_monsterinsights_sitenote_category":0,"jetpack_post_was_ever_published":false,"jetpack_publicize_message":"","jetpack_publicize_feature_enabled":true,"jetpack_social_post_already_shared":true,"jetpack_social_options":{"image_generator_settings":{"template":"highway","default_image_id":0,"font":"","enabled":false},"version":2}},"product_brand":[],"product_cat":[68,66],"product_tag":[],"class_list":{"0":"post-11659","1":"product","2":"type-product","3":"status-publish","4":"has-post-thumbnail","6":"product_cat-adpt","7":"product_cat-examens-blancs","9":"first","10":"instock","11":"downloadable","12":"virtual","13":"purchasable","14":"product-type-simple"},"aioseo_notices":[],"jetpack_publicize_connections":[],"jetpack_sharing_enabled":true,"jetpack-related-posts":[],"_links":{"self":[{"href":"https:\/\/toplearningexams.fr\/index.php\/wp-json\/wp\/v2\/product\/11659","targetHints":{"allow":["GET"]}}],"collection":[{"href":"https:\/\/toplearningexams.fr\/index.php\/wp-json\/wp\/v2\/product"}],"about":[{"href":"https:\/\/toplearningexams.fr\/index.php\/wp-json\/wp\/v2\/types\/product"}],"wp:featuredmedia":[{"embeddable":true,"href":"https:\/\/toplearningexams.fr\/index.php\/wp-json\/wp\/v2\/media\/11692"}],"wp:attachment":[{"href":"https:\/\/toplearningexams.fr\/index.php\/wp-json\/wp\/v2\/media?parent=11659"}],"wp:term":[{"taxonomy":"product_brand","embeddable":true,"href":"https:\/\/toplearningexams.fr\/index.php\/wp-json\/wp\/v2\/product_brand?post=11659"},{"taxonomy":"product_cat","embeddable":true,"href":"https:\/\/toplearningexams.fr\/index.php\/wp-json\/wp\/v2\/product_cat?post=11659"},{"taxonomy":"product_tag","embeddable":true,"href":"https:\/\/toplearningexams.fr\/index.php\/wp-json\/wp\/v2\/product_tag?post=11659"}],"curies":[{"name":"wp","href":"https:\/\/api.w.org\/{rel}","templated":true}]}}