{"id":11755,"date":"2025-10-24T10:19:59","date_gmt":"2025-10-24T08:19:59","guid":{"rendered":"https:\/\/toplearningexams.fr\/?post_type=product&#038;p=11755"},"modified":"2026-02-11T14:40:51","modified_gmt":"2026-02-11T13:40:51","slug":"b2-first-digital-fevrier-2026","status":"publish","type":"product","link":"https:\/\/toplearningexams.fr\/index.php\/product\/b2-first-digital-fevrier-2026\/","title":{"rendered":"B2 First Digital f\u00e9vrier 2026 (Marseille)"},"content":{"rendered":"<p>Session du 6 f\u00e9vrier 2026 \u00e0 Marseille (Kangourou Provence)\u00a0 (r\u00e9sultat connu 5 \u00e0 10 jours ouvrables apr\u00e8s l&#8217;examen).<\/p>\n<p>Journ\u00e9e enti\u00e8re, horaires \u00e0 pr\u00e9ciser une fois le nombre de candidats connu.<\/p>\n<p><strong>Date limite d&#8217;inscription pour dossier classique : 21 janvier 2026 (pour demande d&#8217;am\u00e9nagement, envoyer le dossier complet avec certificat m\u00e9dical avant le 1er janvier, ATTENTION, PAS DE TEMPS ADDITIONNEL POSSIBLE POUR LA COMPREHENSION A L&#8217;AUDITION, merci de consulter la FAQ pour conna\u00eetre les possibilit\u00e9s d&#8217;am\u00e9nagement).<br \/>\n<\/strong><\/p>\n<p><strong>Il faut absolument pr\u00e9senter une pi\u00e8ce d&#8217;identit\u00e9 ORIGINALE et VALIDE le jour de l&#8217;examen, sans quoi l&#8217;acc\u00e8s \u00e0 la session sera refus\u00e9 et il n&#8217;y aura pas de remboursement.\u00a0<\/strong><\/p>\n<p><strong>L&#8217;inscription est valid\u00e9e une fois le paiement encaiss\u00e9. La session est organis\u00e9e sous r\u00e9serve d&#8217;un nombre minimum de candidats.<br \/>\n<\/strong><\/p>\n<p><strong>Pour les paiements via C&#8217;Jeune, merci de s\u00e9lectionner &#8220;check payment&#8221;<\/strong> et de pr\u00e9ciser la somme \u00e0 pr\u00e9lever dans le formulaire, ainsi que le num\u00e9ro de la carte. La diff\u00e9rence sera \u00e0 r\u00e9gler par ch\u00e8que \u00e0 l&#8217;ordre de WSE-Cambridge Provence.<\/p>\n<p><strong>Si vous \u00eates \u00e9ligibles pour la r\u00e9duction de 10% (seconde inscription de la m\u00eame famille dans l&#8217;ann\u00e9e scolaire), merci de nous contacter directement via le formulaire de contact AVANT le paiement.<\/strong><\/p>\n","protected":false},"excerpt":{"rendered":"<p>Session B2 First de f\u00e9vrier 2026 \u00e0 Marseille en version digitale, d\u00e9tails ci-dessous.<\/p>\n","protected":false},"featured_media":910,"template":"","meta":{"_bbp_topic_count":0,"_bbp_reply_count":0,"_bbp_total_topic_count":0,"_bbp_total_reply_count":0,"_bbp_voice_count":0,"_bbp_anonymous_reply_count":0,"_bbp_topic_count_hidden":0,"_bbp_reply_count_hidden":0,"_bbp_forum_subforum_count":0,"om_disable_all_campaigns":false,"_monsterinsights_skip_tracking":false,"_monsterinsights_sitenote_active":false,"_monsterinsights_sitenote_note":"","_monsterinsights_sitenote_category":0,"jetpack_post_was_ever_published":false,"jetpack_publicize_message":"","jetpack_publicize_feature_enabled":true,"jetpack_social_post_already_shared":true,"jetpack_social_options":{"image_generator_settings":{"template":"highway","default_image_id":0,"font":"","enabled":false},"version":2}},"product_brand":[],"product_cat":[55,67],"product_tag":[],"class_list":{"0":"post-11755","1":"product","2":"type-product","3":"status-publish","4":"has-post-thumbnail","6":"product_cat-b2-first","7":"product_cat-exams","9":"first","10":"outofstock","11":"downloadable","12":"shipping-taxable","13":"purchasable","14":"product-type-simple"},"aioseo_notices":[],"jetpack_publicize_connections":[],"jetpack_sharing_enabled":true,"jetpack-related-posts":[],"_links":{"self":[{"href":"https:\/\/toplearningexams.fr\/index.php\/wp-json\/wp\/v2\/product\/11755","targetHints":{"allow":["GET"]}}],"collection":[{"href":"https:\/\/toplearningexams.fr\/index.php\/wp-json\/wp\/v2\/product"}],"about":[{"href":"https:\/\/toplearningexams.fr\/index.php\/wp-json\/wp\/v2\/types\/product"}],"wp:featuredmedia":[{"embeddable":true,"href":"https:\/\/toplearningexams.fr\/index.php\/wp-json\/wp\/v2\/media\/910"}],"wp:attachment":[{"href":"https:\/\/toplearningexams.fr\/index.php\/wp-json\/wp\/v2\/media?parent=11755"}],"wp:term":[{"taxonomy":"product_brand","embeddable":true,"href":"https:\/\/toplearningexams.fr\/index.php\/wp-json\/wp\/v2\/product_brand?post=11755"},{"taxonomy":"product_cat","embeddable":true,"href":"https:\/\/toplearningexams.fr\/index.php\/wp-json\/wp\/v2\/product_cat?post=11755"},{"taxonomy":"product_tag","embeddable":true,"href":"https:\/\/toplearningexams.fr\/index.php\/wp-json\/wp\/v2\/product_tag?post=11755"}],"curies":[{"name":"wp","href":"https:\/\/api.w.org\/{rel}","templated":true}]}}