{"id":1286,"date":"2020-03-06T23:12:57","date_gmt":"2020-03-06T22:12:57","guid":{"rendered":"https:\/\/toplearningexams.fr\/?post_type=product&#038;p=1286"},"modified":"2024-07-11T15:40:07","modified_gmt":"2024-07-11T13:40:07","slug":"pre-a1-starters","status":"publish","type":"product","link":"https:\/\/toplearningexams.fr\/index.php\/product\/pre-a1-starters\/","title":{"rendered":"Pre-A1 Starters Luynes"},"content":{"rendered":"<p>Session du 29 mai 2024 \u00e0 Luynes (\u00e9cole CIPEC).<\/p>\n<p>Ecrits et oral le m\u00eame jour, l&#8217;apr\u00e8s-midi uniquement.<\/p>\n<p><strong>Date limite d&#8217;inscription pour dossier classique : 5 avril 2024 (pour demande de tiers-temps, envoyer le dossier complet avec certificat m\u00e9dical avant le <\/strong><strong>15 mars 2024).<\/strong><\/p>\n<p><strong>L&#8217;inscription est valid\u00e9e une fois le paiement encaiss\u00e9.<br \/>\n<\/strong><\/p>\n<p>Toute inscription est d\u00e9finitive et non-remboursable sauf \u00e9v\u00e9nement exceptionnel (maladie, deuil) etc. Dans ce cas, le justificatif doit \u00eatre envoy\u00e9 dans les deux jours suivant l&#8217;examen pour obtenir un remboursement de Cambridge English. Cela donne droit \u00e0 un avoir sur une prochaine session.<\/p>\n","protected":false},"excerpt":{"rendered":"<p>Session du 29 mai 2024 \u00e0 Luynes (\u00e9cole CIPEC). D\u00e9tails ci-dessous.<\/p>\n","protected":false},"featured_media":1288,"template":"","meta":{"om_disable_all_campaigns":false,"_monsterinsights_skip_tracking":false,"_monsterinsights_sitenote_active":false,"_monsterinsights_sitenote_note":"","_monsterinsights_sitenote_category":0,"jetpack_post_was_ever_published":false,"jetpack_publicize_message":"","jetpack_publicize_feature_enabled":true,"jetpack_social_post_already_shared":true,"jetpack_social_options":{"image_generator_settings":{"template":"highway","default_image_id":0,"font":"","enabled":false},"version":2}},"product_brand":[],"product_cat":[61],"product_tag":[],"class_list":{"0":"post-1286","1":"product","2":"type-product","3":"status-publish","4":"has-post-thumbnail","6":"product_cat-young-learners","8":"first","9":"outofstock","10":"downloadable","11":"shipping-taxable","12":"purchasable","13":"product-type-simple"},"aioseo_notices":[],"jetpack_publicize_connections":[],"jetpack_sharing_enabled":true,"jetpack-related-posts":[],"_links":{"self":[{"href":"https:\/\/toplearningexams.fr\/index.php\/wp-json\/wp\/v2\/product\/1286","targetHints":{"allow":["GET"]}}],"collection":[{"href":"https:\/\/toplearningexams.fr\/index.php\/wp-json\/wp\/v2\/product"}],"about":[{"href":"https:\/\/toplearningexams.fr\/index.php\/wp-json\/wp\/v2\/types\/product"}],"wp:featuredmedia":[{"embeddable":true,"href":"https:\/\/toplearningexams.fr\/index.php\/wp-json\/wp\/v2\/media\/1288"}],"wp:attachment":[{"href":"https:\/\/toplearningexams.fr\/index.php\/wp-json\/wp\/v2\/media?parent=1286"}],"wp:term":[{"taxonomy":"product_brand","embeddable":true,"href":"https:\/\/toplearningexams.fr\/index.php\/wp-json\/wp\/v2\/product_brand?post=1286"},{"taxonomy":"product_cat","embeddable":true,"href":"https:\/\/toplearningexams.fr\/index.php\/wp-json\/wp\/v2\/product_cat?post=1286"},{"taxonomy":"product_tag","embeddable":true,"href":"https:\/\/toplearningexams.fr\/index.php\/wp-json\/wp\/v2\/product_tag?post=1286"}],"curies":[{"name":"wp","href":"https:\/\/api.w.org\/{rel}","templated":true}]}}