{"id":1297,"date":"2020-03-06T23:26:21","date_gmt":"2020-03-06T22:26:21","guid":{"rendered":"https:\/\/toplearningexams.fr\/?post_type=product&#038;p=1297"},"modified":"2024-07-11T15:38:57","modified_gmt":"2024-07-11T13:38:57","slug":"a2-flyers-salon-de-provence-collegien-de-provence","status":"publish","type":"product","link":"https:\/\/toplearningexams.fr\/index.php\/product\/a2-flyers-salon-de-provence-collegien-de-provence\/","title":{"rendered":"A2 Flyers Salon-de-Provence Coll\u00e9gien de Provence"},"content":{"rendered":"<p>Session du 29 juin 2024 \u00e0 Salon-de-Provence.<\/p>\n<p>Ecrits et oral le m\u00eame jour.<\/p>\n<p><strong>Date limite d&#8217;inscription pour dossier classique : 6 mai 2024 (pour demande de tiers-temps, envoyer le dossier complet avec certificat m\u00e9dical avant le 20 avril 2024).<\/strong><\/p>\n<p><strong>L&#8217;inscription est valid\u00e9e une fois le paiement encaiss\u00e9. Le tarif indiqu\u00e9 couvre l&#8217;inscription et l&#8217;adh\u00e9sion \u00e0 l&#8217;association Cambridge \u00e0 Salon-de-Provence.<br \/>\n<\/strong><\/p>\n<p><strong>Merci de choisir l&#8217;option &#8220;paiement par ch\u00e8que&#8221; et de pr\u00e9ciser dans le champ ad\u00e9quat la somme que vous souhaitez voir pr\u00e9lever sur la carte Coll\u00e9gien de Provence, ainsi que le code de la carte (copie de la carte). La portion pay\u00e9e par Coll\u00e9gien de Provence est totalement non-remboursable.<br \/>\n<\/strong><\/p>\n<p>Toute inscription est d\u00e9finitive et non-remboursable sauf \u00e9v\u00e9nement exceptionnel (maladie, deuil) etc. Dans ce cas, le justificatif doit \u00eatre envoy\u00e9 dans les deux jours suivant l&#8217;examen pour obtenir un remboursement de Cambridge English. Cela donne droit \u00e0 un avoir sur une prochaine session.<\/p>\n","protected":false},"excerpt":{"rendered":"<p>Session de A2 Flyers du 29 juin 2024 \u00e0 Salon-de-Provence (d\u00e9tails ci-dessous).<\/p>\n<p>&nbsp;<\/p>\n","protected":false},"featured_media":1292,"template":"","meta":{"_bbp_topic_count":0,"_bbp_reply_count":0,"_bbp_total_topic_count":0,"_bbp_total_reply_count":0,"_bbp_voice_count":0,"_bbp_anonymous_reply_count":0,"_bbp_topic_count_hidden":0,"_bbp_reply_count_hidden":0,"_bbp_forum_subforum_count":0,"om_disable_all_campaigns":false,"_monsterinsights_skip_tracking":false,"_monsterinsights_sitenote_active":false,"_monsterinsights_sitenote_note":"","_monsterinsights_sitenote_category":0,"jetpack_post_was_ever_published":false,"jetpack_publicize_message":"","jetpack_publicize_feature_enabled":true,"jetpack_social_post_already_shared":true,"jetpack_social_options":{"image_generator_settings":{"template":"highway","default_image_id":0,"font":"","enabled":false},"version":2}},"product_brand":[],"product_cat":[61],"product_tag":[],"class_list":{"0":"post-1297","1":"product","2":"type-product","3":"status-publish","4":"has-post-thumbnail","6":"product_cat-young-learners","8":"first","9":"outofstock","10":"downloadable","11":"shipping-taxable","12":"purchasable","13":"product-type-simple"},"aioseo_notices":[],"jetpack_publicize_connections":[],"jetpack_sharing_enabled":true,"jetpack-related-posts":[],"_links":{"self":[{"href":"https:\/\/toplearningexams.fr\/index.php\/wp-json\/wp\/v2\/product\/1297","targetHints":{"allow":["GET"]}}],"collection":[{"href":"https:\/\/toplearningexams.fr\/index.php\/wp-json\/wp\/v2\/product"}],"about":[{"href":"https:\/\/toplearningexams.fr\/index.php\/wp-json\/wp\/v2\/types\/product"}],"wp:featuredmedia":[{"embeddable":true,"href":"https:\/\/toplearningexams.fr\/index.php\/wp-json\/wp\/v2\/media\/1292"}],"wp:attachment":[{"href":"https:\/\/toplearningexams.fr\/index.php\/wp-json\/wp\/v2\/media?parent=1297"}],"wp:term":[{"taxonomy":"product_brand","embeddable":true,"href":"https:\/\/toplearningexams.fr\/index.php\/wp-json\/wp\/v2\/product_brand?post=1297"},{"taxonomy":"product_cat","embeddable":true,"href":"https:\/\/toplearningexams.fr\/index.php\/wp-json\/wp\/v2\/product_cat?post=1297"},{"taxonomy":"product_tag","embeddable":true,"href":"https:\/\/toplearningexams.fr\/index.php\/wp-json\/wp\/v2\/product_tag?post=1297"}],"curies":[{"name":"wp","href":"https:\/\/api.w.org\/{rel}","templated":true}]}}