{"id":1301,"date":"2020-03-06T23:31:21","date_gmt":"2020-03-06T22:31:21","guid":{"rendered":"https:\/\/toplearningexams.fr\/?post_type=product&#038;p=1301"},"modified":"2024-07-11T15:38:13","modified_gmt":"2024-07-11T13:38:13","slug":"a1-movers-luynes-collegien-de-provence","status":"publish","type":"product","link":"https:\/\/toplearningexams.fr\/index.php\/product\/a1-movers-luynes-collegien-de-provence\/","title":{"rendered":"A1 Movers Luynes Coll\u00e9gien de Provence"},"content":{"rendered":"<p>Session du 29 mai 2024 \u00e0 Luynes (Cipec).<\/p>\n<p>Ecrits et oral le m\u00eame jour (apr\u00e8s-midi).<\/p>\n<p><strong>Date limite d&#8217;inscription pour dossier classique : 5 avril 2024 (pour demande de tiers-temps, dossier complet \u00e0 envoyer avec certificat m\u00e9dical avant le 15 mars). <\/strong><\/p>\n<p><strong>L&#8217;inscription est valid\u00e9e une fois le paiement complet encaiss\u00e9. Le tarif indiqu\u00e9 couvre l&#8217;inscription \u00e0 l\u2019examen.<\/strong><\/p>\n<p><strong>Merci de choisir l&#8217;option &#8220;paiement par ch\u00e8que&#8221; pour tout r\u00e8glement via Coll\u00e9gien de Provence et de pr\u00e9ciser dans le champ appropri\u00e9 le code de la carte et la somme \u00e0 pr\u00e9lever. La portion pay\u00e9e par Coll\u00e9gien de Provence est totalement non-remboursable. Si la carte Coll\u00e9gien ne couvre pas l&#8217;ensemble du paiement, merci d&#8217;envoyer un ch\u00e8que couvrant la diff\u00e9rence \u00e0 Cambridge Provence c\/o Wall Street English, 23-25 avenue Sainte-Victoire, 13100 Aix-en-Provence (\u00e0 l&#8217;ordre de WSE-Cambridge Provence).<\/strong><\/p>\n<p>Toute inscription est d\u00e9finitive et non-remboursable sauf \u00e9v\u00e9nement exceptionnel (maladie, deuil) etc. Dans ce cas, le justificatif doit \u00eatre envoy\u00e9 dans les deux jours suivant l&#8217;examen pour obtenir un remboursement de Cambridge English. Cela donne droit \u00e0 un avoir sur une prochaine session.<\/p>\n","protected":false},"excerpt":{"rendered":"<p>Session du 29 mai 2024 \u00e0 Luynes (Cipec). D\u00e9tails ci-dessous.<\/p>\n","protected":false},"featured_media":1290,"template":"","meta":{"om_disable_all_campaigns":false,"_monsterinsights_skip_tracking":false,"_monsterinsights_sitenote_active":false,"_monsterinsights_sitenote_note":"","_monsterinsights_sitenote_category":0,"jetpack_post_was_ever_published":false,"jetpack_publicize_message":"","jetpack_publicize_feature_enabled":true,"jetpack_social_post_already_shared":true,"jetpack_social_options":{"image_generator_settings":{"template":"highway","default_image_id":0,"font":"","enabled":false},"version":2}},"product_brand":[],"product_cat":[61],"product_tag":[],"class_list":{"0":"post-1301","1":"product","2":"type-product","3":"status-publish","4":"has-post-thumbnail","6":"product_cat-young-learners","8":"first","9":"outofstock","10":"downloadable","11":"shipping-taxable","12":"purchasable","13":"product-type-simple"},"aioseo_notices":[],"jetpack_publicize_connections":[],"jetpack_sharing_enabled":true,"jetpack-related-posts":[],"_links":{"self":[{"href":"https:\/\/toplearningexams.fr\/index.php\/wp-json\/wp\/v2\/product\/1301","targetHints":{"allow":["GET"]}}],"collection":[{"href":"https:\/\/toplearningexams.fr\/index.php\/wp-json\/wp\/v2\/product"}],"about":[{"href":"https:\/\/toplearningexams.fr\/index.php\/wp-json\/wp\/v2\/types\/product"}],"wp:featuredmedia":[{"embeddable":true,"href":"https:\/\/toplearningexams.fr\/index.php\/wp-json\/wp\/v2\/media\/1290"}],"wp:attachment":[{"href":"https:\/\/toplearningexams.fr\/index.php\/wp-json\/wp\/v2\/media?parent=1301"}],"wp:term":[{"taxonomy":"product_brand","embeddable":true,"href":"https:\/\/toplearningexams.fr\/index.php\/wp-json\/wp\/v2\/product_brand?post=1301"},{"taxonomy":"product_cat","embeddable":true,"href":"https:\/\/toplearningexams.fr\/index.php\/wp-json\/wp\/v2\/product_cat?post=1301"},{"taxonomy":"product_tag","embeddable":true,"href":"https:\/\/toplearningexams.fr\/index.php\/wp-json\/wp\/v2\/product_tag?post=1301"}],"curies":[{"name":"wp","href":"https:\/\/api.w.org\/{rel}","templated":true}]}}