{"id":14631,"date":"2026-02-05T10:51:59","date_gmt":"2026-02-05T09:51:59","guid":{"rendered":"https:\/\/toplearningexams.fr\/?post_type=product&#038;p=14631"},"modified":"2026-03-10T10:54:38","modified_gmt":"2026-03-10T09:54:38","slug":"b2-first-mars-2026-late","status":"publish","type":"product","link":"https:\/\/toplearningexams.fr\/index.php\/product\/b2-first-mars-2026-late\/","title":{"rendered":"B2 First mars 2026 late step 2"},"content":{"rendered":"<p>Session du 13 mars 2026 \u00e0 Luynes (lyc\u00e9e Duby), sur papier (r\u00e9sultat connu 4 \u00e0 6 semaines apr\u00e8s l&#8217;examen).<\/p>\n<p>Journ\u00e9e enti\u00e8re, horaires \u00e0 pr\u00e9ciser une fois le nombre de candidats connu.<\/p>\n<p><strong>Date limite d&#8217;inscription pour dossier classique : 30 janvier 2026, Late Entry jusqu&#8217;au 18 f\u00e9vrier (plus de demande d&#8217;am\u00e9nagement possible).<\/strong><\/p>\n<p><strong>Il faut absolument pr\u00e9senter une pi\u00e8ce d&#8217;identit\u00e9 ORIGINALE et VALIDE le jour de l&#8217;examen, sans quoi l&#8217;acc\u00e8s \u00e0 la session sera refus\u00e9 et il n&#8217;y aura pas de remboursement.\u00a0<\/strong><\/p>\n<p><strong>L&#8217;inscription est valid\u00e9e une fois le paiement encaiss\u00e9. Pour un paiement avec C&#8217;Jeune, merci de choisir le paiement par ch\u00e8que pour valider la commande (la partie pay\u00e9e via C&#8217;Jeune est enti\u00e8rement non-remboursable). La session est organis\u00e9e sous r\u00e9serve d&#8217;un nombre minimum de candidats.<br \/>\n<\/strong><\/p>\n<p><strong>Si vous \u00eates \u00e9ligibles pour la r\u00e9duction de 10% (seconde inscription de la m\u00eame famille dans l&#8217;ann\u00e9e scolaire), merci de nous contacter directement via le formulaire de contact AVANT le paiement.<\/strong><\/p>\n<p>Toute inscription est d\u00e9finitive et non-remboursable sauf \u00e9v\u00e9nement exceptionnel (maladie, deuil) etc. Dans ce cas, le justificatif doit \u00eatre envoy\u00e9 dans les deux jours suivant l&#8217;examen pour obtenir un remboursement de Cambridge English. Cela donne droit \u00e0 un avoir sur une prochaine session.<\/p>\n","protected":false},"excerpt":{"rendered":"<p>Session de B2 First du 13 mars 2026 \u00e0 Luynes (d\u00e9tails ci-dessous), inscription tardive.<\/p>\n","protected":false},"featured_media":910,"template":"","meta":{"_bbp_topic_count":0,"_bbp_reply_count":0,"_bbp_total_topic_count":0,"_bbp_total_reply_count":0,"_bbp_voice_count":0,"_bbp_anonymous_reply_count":0,"_bbp_topic_count_hidden":0,"_bbp_reply_count_hidden":0,"_bbp_forum_subforum_count":0,"om_disable_all_campaigns":false,"_monsterinsights_skip_tracking":false,"_monsterinsights_sitenote_active":false,"_monsterinsights_sitenote_note":"","_monsterinsights_sitenote_category":0,"jetpack_post_was_ever_published":false,"jetpack_publicize_message":"","jetpack_publicize_feature_enabled":true,"jetpack_social_post_already_shared":true,"jetpack_social_options":{"image_generator_settings":{"template":"highway","default_image_id":0,"font":"","enabled":false},"version":2}},"product_brand":[],"product_cat":[55,67],"product_tag":[],"class_list":{"0":"post-14631","1":"product","2":"type-product","3":"status-publish","4":"has-post-thumbnail","6":"product_cat-b2-first","7":"product_cat-exams","9":"first","10":"outofstock","11":"downloadable","12":"shipping-taxable","13":"purchasable","14":"product-type-simple"},"aioseo_notices":[],"jetpack_publicize_connections":[],"jetpack_sharing_enabled":true,"jetpack-related-posts":[],"_links":{"self":[{"href":"https:\/\/toplearningexams.fr\/index.php\/wp-json\/wp\/v2\/product\/14631","targetHints":{"allow":["GET"]}}],"collection":[{"href":"https:\/\/toplearningexams.fr\/index.php\/wp-json\/wp\/v2\/product"}],"about":[{"href":"https:\/\/toplearningexams.fr\/index.php\/wp-json\/wp\/v2\/types\/product"}],"wp:featuredmedia":[{"embeddable":true,"href":"https:\/\/toplearningexams.fr\/index.php\/wp-json\/wp\/v2\/media\/910"}],"wp:attachment":[{"href":"https:\/\/toplearningexams.fr\/index.php\/wp-json\/wp\/v2\/media?parent=14631"}],"wp:term":[{"taxonomy":"product_brand","embeddable":true,"href":"https:\/\/toplearningexams.fr\/index.php\/wp-json\/wp\/v2\/product_brand?post=14631"},{"taxonomy":"product_cat","embeddable":true,"href":"https:\/\/toplearningexams.fr\/index.php\/wp-json\/wp\/v2\/product_cat?post=14631"},{"taxonomy":"product_tag","embeddable":true,"href":"https:\/\/toplearningexams.fr\/index.php\/wp-json\/wp\/v2\/product_tag?post=14631"}],"curies":[{"name":"wp","href":"https:\/\/api.w.org\/{rel}","templated":true}]}}