{"id":15617,"date":"2026-04-01T15:33:01","date_gmt":"2026-04-01T13:33:01","guid":{"rendered":"https:\/\/toplearningexams.fr\/?post_type=product&#038;p=15617"},"modified":"2026-04-01T15:36:05","modified_gmt":"2026-04-01T13:36:05","slug":"b1-preliminary-for-school-juillet-2026-chateauneuf","status":"publish","type":"product","link":"https:\/\/toplearningexams.fr\/index.php\/product\/b1-preliminary-for-school-juillet-2026-chateauneuf\/","title":{"rendered":"B1 Preliminary for School juillet 2026 (Ch\u00e2teauneuf)"},"content":{"rendered":"<p>Session du 4 juillet 2026 \u00e0 Ch\u00e2teauneuf-les-Martigues. Comptez la journ\u00e9e enti\u00e8re pour les \u00e9crits et l&#8217;oral.<\/p>\n<p>Version papier (r\u00e9sultats connus 4 \u00e0 6 semaines apr\u00e8s l&#8217;examen).<\/p>\n<p><strong>Date limite d&#8217;inscription pour dossier classique : 7 mai 2026 (pour demandes d&#8217;am\u00e9nagement, envoyer le dossier avec certificat m\u00e9dical explicitant la raison de la demande et les am\u00e9nagements voulus avant le 5 mai, pas de PAP ni de d\u00e9cision de la MDPH). <\/strong><\/p>\n<p><strong>Il faut absolument pr\u00e9senter une pi\u00e8ce d&#8217;identit\u00e9 ORIGINALE et VALIDE le jour de l&#8217;examen, sans quoi l&#8217;acc\u00e8s \u00e0 la session sera refus\u00e9 et il n&#8217;y aura pas de remboursement.\u00a0<\/strong><\/p>\n<p><strong>L&#8217;inscription est valid\u00e9e une fois le paiement encaiss\u00e9. Pour un paiement via C&#8217;Jeune, merci de choisir le paiement par ch\u00e8que pour finaliser la commande (la partie r\u00e9gl\u00e9e par C&#8217;Jeune est totalement non-remboursable). La session est organis\u00e9e sous r\u00e9serve d&#8217;atteindre un nombre minimum de candidats.<br \/>\n<\/strong><\/p>\n<p>Toute inscription est d\u00e9finitive et non-remboursable sauf \u00e9v\u00e9nement exceptionnel (maladie, deuil) etc. Dans ce cas, le justificatif doit \u00eatre envoy\u00e9 dans les deux jours suivant l&#8217;examen pour obtenir un remboursement de Cambridge English. Cela donne droit \u00e0 un avoir sur une prochaine session.<\/p>\n","protected":false},"excerpt":{"rendered":"<p>Session de B1 Preliminary for School Digital de juillet 2026 \u00e0 Ch\u00e2teauneuf-les-Martigues. D\u00e9tails ci-dessous.<\/p>\n","protected":false},"featured_media":1196,"template":"","meta":{"_bbp_topic_count":0,"_bbp_reply_count":0,"_bbp_total_topic_count":0,"_bbp_total_reply_count":0,"_bbp_voice_count":0,"_bbp_anonymous_reply_count":0,"_bbp_topic_count_hidden":0,"_bbp_reply_count_hidden":0,"_bbp_forum_subforum_count":0,"om_disable_all_campaigns":false,"_monsterinsights_skip_tracking":false,"_monsterinsights_sitenote_active":false,"_monsterinsights_sitenote_note":"","_monsterinsights_sitenote_category":0,"jetpack_post_was_ever_published":false,"jetpack_publicize_message":"","jetpack_publicize_feature_enabled":true,"jetpack_social_post_already_shared":true,"jetpack_social_options":{"image_generator_settings":{"template":"highway","default_image_id":0,"font":"","enabled":false},"version":2}},"product_brand":[],"product_cat":[60,67],"product_tag":[],"class_list":{"0":"post-15617","1":"product","2":"type-product","3":"status-publish","4":"has-post-thumbnail","6":"product_cat-b1-preliminary","7":"product_cat-exams","9":"first","10":"instock","11":"downloadable","12":"shipping-taxable","13":"purchasable","14":"product-type-simple"},"aioseo_notices":[],"jetpack_publicize_connections":[],"jetpack_sharing_enabled":true,"jetpack-related-posts":[],"_links":{"self":[{"href":"https:\/\/toplearningexams.fr\/index.php\/wp-json\/wp\/v2\/product\/15617","targetHints":{"allow":["GET"]}}],"collection":[{"href":"https:\/\/toplearningexams.fr\/index.php\/wp-json\/wp\/v2\/product"}],"about":[{"href":"https:\/\/toplearningexams.fr\/index.php\/wp-json\/wp\/v2\/types\/product"}],"wp:featuredmedia":[{"embeddable":true,"href":"https:\/\/toplearningexams.fr\/index.php\/wp-json\/wp\/v2\/media\/1196"}],"wp:attachment":[{"href":"https:\/\/toplearningexams.fr\/index.php\/wp-json\/wp\/v2\/media?parent=15617"}],"wp:term":[{"taxonomy":"product_brand","embeddable":true,"href":"https:\/\/toplearningexams.fr\/index.php\/wp-json\/wp\/v2\/product_brand?post=15617"},{"taxonomy":"product_cat","embeddable":true,"href":"https:\/\/toplearningexams.fr\/index.php\/wp-json\/wp\/v2\/product_cat?post=15617"},{"taxonomy":"product_tag","embeddable":true,"href":"https:\/\/toplearningexams.fr\/index.php\/wp-json\/wp\/v2\/product_tag?post=15617"}],"curies":[{"name":"wp","href":"https:\/\/api.w.org\/{rel}","templated":true}]}}