{"id":15754,"date":"2026-04-14T16:21:37","date_gmt":"2026-04-14T14:21:37","guid":{"rendered":"https:\/\/toplearningexams.fr\/?post_type=product&#038;p=15754"},"modified":"2026-04-18T00:07:13","modified_gmt":"2026-04-17T22:07:13","slug":"a2-key-for-school-marseille-juin-2026-late1","status":"publish","type":"product","link":"https:\/\/toplearningexams.fr\/index.php\/product\/a2-key-for-school-marseille-juin-2026-late1\/","title":{"rendered":"A2 Key for School Marseille juin 2026 Late Entry step 1"},"content":{"rendered":"<p>Session du 2 juin 2026 \u00e0 Marseille (\u00e9cole EMD).<\/p>\n<p>Version papier (r\u00e9sultats connus dans 4 \u00e0 6 semaines apr\u00e8s l&#8217;examen).<\/p>\n<p><strong>Date limite d&#8217;inscription pour dossier retardataire : 21 avril 2026 (pas de demande d&#8217;am\u00e9nagements). <\/strong><\/p>\n<p><strong>Il faut absolument pr\u00e9senter une pi\u00e8ce d&#8217;identit\u00e9 ORIGINALE et VALIDE le jour de l&#8217;examen, sans quoi l&#8217;acc\u00e8s \u00e0 la session sera refus\u00e9 et il n&#8217;y aura pas de remboursement.\u00a0<\/strong><\/p>\n<p><strong>L&#8217;inscription est valid\u00e9e une fois le paiement encaiss\u00e9. La session est organis\u00e9e sous r\u00e9serve d&#8217;un nombre minimum de candidats. Pour un paiement via C&#8217;Jeune, merci de choisir le paiement par ch\u00e8que pour pouvoir valider votre commande. La partie pay\u00e9e en C&#8217;Jeune est totalement non-remboursable.<br \/>\n<\/strong><\/p>\n<p>Toute inscription est d\u00e9finitive et non-remboursable sauf \u00e9v\u00e9nement exceptionnel (maladie, deuil) etc. Dans ce cas, le justificatif doit \u00eatre envoy\u00e9 dans les deux jours suivant l&#8217;examen pour obtenir un remboursement de Cambridge English. Cela donne droit \u00e0 un avoir sur une prochaine session.<\/p>\n","protected":false},"excerpt":{"rendered":"<p>Session de A2 Key for School de juin 2026 \u00e0 Marseille (d\u00e9tails ci-dessous).<\/p>\n","protected":false},"featured_media":1198,"template":"","meta":{"om_disable_all_campaigns":false,"_monsterinsights_skip_tracking":false,"_monsterinsights_sitenote_active":false,"_monsterinsights_sitenote_note":"","_monsterinsights_sitenote_category":0,"jetpack_post_was_ever_published":false,"jetpack_publicize_message":"","jetpack_publicize_feature_enabled":true,"jetpack_social_post_already_shared":true,"jetpack_social_options":{"image_generator_settings":{"template":"highway","default_image_id":0,"font":"","enabled":false},"version":2}},"product_brand":[],"product_cat":[59,67],"product_tag":[],"class_list":{"0":"post-15754","1":"product","2":"type-product","3":"status-publish","4":"has-post-thumbnail","6":"product_cat-a2-key","7":"product_cat-exams","9":"first","10":"outofstock","11":"downloadable","12":"shipping-taxable","13":"purchasable","14":"product-type-simple"},"aioseo_notices":[],"jetpack_publicize_connections":[],"jetpack_sharing_enabled":true,"jetpack-related-posts":[],"_links":{"self":[{"href":"https:\/\/toplearningexams.fr\/index.php\/wp-json\/wp\/v2\/product\/15754","targetHints":{"allow":["GET"]}}],"collection":[{"href":"https:\/\/toplearningexams.fr\/index.php\/wp-json\/wp\/v2\/product"}],"about":[{"href":"https:\/\/toplearningexams.fr\/index.php\/wp-json\/wp\/v2\/types\/product"}],"wp:featuredmedia":[{"embeddable":true,"href":"https:\/\/toplearningexams.fr\/index.php\/wp-json\/wp\/v2\/media\/1198"}],"wp:attachment":[{"href":"https:\/\/toplearningexams.fr\/index.php\/wp-json\/wp\/v2\/media?parent=15754"}],"wp:term":[{"taxonomy":"product_brand","embeddable":true,"href":"https:\/\/toplearningexams.fr\/index.php\/wp-json\/wp\/v2\/product_brand?post=15754"},{"taxonomy":"product_cat","embeddable":true,"href":"https:\/\/toplearningexams.fr\/index.php\/wp-json\/wp\/v2\/product_cat?post=15754"},{"taxonomy":"product_tag","embeddable":true,"href":"https:\/\/toplearningexams.fr\/index.php\/wp-json\/wp\/v2\/product_tag?post=15754"}],"curies":[{"name":"wp","href":"https:\/\/api.w.org\/{rel}","templated":true}]}}