{"id":2533,"date":"2021-07-21T17:44:45","date_gmt":"2021-07-21T15:44:45","guid":{"rendered":"https:\/\/toplearningexams.fr\/?post_type=product&#038;p=2533"},"modified":"2024-07-11T15:29:20","modified_gmt":"2024-07-11T13:29:20","slug":"a2-key-for-school-mai-marseille","status":"publish","type":"product","link":"https:\/\/toplearningexams.fr\/index.php\/product\/a2-key-for-school-mai-marseille\/","title":{"rendered":"A2 Key for School mai 2024 (Marseille)"},"content":{"rendered":"<p>Session du 30 mai 2024 \u00e0 Marseille (oral le m\u00eame jour, \u00e0 l&#8217;\u00e9cole EMD a priori), adresse communiqu\u00e9e dans la convocation.<\/p>\n<p>Version papier.<\/p>\n<p><strong>Date limite d&#8217;inscription pour dossier classique : 5 avril 2024 (pour demande d&#8217;am\u00e9nagement, envoyer le dossier avec certificat m\u00e9dical avant la mi-mars). <\/strong><\/p>\n<p><strong>Il faut absolument pr\u00e9senter une pi\u00e8ce d&#8217;identit\u00e9 ORIGINALE et VALIDE le jour de l&#8217;examen, sans quoi l&#8217;acc\u00e8s \u00e0 la session sera refus\u00e9 et il n&#8217;y aura pas de remboursement.\u00a0<\/strong><\/p>\n<p><strong>L&#8217;inscription est valid\u00e9e une fois le paiement encaiss\u00e9. La session est organis\u00e9e sous r\u00e9serve d&#8217;un nombre minimum de candidats.<br \/>\n<\/strong><\/p>\n<p>Toute inscription est d\u00e9finitive et non-remboursable sauf \u00e9v\u00e9nement exceptionnel (maladie, deuil) etc. Dans ce cas, le justificatif doit \u00eatre envoy\u00e9 dans les deux jours suivant l&#8217;examen pour obtenir un remboursement de Cambridge English. Cela donne droit \u00e0 un avoir sur une prochaine session.<\/p>\n","protected":false},"excerpt":{"rendered":"<p>Session de A2 Key for School de mai 2024 \u00e0 Marseille (d\u00e9tails ci-dessous).<\/p>\n","protected":false},"featured_media":1198,"template":"","meta":{"_bbp_topic_count":0,"_bbp_reply_count":0,"_bbp_total_topic_count":0,"_bbp_total_reply_count":0,"_bbp_voice_count":0,"_bbp_anonymous_reply_count":0,"_bbp_topic_count_hidden":0,"_bbp_reply_count_hidden":0,"_bbp_forum_subforum_count":0,"om_disable_all_campaigns":false,"_monsterinsights_skip_tracking":false,"_monsterinsights_sitenote_active":false,"_monsterinsights_sitenote_note":"","_monsterinsights_sitenote_category":0,"jetpack_post_was_ever_published":false,"jetpack_publicize_message":"","jetpack_publicize_feature_enabled":true,"jetpack_social_post_already_shared":true,"jetpack_social_options":{"image_generator_settings":{"template":"highway","default_image_id":0,"font":"","enabled":false},"version":2}},"product_brand":[],"product_cat":[59],"product_tag":[],"class_list":{"0":"post-2533","1":"product","2":"type-product","3":"status-publish","4":"has-post-thumbnail","6":"product_cat-a2-key","8":"first","9":"outofstock","10":"downloadable","11":"shipping-taxable","12":"purchasable","13":"product-type-simple"},"aioseo_notices":[],"jetpack_publicize_connections":[],"jetpack_sharing_enabled":true,"jetpack-related-posts":[],"_links":{"self":[{"href":"https:\/\/toplearningexams.fr\/index.php\/wp-json\/wp\/v2\/product\/2533","targetHints":{"allow":["GET"]}}],"collection":[{"href":"https:\/\/toplearningexams.fr\/index.php\/wp-json\/wp\/v2\/product"}],"about":[{"href":"https:\/\/toplearningexams.fr\/index.php\/wp-json\/wp\/v2\/types\/product"}],"wp:featuredmedia":[{"embeddable":true,"href":"https:\/\/toplearningexams.fr\/index.php\/wp-json\/wp\/v2\/media\/1198"}],"wp:attachment":[{"href":"https:\/\/toplearningexams.fr\/index.php\/wp-json\/wp\/v2\/media?parent=2533"}],"wp:term":[{"taxonomy":"product_brand","embeddable":true,"href":"https:\/\/toplearningexams.fr\/index.php\/wp-json\/wp\/v2\/product_brand?post=2533"},{"taxonomy":"product_cat","embeddable":true,"href":"https:\/\/toplearningexams.fr\/index.php\/wp-json\/wp\/v2\/product_cat?post=2533"},{"taxonomy":"product_tag","embeddable":true,"href":"https:\/\/toplearningexams.fr\/index.php\/wp-json\/wp\/v2\/product_tag?post=2533"}],"curies":[{"name":"wp","href":"https:\/\/api.w.org\/{rel}","templated":true}]}}