{"id":7137,"date":"2024-07-11T15:46:21","date_gmt":"2024-07-11T13:46:21","guid":{"rendered":"https:\/\/toplearningexams.fr\/?post_type=product&#038;p=7137"},"modified":"2024-10-18T17:07:01","modified_gmt":"2024-10-18T15:07:01","slug":"a1-movers-aix","status":"publish","type":"product","link":"https:\/\/toplearningexams.fr\/index.php\/product\/a1-movers-aix\/","title":{"rendered":"A1 Movers Aix-en-Provence"},"content":{"rendered":"<p>Session du12 octobre 2024 \u00e0 Aix-en-Provence (Wall Street English).<\/p>\n<p>Ecrits et oral le m\u00eame jour, horaires pr\u00e9cis\u00e9s dans la convocation.<\/p>\n<p><strong>Date limite d&#8217;inscription pour dossier classique : 29 ao\u00fbt 2024 (pour demande de tiers-temps, envoyer le dossier complet avec certificat m\u00e9dical avant le <\/strong><strong>20 ao\u00fbt 2024).<\/strong><\/p>\n<p><strong>L&#8217;inscription est valid\u00e9e une fois le paiement encaiss\u00e9. Pour paiement via carte C&#8217;Jeune (ancien Coll\u00e9gien de Provence), choisissez le paiement par ch\u00e8que pour pouvoir finaliser la commande. La part pay\u00e9e en C&#8217;Jeune est totalement non-remboursable.<br \/>\n<\/strong><\/p>\n<p>Toute inscription est d\u00e9finitive et non-remboursable sauf \u00e9v\u00e9nement exceptionnel (maladie, deuil) etc. Dans ce cas, le justificatif doit \u00eatre envoy\u00e9 dans les deux jours suivant l&#8217;examen pour obtenir un remboursement de Cambridge English. Cela donne droit \u00e0 un avoir sur une prochaine session.<\/p>\n","protected":false},"excerpt":{"rendered":"<p>Session du 12 octobre 2024 \u00e0 Aix-en-Provence.<\/p>\n<p><strong>D\u00e9tails ci-dessous.<br \/>\n<\/strong><\/p>\n","protected":false},"featured_media":1290,"template":"","meta":{"_bbp_topic_count":0,"_bbp_reply_count":0,"_bbp_total_topic_count":0,"_bbp_total_reply_count":0,"_bbp_voice_count":0,"_bbp_anonymous_reply_count":0,"_bbp_topic_count_hidden":0,"_bbp_reply_count_hidden":0,"_bbp_forum_subforum_count":0,"om_disable_all_campaigns":false,"_monsterinsights_skip_tracking":false,"_monsterinsights_sitenote_active":false,"_monsterinsights_sitenote_note":"","_monsterinsights_sitenote_category":0,"jetpack_post_was_ever_published":false,"jetpack_publicize_message":"","jetpack_publicize_feature_enabled":true,"jetpack_social_post_already_shared":true,"jetpack_social_options":{"image_generator_settings":{"template":"highway","default_image_id":0,"font":"","enabled":false},"version":2}},"product_brand":[],"product_cat":[61],"product_tag":[],"class_list":{"0":"post-7137","1":"product","2":"type-product","3":"status-publish","4":"has-post-thumbnail","6":"product_cat-young-learners","8":"first","9":"outofstock","10":"downloadable","11":"shipping-taxable","12":"purchasable","13":"product-type-simple"},"aioseo_notices":[],"jetpack_publicize_connections":[],"jetpack_sharing_enabled":true,"jetpack-related-posts":[],"_links":{"self":[{"href":"https:\/\/toplearningexams.fr\/index.php\/wp-json\/wp\/v2\/product\/7137","targetHints":{"allow":["GET"]}}],"collection":[{"href":"https:\/\/toplearningexams.fr\/index.php\/wp-json\/wp\/v2\/product"}],"about":[{"href":"https:\/\/toplearningexams.fr\/index.php\/wp-json\/wp\/v2\/types\/product"}],"wp:featuredmedia":[{"embeddable":true,"href":"https:\/\/toplearningexams.fr\/index.php\/wp-json\/wp\/v2\/media\/1290"}],"wp:attachment":[{"href":"https:\/\/toplearningexams.fr\/index.php\/wp-json\/wp\/v2\/media?parent=7137"}],"wp:term":[{"taxonomy":"product_brand","embeddable":true,"href":"https:\/\/toplearningexams.fr\/index.php\/wp-json\/wp\/v2\/product_brand?post=7137"},{"taxonomy":"product_cat","embeddable":true,"href":"https:\/\/toplearningexams.fr\/index.php\/wp-json\/wp\/v2\/product_cat?post=7137"},{"taxonomy":"product_tag","embeddable":true,"href":"https:\/\/toplearningexams.fr\/index.php\/wp-json\/wp\/v2\/product_tag?post=7137"}],"curies":[{"name":"wp","href":"https:\/\/api.w.org\/{rel}","templated":true}]}}