{"id":7144,"date":"2024-07-11T17:40:20","date_gmt":"2024-07-11T15:40:20","guid":{"rendered":"https:\/\/toplearningexams.fr\/?post_type=product&#038;p=7144"},"modified":"2026-04-01T13:22:41","modified_gmt":"2026-04-01T11:22:41","slug":"a1-movers-luynes","status":"publish","type":"product","link":"https:\/\/toplearningexams.fr\/index.php\/product\/a1-movers-luynes\/","title":{"rendered":"A1 Movers Luynes"},"content":{"rendered":"<p>Session du 27 mai 2026 \u00e0 Luynes (\u00e9cole Cipec).<\/p>\n<p>Ecrits et oral le m\u00eame jour, dans l&#8217;apr\u00e8s-midi, horaires pr\u00e9cis\u00e9s dans la convocation.<\/p>\n<p><strong>Date limite d&#8217;inscription pour dossier classique : 27 mars 2026 (pour demande de tiers-temps, envoyer le dossier complet avec certificat m\u00e9dical avant le 6<\/strong><strong>\u00a0mars).<\/strong><\/p>\n<p><strong>L&#8217;inscription est valid\u00e9e une fois le paiement encaiss\u00e9. Pour paiement via carte C&#8217;Jeune (ancien Coll\u00e9gien de Provence), choisissez le paiement par ch\u00e8que pour pouvoir finaliser la commande. La part pay\u00e9e en C&#8217;Jeune est totalement non-remboursable.<br \/>\n<\/strong><\/p>\n<p>Toute inscription est d\u00e9finitive et non-remboursable sauf \u00e9v\u00e9nement exceptionnel (maladie, deuil) etc. Dans ce cas, le justificatif doit \u00eatre envoy\u00e9 dans les deux jours suivant l&#8217;examen pour obtenir un remboursement de Cambridge English. Cela donne droit \u00e0 un avoir sur une prochaine session.<\/p>\n","protected":false},"excerpt":{"rendered":"<p>Session du 27 mai 2026 \u00e0 Luynes.<\/p>\n<p><strong>D\u00e9tails ci-dessous.<br \/>\n<\/strong><\/p>\n","protected":false},"featured_media":1290,"template":"","meta":{"om_disable_all_campaigns":false,"_monsterinsights_skip_tracking":false,"_monsterinsights_sitenote_active":false,"_monsterinsights_sitenote_note":"","_monsterinsights_sitenote_category":0,"jetpack_post_was_ever_published":false,"jetpack_publicize_message":"","jetpack_publicize_feature_enabled":true,"jetpack_social_post_already_shared":true,"jetpack_social_options":{"image_generator_settings":{"template":"highway","default_image_id":0,"font":"","enabled":false},"version":2}},"product_brand":[],"product_cat":[67,61],"product_tag":[],"class_list":{"0":"post-7144","1":"product","2":"type-product","3":"status-publish","4":"has-post-thumbnail","6":"product_cat-exams","7":"product_cat-young-learners","9":"first","10":"outofstock","11":"downloadable","12":"shipping-taxable","13":"purchasable","14":"product-type-simple"},"aioseo_notices":[],"jetpack_publicize_connections":[],"jetpack_sharing_enabled":true,"jetpack-related-posts":[],"_links":{"self":[{"href":"https:\/\/toplearningexams.fr\/index.php\/wp-json\/wp\/v2\/product\/7144","targetHints":{"allow":["GET"]}}],"collection":[{"href":"https:\/\/toplearningexams.fr\/index.php\/wp-json\/wp\/v2\/product"}],"about":[{"href":"https:\/\/toplearningexams.fr\/index.php\/wp-json\/wp\/v2\/types\/product"}],"wp:featuredmedia":[{"embeddable":true,"href":"https:\/\/toplearningexams.fr\/index.php\/wp-json\/wp\/v2\/media\/1290"}],"wp:attachment":[{"href":"https:\/\/toplearningexams.fr\/index.php\/wp-json\/wp\/v2\/media?parent=7144"}],"wp:term":[{"taxonomy":"product_brand","embeddable":true,"href":"https:\/\/toplearningexams.fr\/index.php\/wp-json\/wp\/v2\/product_brand?post=7144"},{"taxonomy":"product_cat","embeddable":true,"href":"https:\/\/toplearningexams.fr\/index.php\/wp-json\/wp\/v2\/product_cat?post=7144"},{"taxonomy":"product_tag","embeddable":true,"href":"https:\/\/toplearningexams.fr\/index.php\/wp-json\/wp\/v2\/product_tag?post=7144"}],"curies":[{"name":"wp","href":"https:\/\/api.w.org\/{rel}","templated":true}]}}