{"id":8136,"date":"2024-11-21T11:50:37","date_gmt":"2024-11-21T10:50:37","guid":{"rendered":"https:\/\/toplearningexams.fr\/?post_type=product&#038;p=8136"},"modified":"2025-07-09T11:58:30","modified_gmt":"2025-07-09T09:58:30","slug":"c1-advanced-digital-mars-2025","status":"publish","type":"product","link":"https:\/\/toplearningexams.fr\/index.php\/product\/c1-advanced-digital-mars-2025\/","title":{"rendered":"C1 Advanced Digital mars 2025"},"content":{"rendered":"<p>Session du 27 mars 2025 \u00e0 Marseille (Kangourou Provence) ou Aix-en-Provence (Wall Street English) selon nombre de candidats au 28 f\u00e9vrier, sur ordinateur (r\u00e9sultat connu 5 \u00e0 10 jours ouvrables apr\u00e8s l&#8217;examen).<\/p>\n<p>Journ\u00e9e enti\u00e8re, horaires \u00e0 pr\u00e9ciser une fois le nombre de candidats connu.<\/p>\n<p><strong>Date limite d&#8217;inscription pour dossier classique : 28 f\u00e9vrier 2025 (pour demande d&#8217;am\u00e9nagement, envoyer le dossier complet avec certificat m\u00e9dical avant le 25 f\u00e9vrier, ATTENTION, PAS DE TEMPS ADDITIONNEL POSSIBLE POUR LA COMPREHENSION A L&#8217;AUDITION, merci de consulter la FAQ pour conna\u00eetre les possibilit\u00e9s d&#8217;am\u00e9nagement).<br \/>\n<\/strong><\/p>\n<p><strong>Il faut absolument pr\u00e9senter une pi\u00e8ce d&#8217;identit\u00e9 ORIGINALE et VALIDE le jour de l&#8217;examen, sans quoi l&#8217;acc\u00e8s \u00e0 la session sera refus\u00e9 et il n&#8217;y aura pas de remboursement.\u00a0<\/strong><\/p>\n<p><strong>La version Digitale de l&#8217;examen n&#8217;est pas accept\u00e9e \u00e0 l&#8217;heure actuelle pour les demandes de visa australien.<\/strong><\/p>\n<p><strong>L&#8217;inscription est valid\u00e9e une fois le paiement encaiss\u00e9. La session est organis\u00e9e sous r\u00e9serve d&#8217;un nombre minimum de candidats.<br \/>\n<\/strong><\/p>\n<p><strong>Si vous \u00eates \u00e9ligibles pour la r\u00e9duction de 10% (seconde inscription de la m\u00eame famille dans l&#8217;ann\u00e9e scolaire), merci de nous contacter directement via le formulaire de contact AVANT le paiement.<\/strong><\/p>\n","protected":false},"excerpt":{"rendered":"<p>Session C1 Advanced de mars 2025 \u00e0 Marseille ou Aix-en-Provence en version digitale, d\u00e9tails ci-dessous.<\/p>\n","protected":false},"featured_media":913,"template":"","meta":{"_bbp_topic_count":0,"_bbp_reply_count":0,"_bbp_total_topic_count":0,"_bbp_total_reply_count":0,"_bbp_voice_count":0,"_bbp_anonymous_reply_count":0,"_bbp_topic_count_hidden":0,"_bbp_reply_count_hidden":0,"_bbp_forum_subforum_count":0,"om_disable_all_campaigns":false,"_monsterinsights_skip_tracking":false,"_monsterinsights_sitenote_active":false,"_monsterinsights_sitenote_note":"","_monsterinsights_sitenote_category":0,"jetpack_post_was_ever_published":false,"jetpack_publicize_message":"","jetpack_publicize_feature_enabled":true,"jetpack_social_post_already_shared":true,"jetpack_social_options":{"image_generator_settings":{"template":"highway","default_image_id":0,"font":"","enabled":false},"version":2}},"product_brand":[],"product_cat":[54],"product_tag":[],"class_list":{"0":"post-8136","1":"product","2":"type-product","3":"status-publish","4":"has-post-thumbnail","6":"product_cat-c1-advanced","8":"first","9":"outofstock","10":"featured","11":"downloadable","12":"shipping-taxable","13":"purchasable","14":"product-type-simple"},"aioseo_notices":[],"jetpack_publicize_connections":[],"jetpack_sharing_enabled":true,"jetpack-related-posts":[],"_links":{"self":[{"href":"https:\/\/toplearningexams.fr\/index.php\/wp-json\/wp\/v2\/product\/8136","targetHints":{"allow":["GET"]}}],"collection":[{"href":"https:\/\/toplearningexams.fr\/index.php\/wp-json\/wp\/v2\/product"}],"about":[{"href":"https:\/\/toplearningexams.fr\/index.php\/wp-json\/wp\/v2\/types\/product"}],"wp:featuredmedia":[{"embeddable":true,"href":"https:\/\/toplearningexams.fr\/index.php\/wp-json\/wp\/v2\/media\/913"}],"wp:attachment":[{"href":"https:\/\/toplearningexams.fr\/index.php\/wp-json\/wp\/v2\/media?parent=8136"}],"wp:term":[{"taxonomy":"product_brand","embeddable":true,"href":"https:\/\/toplearningexams.fr\/index.php\/wp-json\/wp\/v2\/product_brand?post=8136"},{"taxonomy":"product_cat","embeddable":true,"href":"https:\/\/toplearningexams.fr\/index.php\/wp-json\/wp\/v2\/product_cat?post=8136"},{"taxonomy":"product_tag","embeddable":true,"href":"https:\/\/toplearningexams.fr\/index.php\/wp-json\/wp\/v2\/product_tag?post=8136"}],"curies":[{"name":"wp","href":"https:\/\/api.w.org\/{rel}","templated":true}]}}