{"id":907,"date":"2019-07-25T20:01:08","date_gmt":"2019-07-25T18:01:08","guid":{"rendered":"https:\/\/toplearningexams.fr\/?post_type=product&#038;p=907"},"modified":"2024-07-11T15:40:59","modified_gmt":"2024-07-11T13:40:59","slug":"b2-first-juin","status":"publish","type":"product","link":"https:\/\/toplearningexams.fr\/index.php\/product\/b2-first-juin\/","title":{"rendered":"B2 First juin 2024"},"content":{"rendered":"<p>Session du 4 juin 2024 \u00e0 Luynes.<\/p>\n<p>Examen sur la journ\u00e9e (\u00e9crit et oral, ordre \u00e0 pr\u00e9ciser selon le nombre d&#8217;inscrits).<\/p>\n<p><strong>Date limite d&#8217;inscription pour dossier classique : 12 avril 2024 (pour demande d&#8217;am\u00e9nagements, envoyer le dossier complet avec certificat m\u00e9dical avant le 20 mars). <\/strong><\/p>\n<p><strong>Il faut absolument pr\u00e9senter une pi\u00e8ce d&#8217;identit\u00e9 ORIGINALE et VALIDE le jour de l&#8217;examen, sans quoi l&#8217;acc\u00e8s \u00e0 la session sera refus\u00e9 et il n&#8217;y aura pas de remboursement.\u00a0<\/strong><\/p>\n<p><strong>L&#8217;inscription est valid\u00e9e une fois le paiement encaiss\u00e9.<\/strong><\/p>\n<p><strong>Si vous \u00eates \u00e9ligibles pour la r\u00e9duction de 10% (seconde inscription de la m\u00eame famille dans l&#8217;ann\u00e9e scolaire), merci de nous contacter directement via le formulaire de contact avant le paiement AVANT de proc\u00e9der \u00e0 la deuxi\u00e8me inscription.<br \/>\n<\/strong><\/p>\n<p>Toute inscription est d\u00e9finitive et non-remboursable sauf \u00e9v\u00e9nement exceptionnel (maladie, deuil) etc. Dans ce cas, le justificatif doit \u00eatre envoy\u00e9 dans les deux jours suivant l&#8217;examen pour obtenir un remboursement de Cambridge English. Cela donne droit \u00e0 un avoir sur une prochaine session.<\/p>\n","protected":false},"excerpt":{"rendered":"<p>Session du B2 First du 4 juin 2024 \u00e0 Luynes.<\/p>\n<p>&nbsp;<\/p>\n","protected":false},"featured_media":910,"template":"","meta":{"_bbp_topic_count":0,"_bbp_reply_count":0,"_bbp_total_topic_count":0,"_bbp_total_reply_count":0,"_bbp_voice_count":0,"_bbp_anonymous_reply_count":0,"_bbp_topic_count_hidden":0,"_bbp_reply_count_hidden":0,"_bbp_forum_subforum_count":0,"om_disable_all_campaigns":false,"_monsterinsights_skip_tracking":false,"_monsterinsights_sitenote_active":false,"_monsterinsights_sitenote_note":"","_monsterinsights_sitenote_category":0,"jetpack_post_was_ever_published":false,"jetpack_publicize_message":"","jetpack_publicize_feature_enabled":true,"jetpack_social_post_already_shared":true,"jetpack_social_options":{"image_generator_settings":{"template":"highway","default_image_id":0,"font":"","enabled":false},"version":2}},"product_brand":[],"product_cat":[55],"product_tag":[],"class_list":{"0":"post-907","1":"product","2":"type-product","3":"status-publish","4":"has-post-thumbnail","6":"product_cat-b2-first","8":"first","9":"outofstock","10":"downloadable","11":"shipping-taxable","12":"purchasable","13":"product-type-simple"},"aioseo_notices":[],"jetpack_publicize_connections":[],"jetpack_sharing_enabled":true,"jetpack-related-posts":[],"_links":{"self":[{"href":"https:\/\/toplearningexams.fr\/index.php\/wp-json\/wp\/v2\/product\/907","targetHints":{"allow":["GET"]}}],"collection":[{"href":"https:\/\/toplearningexams.fr\/index.php\/wp-json\/wp\/v2\/product"}],"about":[{"href":"https:\/\/toplearningexams.fr\/index.php\/wp-json\/wp\/v2\/types\/product"}],"wp:featuredmedia":[{"embeddable":true,"href":"https:\/\/toplearningexams.fr\/index.php\/wp-json\/wp\/v2\/media\/910"}],"wp:attachment":[{"href":"https:\/\/toplearningexams.fr\/index.php\/wp-json\/wp\/v2\/media?parent=907"}],"wp:term":[{"taxonomy":"product_brand","embeddable":true,"href":"https:\/\/toplearningexams.fr\/index.php\/wp-json\/wp\/v2\/product_brand?post=907"},{"taxonomy":"product_cat","embeddable":true,"href":"https:\/\/toplearningexams.fr\/index.php\/wp-json\/wp\/v2\/product_cat?post=907"},{"taxonomy":"product_tag","embeddable":true,"href":"https:\/\/toplearningexams.fr\/index.php\/wp-json\/wp\/v2\/product_tag?post=907"}],"curies":[{"name":"wp","href":"https:\/\/api.w.org\/{rel}","templated":true}]}}